{"id":9691,"date":"2026-04-29T15:53:09","date_gmt":"2026-04-29T14:53:09","guid":{"rendered":"http:\/\/www.apdestination.com\/?page_id=9691"},"modified":"2026-05-05T11:30:12","modified_gmt":"2026-05-05T10:30:12","slug":"apd04lou3-gite-avec-piscine-couverte-en-provence-calme-nature","status":"publish","type":"page","link":"https:\/\/www.apdestination.com\/fr\/apd04lou3-gite-avec-piscine-couverte-en-provence-calme-nature\/","title":{"rendered":"apd04lou3-G\u00eete avec piscine couverte en Provence \u2013 calme &amp; nature"},"content":{"rendered":"<p><\/p>\n\n\n<figure class=\"wp-block-image size-large\"><img loading=\"lazy\" decoding=\"async\" width=\"1024\" height=\"576\" src=\"http:\/\/www.apdestination.com\/wp-content\/uploads\/apd04lou3-partir-en-provence-1024x576.jpg\" alt=\"\" class=\"wp-image-9692\" srcset=\"https:\/\/www.apdestination.com\/wp-content\/uploads\/apd04lou3-partir-en-provence-1024x576.jpg 1024w, https:\/\/www.apdestination.com\/wp-content\/uploads\/apd04lou3-partir-en-provence-300x169.jpg 300w, https:\/\/www.apdestination.com\/wp-content\/uploads\/apd04lou3-partir-en-provence-768x432.jpg 768w, https:\/\/www.apdestination.com\/wp-content\/uploads\/apd04lou3-partir-en-provence-1536x864.jpg 1536w, https:\/\/www.apdestination.com\/wp-content\/uploads\/apd04lou3-partir-en-provence-2048x1152.jpg 2048w, https:\/\/www.apdestination.com\/wp-content\/uploads\/apd04lou3-partir-en-provence-624x351.jpg 624w\" sizes=\"auto, (max-width: 1024px) 100vw, 1024px\" \/><\/figure>\n\n\n<h2><img loading=\"lazy\" decoding=\"async\" class=\"alignnone wp-image-9693 size-full\" src=\"http:\/\/www.apdestination.com\/wp-content\/uploads\/apd04lou3.png\" alt=\"\" width=\"1200\" height=\"100\" srcset=\"https:\/\/www.apdestination.com\/wp-content\/uploads\/apd04lou3.png 1200w, https:\/\/www.apdestination.com\/wp-content\/uploads\/apd04lou3-300x25.png 300w, https:\/\/www.apdestination.com\/wp-content\/uploads\/apd04lou3-1024x85.png 1024w, https:\/\/www.apdestination.com\/wp-content\/uploads\/apd04lou3-768x64.png 768w, https:\/\/www.apdestination.com\/wp-content\/uploads\/apd04lou3-624x52.png 624w\" sizes=\"auto, (max-width: 1200px) 100vw, 1200px\" \/><\/h2>\n<h2><strong style=\"font-size: revert; color: initial;\" data-start=\"170\" data-end=\"255\">G\u00eete pour 6 personnes avec piscine couverte, au calme en pleine nature proven\u00e7ale<\/strong><\/h2>\n<div class=\"property-description\">\n<div class=\"prop-desc-txt\">\n<p data-start=\"170\" data-end=\"368\">Grand domaine arbor\u00e9 de 6000 m\u00b2 avec seulement 3 logements, id\u00e9al pour se ressourcer en famille ou entre amis.<\/p>\n<p data-start=\"370\" data-end=\"496\">Offrez-vous un s\u00e9jour au calme, loin de la pollution et de l\u2019agitation, dans ce charmant g\u00eete avec acc\u00e8s direct \u00e0 la campagne.<\/p>\n<p data-start=\"498\" data-end=\"738\">La maison, lumineuse et ouverte sur l\u2019ext\u00e9rieur, vous permet de profiter pleinement des couleurs et de la douceur de la Provence. Les journ\u00e9es ensoleill\u00e9es et les nuits plus fra\u00eeches rendent le climat particuli\u00e8rement agr\u00e9able, m\u00eame en \u00e9t\u00e9.<\/p>\n<p data-start=\"740\" data-end=\"867\">Pour encore plus de confort, profitez de la piscine couverte de 9 x 4 m, qui atteint r\u00e9guli\u00e8rement les 28\u00b0C d\u00e8s le mois de mai.<\/p>\n<p data-start=\"869\" data-end=\"988\"><strong data-start=\"869\" data-end=\"886\">Le logement :<\/strong><br data-start=\"886\" data-end=\"889\">Pens\u00e9 comme une maison de famille, le g\u00eete offre de beaux volumes et des \u00e9quipements de qualit\u00e9 :<\/p>\n<ul data-start=\"989\" data-end=\"1277\">\n<li data-section-id=\"5nra43\" data-start=\"989\" data-end=\"1042\">Cuisine ind\u00e9pendante avec grande table conviviale<\/li>\n<li data-section-id=\"1i6cq0t\" data-start=\"1043\" data-end=\"1138\">Salon ind\u00e9pendant pouvant servir de 3\u1d49 chambre (canap\u00e9 convertible, fauteuils, espace jeux)<\/li>\n<li data-section-id=\"pcxv4h\" data-start=\"1139\" data-end=\"1170\">Une chambre avec lit double<\/li>\n<li data-section-id=\"56h3ra\" data-start=\"1171\" data-end=\"1209\">Une chambre avec deux lits simples<\/li>\n<li data-section-id=\"10q1aiq\" data-start=\"1210\" data-end=\"1258\">Salle d\u2019eau avec grande douche et lave-linge<\/li>\n<li data-section-id=\"1c3ruqa\" data-start=\"1259\" data-end=\"1277\">WC ind\u00e9pendant<\/li>\n<\/ul>\n<p data-start=\"1279\" data-end=\"1470\">\u00c0 l\u2019ext\u00e9rieur, vous disposez d\u2019un grand espace privatif ombrag\u00e9 sous les arbres, id\u00e9al pour les repas ou les moments de d\u00e9tente. Des transats sont \u00e0 votre disposition pour profiter du soleil.<\/p>\n<p data-start=\"1472\" data-end=\"1629\">Le g\u00eete est totalement ind\u00e9pendant et situ\u00e9 sur un domaine arbor\u00e9 de 6000 m\u00b2 comprenant seulement 3 g\u00eetes, offrant \u00e0 chacun espace, tranquillit\u00e9 et intimit\u00e9.<\/p>\n<p data-start=\"1631\" data-end=\"2019\"><strong data-start=\"1631\" data-end=\"1651\">Les ext\u00e9rieurs :<\/strong><br data-start=\"1651\" data-end=\"1654\">De nombreux espaces \u00e0 partager ont \u00e9t\u00e9 am\u00e9nag\u00e9s pour profiter pleinement du lieu :<br data-start=\"1736\" data-end=\"1739\">piscine avec transats, tonnelles, coin sieste avec hamac et chiliennes sous les arbres, salons ext\u00e9rieurs \u00e0 d\u00e9placer selon vos envies, terrain de p\u00e9tanque, balan\u00e7oire et trampoline pour les enfants\u2026 ainsi que de vastes espaces pour se promener et se ressourcer en pleine campagne.<\/p>\n<p data-start=\"2021\" data-end=\"2185\"><strong data-start=\"2021\" data-end=\"2036\">La r\u00e9gion :<\/strong><br data-start=\"2036\" data-end=\"2039\">Riche en gastronomie, en patrimoine culturel et artisanal, elle est id\u00e9ale pour des vacances authentiques.<br data-start=\"2145\" data-end=\"2148\">Ne manquez pas les march\u00e9s locaux :<\/p>\n<ul data-start=\"2186\" data-end=\"2295\">\n<li data-section-id=\"1e5vtio\" data-start=\"2186\" data-end=\"2213\">Banon (mardi et samedi)<\/li>\n<li data-section-id=\"nre3z0\" data-start=\"2214\" data-end=\"2295\">Forcalquier \u00e0 20 minutes (lundi, le plus grand march\u00e9 proven\u00e7al de la r\u00e9gion)<\/li>\n<\/ul>\n<p data-start=\"2297\" data-end=\"2393\">Vous y d\u00e9couvrirez de nombreux producteurs locaux passionn\u00e9s, souvent en agriculture biologique.<\/p>\n<p data-start=\"2395\" data-end=\"2506\">Ici, pas de tourisme de masse, mais une Provence pr\u00e9serv\u00e9e, propice \u00e0 la d\u00e9tente et aux souvenirs inoubliables.<\/p>\n<h2><span style=\"color: #993366;\">&nbsp;Galerie photos<\/span><\/h2>\nngg_shortcode_0_placeholder\n<h2 class=\"title\"><span style=\"color: #993366;\">\u00c9quipements<br><\/span><\/h2>\n<div class=\"entry\">\n<div class=\"ob-section ob-section-text\">\n<div class=\"ob-text\">\n<p><strong>Gite de 70m\u00b2 \u2013 Capacit\u00e9 : 6 places. 2 Chambres. Acc\u00e8s ind\u00e9pendant, climatisation.<\/strong><\/p>\n<p>Animaux autoris\u00e9s avec information et consentement pr\u00e9alable du propri\u00e9taire.<\/p>\n<p><strong>G\u00e9n\u00e9ral : <\/strong>internet WIFI, TV, parking gratuit sur place, climatisation<\/p>\n<p><strong>Pi\u00e8ce principale:<\/strong> Canap\u00e9 3 places convertible, table basse, 2 fauteuils, T\u00e9l\u00e9vision connect\u00e9e, Netflix, Connexion internet, Climatisation,&nbsp;<\/p>\n<p><strong>Cuisine \u00e9quip\u00e9e :<\/strong> Four \u00e9lectrique, Lave-vaisselle 12 couverts, 4 feux gaz, Micro-onde, R\u00e9frig\u00e9rateur\/cong\u00e9lateur, Autocuiseur, expresso (dosettes souple), Cafeti\u00e8re et Bouilloire, Grille pain, Mixeur a soupe, r\u00e2pe \u00e0 l\u00e9gume \u00e9lectrique,&nbsp; Vaisselle courante, table et chaises pour 6 personnes<\/p>\n<p><strong>Chambre 1 : <\/strong>Lit 140cm, table, chaises, armoire<\/p>\n<p><strong>Chambre 2 <\/strong><strong>: <\/strong>2 lits de 90cm, Penderie<\/p>\n<p><strong>Sanitaires : <\/strong>Douche, Radiateur, S\u00e8che serviette, lavabo double, lave linge, rangement<\/p>\n<p><strong>WC ind\u00e9pendants&nbsp;<\/strong>:<\/p>\n<p><strong>Autres :<\/strong> \u00c9tendoir, Table et fer \u00e0 repasser, Aspirateur<\/p>\n<p><strong>Ext\u00e9rieur&nbsp;:&nbsp;&nbsp;&nbsp;&nbsp;&nbsp; <\/strong><\/p>\n<p><strong>&#8211; <em>Espace privatif<\/em><\/strong> autour de la location avec Transats, Table et chaises de jardin, Barbecue<\/p>\n<p>&#8211; <strong><em>Espace partag\u00e9<\/em><\/strong>&nbsp;: Trampoline avec filets de s\u00e9curit\u00e9, balan\u00e7oire, Piscine 9m x 4m x1.4m de profondeur s\u00e9curis\u00e9e par une alarme ou une couverture t\u00e9lescopique selon la saison. En \u00e9t\u00e9 transats suppl\u00e9mentaires au bord de la piscine, Hamacs sous les arbres, 2 tonnelles avec salon autour de la piscine. Pour profiter de la piscine ouverte.<\/p>\n<p><strong>D\u00e9tail du linge fourni :<\/strong> 2 torchons de cuisine, tapis de douche, + si lou\u00e9 lits complets avec draps housses, housse de couette, taies d\u2019oreillers<\/p>\n<p><strong>Mat\u00e9riel petite enfance :<\/strong> lit b\u00e9b\u00e9, chaise haute<\/p>\n<\/div>\n<\/div>\n<\/div>\n<h2><span style=\"color: #993366;\">Localisation<\/span><\/h2>\n<p><iframe loading=\"lazy\" style=\"border: 0;\" src=\"https:\/\/www.google.com\/maps\/embed?pb=!1m18!1m12!1m3!1d2029.4699124525373!2d5.642698618422353!3d43.998578509532585!2m3!1f0!2f0!3f0!3m2!1i1024!2i768!4f13.1!3m3!1m2!1s0x12ca497e1789a0c9%3A0xe19bb16f027c23c2!2s4692%20Rte%20de%20Manosque%2C%2004150%20Banon!5e0!3m2!1sfr!2sfr!4v1777474007261!5m2!1sfr!2sfr\" width=\"600\" height=\"450\" allowfullscreen=\"allowfullscreen\"><\/iframe><\/p>\n<h2><span style=\"color: #993366;\">Tarifs<\/span><\/h2>\n<p>Par ce que ce n\u2019est pas la quantit\u00e9 des annonces qui fait la qualit\u00e9 d\u2019une offre, APdestination c\u2019est :<\/p>\n<ul>\n<li>1 seul interlocuteur qui connait tous les dossiers<\/li>\n<li>Paiement sans frais de service obligatoires, vous ne payez que le prix de la location<\/li>\n<li>Des locations de vacances contr\u00f4l\u00e9es tous les ans<\/li>\n<li>Des propri\u00e9taires s\u00e9lectionn\u00e9s et qui vous accueillent \u00e0 votre arriv\u00e9e.<\/li>\n<li>Des locations \u00e0 moins de 2 h de voiture de nos bureaux<\/li>\n<\/ul>\n<p>La s\u00e9curit\u00e9 d\u2019un professionnel local sp\u00e9cialiste des locations de vacances en France et plus sp\u00e9cialement Provence, Luberon, Gard.<\/p>\n\n<table id=\"wp-table-reloaded-id-69-no-1\" class=\"wp-table-reloaded wp-table-reloaded-id-69\">\n<thead>\n\t<tr class=\"row-1\">\n\t\t<th colspan=\"3\" class=\"column-1 colspan-3\">P\u00e9riode tarifaires<\/th>\n\t<\/tr>\n<\/thead>\n<tbody class=\"row-hover\">\n\t<tr class=\"row-2\">\n\t\t<td class=\"column-1\">Basse<\/td><td class=\"column-2\">Octobre \u00e0 avril<\/td><td class=\"column-3\">450\u20ac\/semaine<\/td>\n\t<\/tr>\n\t<tr class=\"row-3\">\n\t\t<td class=\"column-1\"><\/td><td class=\"column-2\">mai<\/td><td class=\"column-3\">500\u20ac\/semaine<\/td>\n\t<\/tr>\n\t<tr class=\"row-4\">\n\t\t<td class=\"column-1\">Moyenne<\/td><td class=\"column-2\">juin<\/td><td class=\"column-3\">550\u20ac\/semaine<\/td>\n\t<\/tr>\n\t<tr class=\"row-5\">\n\t\t<td class=\"column-1\">Haute<\/td><td class=\"column-2\">juillet - aout<\/td><td class=\"column-3\">850\u20ac\/semaine<\/td>\n\t<\/tr>\n\t<tr class=\"row-6\">\n\t\t<td class=\"column-1\">Moyenne<\/td><td class=\"column-2\">septembre<\/td><td class=\"column-3\">550\u20ac\/semaine<\/td>\n\t<\/tr>\n\t<tr class=\"row-7\">\n\t\t<td colspan=\"3\" class=\"column-1 colspan-3\">Options<\/td>\n\t<\/tr>\n\t<tr class=\"row-8\">\n\t\t<td class=\"column-1\"><\/td><td class=\"column-2\">Optionnal final cleaning \/ Option m\u00e9nage<\/td><td class=\"column-3\">80\u20ac<\/td>\n\t<\/tr>\n\t<tr class=\"row-9\">\n\t\t<td class=\"column-1\"><\/td><td class=\"column-2\">Pack grand lit<\/td><td class=\"column-3\">13\u20ac<\/td>\n\t<\/tr>\n\t<tr class=\"row-10\">\n\t\t<td class=\"column-1\"><\/td><td class=\"column-2\">Pack petit lit<\/td><td class=\"column-3\">6.5 \u20ac <\/td>\n\t<\/tr>\n\t<tr class=\"row-11\">\n\t\t<td class=\"column-1\"><\/td><td class=\"column-2\">Deposit \/ Caution non encaiss\u00e9e <\/td><td class=\"column-3\">500\u20ac<\/td>\n\t<\/tr>\n\t<tr class=\"row-12\">\n\t\t<td colspan=\"3\" class=\"column-1 colspan-3\">Un acompte de 25% \u00e0 la r\u00e9servation \/ 25% at booking<br \/>\r\nLe solde 1 mois avant le s\u00e9jour \/ the balance 1 month before arrival<\/td>\n\t<\/tr>\n<\/tbody>\n<\/table>\n\n<h2>&nbsp;<span style=\"color: #993366;\">Disponibilit\u00e9<\/span><\/h2>\n<p><iframe loading=\"lazy\" style=\"border-width: 0;\" src=\"https:\/\/calendar.google.com\/calendar\/embed?height=600&amp;wkst=7&amp;ctz=Europe%2FParis&amp;showPrint=0&amp;showCalendars=0&amp;showTabs=0&amp;showTz=0&amp;src=YzVkZmU0OTYwODQ2NTcxYmQyNjM4OGE3MTI2ZjY4YjM5MDk4NzU3YjZhNjFmY2ViMzk1ZjE1NzZjNjhmNTU5ZkBncm91cC5jYWxlbmRhci5nb29nbGUuY29t&amp;color=%23ad1457\" width=\"600\" height=\"400\" frameborder=\"0\" scrolling=\"no\"><\/iframe><\/p>\n<h2><span style=\"color: #993366;\">D\u00e9couvrir les environs<br><\/span><\/h2>\n<div class=\"csRow\">\n<div class=\"csColumnGap\" style=\"margin: 0px; padding: 0px; float: left; width: 1.56%;\"><img decoding=\"async\" src=\"http:\/\/www.apdestination.com\/wp-content\/plugins\/advanced-wp-columns\/assets\/js\/plugins\/views\/img\/1x1-pixel.png\" alt=\"\"><\/div>\n<div class=\"csColumn\" style=\"margin: 0px; padding: 0px; float: left; width: 31.3%;\" data-csstartpoint=\"15\" data-csendpoint=\"315\" data-cswidth=\"31.3%\" data-csid=\"2a8ab8b2-54a9-d302-8099-7ea2ed33a028\">\n<p><strong>Le Colorado Proven\u00e7al<br><\/strong><\/p>\n<p>Form\u00e9s par l&rsquo;\u00e9rosion et par la main de l&rsquo;homme cette d&rsquo;ancienne carri\u00e8re d&rsquo;ocre a vue ses paysages se transform\u00e9 au fil des si\u00e8cles.<\/p>\n<p>Le site est aujourd&rsquo;hui marqu\u00e9 par une succession de sculptures et de falaises d&rsquo;ocre aux couleurs extraordinaires allant du jaune p\u00e2le au rouge vif. En partie recouvert par la foret ces sculptures min\u00e9rales se dressent vers le ciel bleu azur de Provence offrant un paysage extraordinaire .<br><a href=\"http:\/\/www.apdestination.com\/wp-content\/uploads\/Colorado-Proven\u00e7al.jpg\"><img loading=\"lazy\" decoding=\"async\" class=\"alignnone size-full wp-image-4583\" src=\"http:\/\/www.apdestination.com\/wp-content\/uploads\/Colorado-Proven\u00e7al.jpg\" alt=\"colorado-provencal\" width=\"640\" height=\"1000\" srcset=\"https:\/\/www.apdestination.com\/wp-content\/uploads\/Colorado-Proven\u00e7al.jpg 640w, https:\/\/www.apdestination.com\/wp-content\/uploads\/Colorado-Proven\u00e7al-192x300.jpg 192w, https:\/\/www.apdestination.com\/wp-content\/uploads\/Colorado-Proven\u00e7al-624x975.jpg 624w\" sizes=\"auto, (max-width: 640px) 100vw, 640px\" \/><\/a><\/p>\n<\/div>\n<div class=\"csColumnGap\" style=\"margin: 0px; padding: 0px; float: left; width: 1.56%;\"><img decoding=\"async\" src=\"http:\/\/www.apdestination.com\/wp-content\/plugins\/advanced-wp-columns\/assets\/js\/plugins\/views\/img\/1x1-pixel.png\" alt=\"\"><\/div>\n<div class=\"csColumn\" style=\"margin: 0px; padding: 0px; float: left; width: 31.3%;\" data-csstartpoint=\"330\" data-csendpoint=\"630\" data-cswidth=\"31.3%\" data-csid=\"be6f1bdc-b828-a542-875d-5855d70e9ac3\">\n<p>&nbsp;l<span style=\"color: #333333;\"><strong>es villages perch\u00e9s de haute Provence et du Lub\u00e9ron<br><\/strong><\/span><\/p>\n<p>Du plus modeste au plus majestueux les villages de ce cot\u00e9 du Lub\u00e9ron se perchent sur les hauteurs dominant la vall\u00e9e. Vous \u00eates toujours a quelques minutes d&rsquo;une de ces p\u00e9pites: Banon, Simiane la rotonde, Vach\u00e8re, Bonieux, Oppede le vieux&#8230;. Gordes le plus connu de tous avec son ch\u00e2teau et sa vieille ville admirablement conserv\u00e9es s&rsquo;illumine le soir . Chaque habitant de la r\u00e9gion a son pr\u00e9f\u00e9r\u00e9 et aura plaisir a vous le faire d\u00e9couvrir<\/p>\n<p><a href=\"http:\/\/www.apdestination.com\/wp-content\/uploads\/village-de-vachere1.jpg\"><img loading=\"lazy\" decoding=\"async\" class=\"alignnone size-full wp-image-4590\" src=\"http:\/\/www.apdestination.com\/wp-content\/uploads\/village-de-vachere1.jpg\" alt=\"village-de-vachere\" width=\"1200\" height=\"640\" srcset=\"https:\/\/www.apdestination.com\/wp-content\/uploads\/village-de-vachere1.jpg 1200w, https:\/\/www.apdestination.com\/wp-content\/uploads\/village-de-vachere1-300x160.jpg 300w, https:\/\/www.apdestination.com\/wp-content\/uploads\/village-de-vachere1-1024x546.jpg 1024w, https:\/\/www.apdestination.com\/wp-content\/uploads\/village-de-vachere1-624x332.jpg 624w\" sizes=\"auto, (max-width: 1200px) 100vw, 1200px\" \/><\/a><\/p>\n<\/div>\n<div class=\"csColumnGap\" style=\"margin: 0px; padding: 0px; float: left; width: 1.56%;\"><img decoding=\"async\" src=\"http:\/\/www.apdestination.com\/wp-content\/plugins\/advanced-wp-columns\/assets\/js\/plugins\/views\/img\/1x1-pixel.png\" alt=\"\"><\/div>\n<div class=\"csColumn\" style=\"margin: 0px; padding: 0px; float: left; width: 31.3%;\" data-csstartpoint=\"645\" data-csendpoint=\"945\" data-cswidth=\"31.3%\" data-csid=\"93e9441d-4a47-ec5e-8fd4-fcd76687b54f\">\n<p>&nbsp;<strong>Avignon<\/strong><\/p>\n<p>Le c\u0153ur historique d&rsquo;Avignon est aujourd&rsquo;hui class\u00e9 au patrimoine mondial de l&rsquo;UNESCO. Prot\u00e9g\u00e9e par ses remparts, la vieille ville a conserv\u00e9 de merveilleux t\u00e9moignages de son pass\u00e9. \u00c9difi\u00e9 au XIV<sup>e<\/sup> si\u00e8cle, le palais des Papes est une \u00e9tape incontournable de la visite. Cette forteresse, r\u00e9sidence des papes au XIV<sup>e<\/sup> si\u00e8cle, est un superbe palais gothique compos\u00e9 de deux parties, le Palais Vieux et le Palais Neuf.<\/p>\n<p><a href=\"http:\/\/www.apdestination.com\/wp-content\/uploads\/Avignon_Palais_des_Papes_depuis_Tour_Philippe_le_Bel_by_JM_Rosier.jpg\"><img loading=\"lazy\" decoding=\"async\" class=\"alignnone size-full wp-image-4483\" src=\"http:\/\/www.apdestination.com\/wp-content\/uploads\/Avignon_Palais_des_Papes_depuis_Tour_Philippe_le_Bel_by_JM_Rosier.jpg\" alt=\"avignon_palais_des_papes_depuis_tour_philippe_le_bel_by_jm_rosier\" width=\"2000\" height=\"1197\" srcset=\"https:\/\/www.apdestination.com\/wp-content\/uploads\/Avignon_Palais_des_Papes_depuis_Tour_Philippe_le_Bel_by_JM_Rosier.jpg 2000w, https:\/\/www.apdestination.com\/wp-content\/uploads\/Avignon_Palais_des_Papes_depuis_Tour_Philippe_le_Bel_by_JM_Rosier-300x179.jpg 300w, https:\/\/www.apdestination.com\/wp-content\/uploads\/Avignon_Palais_des_Papes_depuis_Tour_Philippe_le_Bel_by_JM_Rosier-1024x612.jpg 1024w, https:\/\/www.apdestination.com\/wp-content\/uploads\/Avignon_Palais_des_Papes_depuis_Tour_Philippe_le_Bel_by_JM_Rosier-624x373.jpg 624w\" sizes=\"auto, (max-width: 2000px) 100vw, 2000px\" \/><\/a><\/p>\n<\/div>\n<div class=\"csColumnGap\" style=\"margin: 0px; padding: 0px; float: left; width: 1.56%;\"><img decoding=\"async\" src=\"http:\/\/www.apdestination.com\/wp-content\/plugins\/advanced-wp-columns\/assets\/js\/plugins\/views\/img\/1x1-pixel.png\" alt=\"\"><\/div>\n<div style=\"clear: both; float: none; display: block; visibility: hidden; width: 0px; font-size: 0px; line-height: 0;\">&nbsp;<\/div>\n<\/div>\n<div class=\"csRow\">&nbsp;<\/div>\n<div class=\"csRow\">\n<div class=\"csColumnGap\" style=\"margin: 0px; padding: 0px; float: left; width: 1.56%;\"><img decoding=\"async\" src=\"http:\/\/www.apdestination.com\/wp-content\/plugins\/advanced-wp-columns\/assets\/js\/plugins\/views\/img\/1x1-pixel.png\" alt=\"\"><\/div>\n<div class=\"csColumn\" style=\"margin: 0px; padding: 0px; float: left; width: 31.3%;\" data-csstartpoint=\"645\" data-csendpoint=\"945\" data-cswidth=\"31.3%\" data-csid=\"4de58bf4-c27b-b9a2-ae34-33caf6e2fa4b\">&nbsp;<\/div>\n<div class=\"csColumnGap\" style=\"margin: 0px; padding: 0px; float: left; width: 1.56%;\"><img decoding=\"async\" src=\"http:\/\/www.apdestination.com\/wp-content\/plugins\/advanced-wp-columns\/assets\/js\/plugins\/views\/img\/1x1-pixel.png\" alt=\"\"><\/div>\n<\/div>\n<div class=\"csRow\">\n<div class=\"csColumnGap\" style=\"margin: 0px; padding: 0px; float: left; width: 1.56%;\"><img decoding=\"async\" src=\"http:\/\/www.apdestination.com\/wp-content\/plugins\/advanced-wp-columns\/assets\/js\/plugins\/views\/img\/1x1-pixel.png\" alt=\"\"><\/div>\n<div class=\"csColumn\" style=\"margin: 0px; padding: 0px; float: left; width: 31.3%; text-align: justify;\" data-csstartpoint=\"15\" data-csendpoint=\"315\" data-cswidth=\"31.3%\" data-csid=\"73c52862-1d0a-3124-90a8-a09925653ba6\">\n<p><strong>L&rsquo;abbaye de Valsainte<br><\/strong><\/p>\n<p>La visite du jardin de l&rsquo;abbaye de Valsaintes est une invitation \u00e0 l&rsquo;\u00e9merveillement, la fl\u00e2nerie, la d\u00e9tente et la s\u00e9r\u00e9nit\u00e9 alli\u00e9e au plaisir de la d\u00e9couverte d&rsquo;un espace naturel, historique et spirituel exceptionnel.<\/p>\n<p>Au rythme des restanques, vous pourrez d\u00e9ambuler parmi des espaces floraux riches de 550 vari\u00e9t\u00e9s de roses associ\u00e9es \u00e0 une flore spontan\u00e9e ou introduite.<\/p>\n<p><a href=\"http:\/\/www.apdestination.com\/wp-content\/uploads\/apdestination-abbaye-de-valsainte.jpg\"><img loading=\"lazy\" decoding=\"async\" class=\"alignnone size-full wp-image-4584\" src=\"http:\/\/www.apdestination.com\/wp-content\/uploads\/apdestination-abbaye-de-valsainte.jpg\" alt=\"apdestination-abbaye-de-valsainte\" width=\"2048\" height=\"1536\" srcset=\"https:\/\/www.apdestination.com\/wp-content\/uploads\/apdestination-abbaye-de-valsainte.jpg 2048w, https:\/\/www.apdestination.com\/wp-content\/uploads\/apdestination-abbaye-de-valsainte-300x225.jpg 300w, https:\/\/www.apdestination.com\/wp-content\/uploads\/apdestination-abbaye-de-valsainte-1024x768.jpg 1024w, https:\/\/www.apdestination.com\/wp-content\/uploads\/apdestination-abbaye-de-valsainte-624x468.jpg 624w\" sizes=\"auto, (max-width: 2048px) 100vw, 2048px\" \/><\/a><\/p>\n<\/div>\n<div class=\"csColumnGap\" style=\"margin: 0px; padding: 0px; float: left; width: 1.56%;\"><img decoding=\"async\" src=\"http:\/\/www.apdestination.com\/wp-content\/plugins\/advanced-wp-columns\/assets\/js\/plugins\/views\/img\/1x1-pixel.png\" alt=\"\"><\/div>\n<div class=\"csColumn\" style=\"margin: 0px; padding: 0px; float: left; width: 31.3%;\" data-csstartpoint=\"330\" data-csendpoint=\"630\" data-cswidth=\"31.3%\" data-csid=\"3321e960-9ab5-cc73-955d-dd639a5c4a06\">\n<p><strong>Les gorges du verdon<\/strong><br>En cano\u00e9, bateau \u00e9lectrique ou de croisi\u00e8re, les gorges du Verdon se visite le temps d&rsquo;une journ\u00e9e.<br>Il y a le haut Verdon avec le lac de saint croix aux eaux turquoises et les gorges sublimes encadr\u00e9 de falaises vertigineuses. Et les basses gorges plus sauvage qui parte du lac d&rsquo;Esparon. Un chemin am\u00e9nag\u00e9 parcourt \u00e9galement la totalit\u00e9 des gorges passant au plus pr\u00eat de l&rsquo;eau, empruntant des passerelles et quelques tunnels<\/p>\n<p><a href=\"http:\/\/www.apdestination.com\/wp-content\/uploads\/apdestination-gorges-du-verdon.jpg\"><img loading=\"lazy\" decoding=\"async\" class=\"alignnone size-full wp-image-4585\" src=\"http:\/\/www.apdestination.com\/wp-content\/uploads\/apdestination-gorges-du-verdon.jpg\" alt=\"apdestination-gorges-du-verdon\" width=\"2000\" height=\"1333\" srcset=\"https:\/\/www.apdestination.com\/wp-content\/uploads\/apdestination-gorges-du-verdon.jpg 2000w, https:\/\/www.apdestination.com\/wp-content\/uploads\/apdestination-gorges-du-verdon-300x199.jpg 300w, https:\/\/www.apdestination.com\/wp-content\/uploads\/apdestination-gorges-du-verdon-1024x682.jpg 1024w, https:\/\/www.apdestination.com\/wp-content\/uploads\/apdestination-gorges-du-verdon-624x415.jpg 624w\" sizes=\"auto, (max-width: 2000px) 100vw, 2000px\" \/><\/a><\/p>\n<p>&nbsp;<\/p>\n<\/div>\n<div class=\"csColumnGap\" style=\"margin: 0px; padding: 0px; float: left; width: 1.56%;\"><img decoding=\"async\" src=\"http:\/\/www.apdestination.com\/wp-content\/plugins\/advanced-wp-columns\/assets\/js\/plugins\/views\/img\/1x1-pixel.png\" alt=\"\"><\/div>\n<div class=\"csColumn\" style=\"margin: 0px; padding: 0px; float: left; width: 31.3%;\" data-csstartpoint=\"645\" data-csendpoint=\"945\" data-cswidth=\"31.3%\" data-csid=\"b125aee4-88df-46cd-ac8d-b66e6b87608d\">\n<p><strong>Les Calanques de Cassis<br><\/strong><\/p>\n<p>On ne peut passer des vacances en Provence sans aller passer une journ\u00e9e au bord de la mer. D\u00e9couvrir Cassis et ces falaises class\u00e9, une des plus haute d&rsquo;Europe avec 399m. Le village tr\u00e8s touristique est le point de d\u00e9part de nombreuse promenade en mer pour d\u00e9couvrir calanques qui s&rsquo;\u00e9tendent jusqu\u2019\u00e0 Marseille. Elle se visite \u00e9galement \u00e0 pied pour les plus courageux.<\/p>\n<p><a href=\"http:\/\/www.apdestination.com\/wp-content\/uploads\/Calanques-de-Cassis.jpg\"><img loading=\"lazy\" decoding=\"async\" class=\"alignnone size-full wp-image-4586\" src=\"http:\/\/www.apdestination.com\/wp-content\/uploads\/Calanques-de-Cassis.jpg\" alt=\"calanques-de-cassis\" width=\"1200\" height=\"640\" srcset=\"https:\/\/www.apdestination.com\/wp-content\/uploads\/Calanques-de-Cassis.jpg 1200w, https:\/\/www.apdestination.com\/wp-content\/uploads\/Calanques-de-Cassis-300x160.jpg 300w, https:\/\/www.apdestination.com\/wp-content\/uploads\/Calanques-de-Cassis-1024x546.jpg 1024w, https:\/\/www.apdestination.com\/wp-content\/uploads\/Calanques-de-Cassis-624x332.jpg 624w\" sizes=\"auto, (max-width: 1200px) 100vw, 1200px\" \/><\/a><\/p>\n<\/div>\n<div class=\"csColumnGap\" style=\"margin: 0px; padding: 0px; float: left; width: 1.56%;\"><img decoding=\"async\" src=\"http:\/\/www.apdestination.com\/wp-content\/plugins\/advanced-wp-columns\/assets\/js\/plugins\/views\/img\/1x1-pixel.png\" alt=\"\"><\/div>\n<div style=\"clear: both; float: none; display: block; visibility: hidden; width: 0px; font-size: 0px; line-height: 0;\">&nbsp;<\/div>\n<\/div>\n<\/div>\n<\/div>\n<p><\/p>","protected":false},"excerpt":{"rendered":"<p>G\u00eete pour 6 personnes avec piscine couverte, au calme en pleine nature proven\u00e7ale Grand domaine arbor\u00e9 de 6000 m\u00b2 avec seulement 3 logements, id\u00e9al pour se ressourcer en famille ou entre amis. Offrez-vous un s\u00e9jour au calme, loin de la pollution et de l\u2019agitation, dans ce charmant g\u00eete avec acc\u00e8s direct \u00e0 la campagne. La [&hellip;]<\/p>\n","protected":false},"author":1,"featured_media":0,"parent":0,"menu_order":0,"comment_status":"closed","ping_status":"closed","template":"","meta":{"ngg_post_thumbnail":0,"footnotes":""},"class_list":["post-9691","page","type-page","status-publish","hentry"],"_links":{"self":[{"href":"https:\/\/www.apdestination.com\/fr\/wp-json\/wp\/v2\/pages\/9691","targetHints":{"allow":["GET"]}}],"collection":[{"href":"https:\/\/www.apdestination.com\/fr\/wp-json\/wp\/v2\/pages"}],"about":[{"href":"https:\/\/www.apdestination.com\/fr\/wp-json\/wp\/v2\/types\/page"}],"author":[{"embeddable":true,"href":"https:\/\/www.apdestination.com\/fr\/wp-json\/wp\/v2\/users\/1"}],"replies":[{"embeddable":true,"href":"https:\/\/www.apdestination.com\/fr\/wp-json\/wp\/v2\/comments?post=9691"}],"version-history":[{"count":26,"href":"https:\/\/www.apdestination.com\/fr\/wp-json\/wp\/v2\/pages\/9691\/revisions"}],"predecessor-version":[{"id":9735,"href":"https:\/\/www.apdestination.com\/fr\/wp-json\/wp\/v2\/pages\/9691\/revisions\/9735"}],"wp:attachment":[{"href":"https:\/\/www.apdestination.com\/fr\/wp-json\/wp\/v2\/media?parent=9691"}],"curies":[{"name":"wp","href":"https:\/\/api.w.org\/{rel}","templated":true}]}}