{"id":8737,"date":"2023-01-31T15:22:34","date_gmt":"2023-01-31T14:22:34","guid":{"rendered":"http:\/\/www.apdestination.com\/?page_id=8737"},"modified":"2025-04-23T14:25:17","modified_gmt":"2025-04-23T13:25:17","slug":"apd04sau2-gite-12-places-avec-piscine-privee","status":"publish","type":"page","link":"https:\/\/www.apdestination.com\/fr\/apd04sau2-gite-12-places-avec-piscine-privee\/","title":{"rendered":"apd04sau2-G\u00eete 12 places avec piscine priv\u00e9e"},"content":{"rendered":"<p><\/p>\n\n\n<figure class=\"wp-block-image size-large\"><img loading=\"lazy\" decoding=\"async\" width=\"1024\" height=\"640\" src=\"http:\/\/www.apdestination.com\/wp-content\/uploads\/apd04sau2-vacances-de-reve-1024x640.jpg\" alt=\"\" class=\"wp-image-8738\" srcset=\"https:\/\/www.apdestination.com\/wp-content\/uploads\/apd04sau2-vacances-de-reve-1024x640.jpg 1024w, https:\/\/www.apdestination.com\/wp-content\/uploads\/apd04sau2-vacances-de-reve-300x188.jpg 300w, https:\/\/www.apdestination.com\/wp-content\/uploads\/apd04sau2-vacances-de-reve-768x480.jpg 768w, https:\/\/www.apdestination.com\/wp-content\/uploads\/apd04sau2-vacances-de-reve-1536x960.jpg 1536w, https:\/\/www.apdestination.com\/wp-content\/uploads\/apd04sau2-vacances-de-reve-624x390.jpg 624w, https:\/\/www.apdestination.com\/wp-content\/uploads\/apd04sau2-vacances-de-reve.jpg 2000w\" sizes=\"auto, (max-width: 1024px) 100vw, 1024px\" \/><\/figure>\n\n\n\n<figure class=\"wp-block-image size-large\"><img loading=\"lazy\" decoding=\"async\" width=\"1024\" height=\"85\" src=\"http:\/\/www.apdestination.com\/wp-content\/uploads\/apd04sau2-1024x85.png\" alt=\"\" class=\"wp-image-8739\" srcset=\"https:\/\/www.apdestination.com\/wp-content\/uploads\/apd04sau2-1024x85.png 1024w, https:\/\/www.apdestination.com\/wp-content\/uploads\/apd04sau2-300x25.png 300w, https:\/\/www.apdestination.com\/wp-content\/uploads\/apd04sau2-768x64.png 768w, https:\/\/www.apdestination.com\/wp-content\/uploads\/apd04sau2-624x52.png 624w, https:\/\/www.apdestination.com\/wp-content\/uploads\/apd04sau2.png 1200w\" sizes=\"auto, (max-width: 1024px) 100vw, 1024px\" \/><\/figure>\n\n\n\n<h2 class=\"wp-block-heading\">Vacances en famille<\/h2>\n\n\n\n<p>Situ\u00e9e dans un hameau de 3 maisons au milieu des champs, la maison de famille peut accueillir 12 personnes pour des vacances en compagnie du soleil et des cigales. <\/p>\n\n\n\n<p>Un coin de France au calme loin de la foule et o\u00f9 on respire un air pur. Cette authentique maison proven\u00e7ale sur trois niveaux ne manque pas de caract\u00e8re et d&rsquo;escaliers. Face \u00e0 la piscine : un grand s\u00e9jour avec chemin\u00e9e ainsi qu&rsquo;une cuisine ind\u00e9pendante qui donne sur une v\u00e9randa. Un salon avec canap\u00e9-lit en rez de terrasse occupe l&rsquo;extr\u00e9mit\u00e9 de la maison. Une salle d&rsquo;eau avec douche ainsi qu&rsquo;un WC ind\u00e9pendant compl\u00e8tent le rez-de-chauss\u00e9e. Au premier \u00e9tage 3 chambres plus une salle de bain et un WC ind\u00e9pendant. Enfin sous les toits une grande chambre avec 4 couchages.<\/p>\n\n\n\n<p>La piscine de 4m x 8m en forme de haricot s\u00e9curis\u00e9e par une alarme permettra aux enfants de se rafra\u00eechir entre deux jeux et de profiter de la libert\u00e9 champ\u00eatre. Dans cette maison pour toute la famille, chacun trouvera sa place. Que ce soit pour une sieste \u00e0 l&rsquo;ombre des arbres ou en parcourant les nombreux chemins de randonn\u00e9e environnants \u00e0 pied ou \u00e0 v\u00e9lo. Le soir un ciel sans \u00e9gal piquet\u00e9 d&rsquo;\u00e9toiles brillantes loin de la pollution lumineuse.<\/p>\n\n\n\n<p>La r\u00e9gion riche de gastronomie, de sites culturels, historiques, et artisanaux permettra de passer de belles vacances et de revenir la t\u00eate pleine de souvenirs inoubliables.<\/p>\n\n\n\n<p>En plus des march\u00e9s \u00e0 Banon les mardis et samedis, ne manquez pas le march\u00e9 proven\u00e7al \u00e0 Forcalquier le lundi, le plus grand de la r\u00e9gion, pour vous ravitailler en produits frais et r\u00e9gionaux. On ne compte plus les producteurs locaux, fiers de vous faire d\u00e9couvrir leurs produits, bio pour beaucoup. <\/p>\n\n\n\n<p><\/p>\n\n\n\n<h2 class=\"wp-block-heading\">&nbsp;Galerie photos<\/h2>\n\n\n\nngg_shortcode_0_placeholder\n\n\n\n<p><\/p>\n\n\n\n<h2 class=\"wp-block-heading\">\u00c9quipements<\/h2>\n\n\n\n<p><strong>Maison  de   168 m2 &#8211; Capacit\u00e9 :   12 places.   5 chambres, sur 3 niveaux.<\/strong> <strong>Jardin ouvert sur la campagne<\/strong><\/p>\n\n\n\n<p>Animaux autoris\u00e9s avec information et consentement pr\u00e9alable du propri\u00e9taire. <\/p>\n\n\n\n<p><strong>G\u00e9n\u00e9ral : <\/strong>internet WIFI(box 5G), TV, parking gratuit sur place, Chauffage central au gaz<\/p>\n\n\n\n<p><strong>Pi\u00e8ce principale :<\/strong>&nbsp; Canap\u00e9 7 places, T\u00e9l\u00e9vision TNT, tables basses, Table et chaises pour 12 personnes.<\/p>\n\n\n\n<p><strong>Cuisine :<\/strong>  Four \u00e9lectrique, Lave-vaisselle 12 couverts, Plaques \u00e9lectriques, Micro-onde, R\u00e9frig\u00e9rateur\/cong\u00e9lateur, Cafeti\u00e8re filtre, cafeti\u00e8re \u00e0 expresso Nespresso, Bouilloire, Grille pain, Robot culinaire, Vaisselle courante pour 12 personnes<\/p>\n\n\n\n<p><strong>Chambre 1&nbsp;<strong>(1er \u00e9tage)<\/strong> : <\/strong>2 lits de 90cm ou 180cm au choix, chevet, lampe de chevet, armoire, Penderie, <\/p>\n\n\n\n<p><strong>Chambre 2&nbsp; <strong>(1er \u00e9tage)<\/strong>: <\/strong> 2 lits de 90cm ou 180cm au choix, chevet, lampe de chevet, rangement, penderie<\/p>\n\n\n\n<p><strong>Chambre 3&nbsp; <strong>(1er \u00e9tage)<\/strong>:<\/strong> 2 lits de 90cm ou 180cm au choix, chevet, lampe de chevet, rangement<\/p>\n\n\n\n<p><strong>Chambre 4\/ salon&nbsp;<strong>(plain pied)<\/strong> :<\/strong> chambre traversante avec 1 canap\u00e9 convertible 140cm, chevet, lampe de chevet, rangement<\/p>\n\n\n\n<p><strong>Chambre 5&nbsp; (2e \u00e9tage):<\/strong> 4 lits de 90cm, chevet, lampe de chevet, rangement<\/p>\n\n\n\n<p><strong>Salles de bain 1 <strong>(plain pied)<\/strong>:<\/strong>  Douche, Vasque, Miroir, Placard, Radiateur S\u00e8che serviette, S\u00e8che-cheveux<\/p>\n\n\n\n<p><strong>Salles de bain 2 <strong>(1er \u00e9tage)<\/strong>:<\/strong> bain, Double Vasque, Miroir, Placard, Radiateur  S\u00e8che-cheveux<\/p>\n\n\n\n<p><strong>2 WC<\/strong> ind\u00e9pendants au total (plain pied et 1er \u00e9tage)<\/p>\n\n\n\n<p><strong>Autre :<\/strong>  Lave linge, \u00c9tendoir, Fer \u00e0 repasser, aspirateur.<\/p>\n\n\n\n<p><strong>Ext\u00e9rieur :<\/strong> Transats, Salon de jardin, abris v\u00e9lo, piscine 8m x 4m, barbecue \u00e9lectrique, plancha \u00e9lectrique.<\/p>\n\n\n\n<p><strong><strong>D\u00e9tail du linge fourni :<\/strong> <\/strong>2 torchons de cuisine, + Si lou\u00e9 : linge de toilette \u00e0 raison de 1 drap de bain + 1 serviette par personne, lits complets avec draps housses, draps plats ou housses de couette, taies d\u2019oreillers et de traversins).<\/p>\n\n\n\n<p><strong>Mat\u00e9riel petite enfance :<\/strong>  Lit b\u00e9b\u00e9, chaise haute<\/p>\n\n\n\n<h2 class=\"wp-block-heading\">Localisation<\/h2>\n\n\n\n<p><iframe src=\"https:\/\/www.google.com\/maps\/embed?pb=!1m18!1m12!1m3!1d838.8870381528003!2d5.6733228292496705!3d44.07125296224508!2m3!1f0!2f0!3f0!3m2!1i1024!2i768!4f13.1!3m3!1m2!1s0x0%3A0xedc9d3ff55433694!2zNDTCsDA0JzE2LjUiTiA1wrA0MCcyNS45IkU!5e1!3m2!1sfr!2sfr!4v1675441224247!5m2!1sfr!2sfr\" style=\"border:0;\" allowfullscreen=\"\" loading=\"lazy\" referrerpolicy=\"no-referrer-when-downgrade\" width=\"600\" height=\"450\"><\/iframe><\/p>\n\n\n\n<h2 class=\"wp-block-heading\">Tarifs<\/h2>\n\n\n\n<p>Parce que ce n\u2019est pas la quantit\u00e9 des annonces qui fait la qualit\u00e9 d\u2019une offre, APdestination c\u2019est :<\/p>\n\n\n\n<ul class=\"wp-block-list\"><li>1 seul interlocuteur qui connait tous les dossiers<\/li><li>Paiement sans frais de service obligatoires, vous ne payez que le prix de la location<\/li><li>Des locations de vacances contr\u00f4l\u00e9es tous les ans<\/li><li>Des propri\u00e9taires s\u00e9lectionn\u00e9s et qui vous accueillent \u00e0 votre arriv\u00e9e.<\/li><li>Des locations \u00e0 moins de 2 h de voiture de nos bureaux<\/li><\/ul>\n\n\n\n<p>La s\u00e9curit\u00e9 d\u2019un professionnel local sp\u00e9cialiste des locations de vacances en France et plus sp\u00e9cialement Provence, Luberon, Gard.<\/p>\n\n\n\n<table id=\"wp-table-reloaded-id-63-no-1\" class=\"wp-table-reloaded wp-table-reloaded-id-63\">\n<thead>\n\t<tr class=\"row-1\">\n\t\t<th colspan=\"2\" class=\"column-1 colspan-2\">P\u00e9riodes tarifaires<\/th><th class=\"column-3\">Semaine<\/th><th class=\"column-4\">2 nuits<\/th>\n\t<\/tr>\n<\/thead>\n<tbody class=\"row-hover\">\n\t<tr class=\"row-2\">\n\t\t<td class=\"column-1\">Basse <\/td><td class=\"column-2\">mai<\/td><td class=\"column-3\">900\u20ac<\/td><td class=\"column-4\">900\u20ac<\/td>\n\t<\/tr>\n\t<tr class=\"row-3\">\n\t\t<td class=\"column-1\">Moyenne<\/td><td class=\"column-2\"> Juin<\/td><td class=\"column-3\">1200\u20ac<\/td><td class=\"column-4\">1000\u20ac<\/td>\n\t<\/tr>\n\t<tr class=\"row-4\">\n\t\t<td class=\"column-1\">Haute<\/td><td class=\"column-2\">juillet - aout<\/td><td class=\"column-3\">2200\u20ac<\/td><td class=\"column-4\">2200\u20ac<\/td>\n\t<\/tr>\n\t<tr class=\"row-5\">\n\t\t<td class=\"column-1\">Moyenne<\/td><td class=\"column-2\">septembre<\/td><td class=\"column-3\">1200\u20ac<\/td><td class=\"column-4\">1000\u20ac<\/td>\n\t<\/tr>\n\t<tr class=\"row-6\">\n\t\t<td class=\"column-1\">Fermeture<\/td><td class=\"column-2\">octobre -avril<\/td><td class=\"column-3\">900<\/td><td class=\"column-4\">900\u20ac<\/td>\n\t<\/tr>\n\t<tr class=\"row-7\">\n\t\t<td colspan=\"4\" class=\"column-1 colspan-4\">Options<\/td>\n\t<\/tr>\n\t<tr class=\"row-8\">\n\t\t<td class=\"column-1\"><\/td><td class=\"column-2\">Final cleaning \/ M\u00e9nage final<\/td><td class=\"column-3\">100\u20ac<\/td><td class=\"column-4\">100\u20ac<\/td>\n\t<\/tr>\n\t<tr class=\"row-9\">\n\t\t<td class=\"column-1\"><\/td><td class=\"column-2\">Pack grand lit<\/td><td class=\"column-3\">13\u20ac<\/td><td class=\"column-4\">13\u20ac<\/td>\n\t<\/tr>\n\t<tr class=\"row-10\">\n\t\t<td class=\"column-1\"><\/td><td class=\"column-2\">Pack petit lit<\/td><td class=\"column-3\">6.5\u20ac<\/td><td class=\"column-4\">6.5\u20ac<\/td>\n\t<\/tr>\n\t<tr class=\"row-11\">\n\t\t<td class=\"column-1\"><\/td><td class=\"column-2\">Towels\/Linge de toilette<\/td><td class=\"column-3\">5\u20ac\/pers<\/td><td class=\"column-4\">5\u20ac\/pers<\/td>\n\t<\/tr>\n\t<tr class=\"row-12\">\n\t\t<td class=\"column-1\"><\/td><td class=\"column-2\">Deposit \/ Caution non encaiss\u00e9e <\/td><td class=\"column-3\">600\u20ac<\/td><td class=\"column-4\">600\u20ac<\/td>\n\t<\/tr>\n\t<tr class=\"row-13\">\n\t\t<td colspan=\"4\" class=\"column-1 colspan-4\">Un acompte de 25% \u00e0 la r\u00e9servation \/ 25% at booking<br \/>\r\nLe solde 1 mois avant le s\u00e9jour \/ the balance 1 month before arrival<\/td>\n\t<\/tr>\n<\/tbody>\n<\/table>\n\n\n\n\n<h2 class=\"wp-block-heading\">Disponibilit\u00e9<\/h2>\n\n\n\n<p><iframe loading=\"lazy\" src=\"https:\/\/calendar.google.com\/calendar\/embed?height=600&amp;wkst=7&amp;bgcolor=%23ffffff&amp;ctz=Europe%2FParis&amp;showTz=0&amp;showCalendars=0&amp;showTabs=0&amp;showPrint=0&amp;src=ZGU1YTI3YjYxZTAyYTcyOTk0MmYzMjdkZTA5OTFlYmFmNGYwY2JlZDA2YzlkMTZlNDVhMDE0N2QwZTE5NGViZUBncm91cC5jYWxlbmRhci5nb29nbGUuY29t&amp;color=%23E4C441\" style=\"border:solid 1px #777\" scrolling=\"no\" width=\"600\" height=\"450\" frameborder=\"0\"><\/iframe><\/p>\n\n\n\n<h2 class=\"wp-block-heading\">D\u00e9couvrir les environs<\/h2>\n\n\n\n<figure class=\"wp-block-image size-large\"><img loading=\"lazy\" decoding=\"async\" width=\"640\" height=\"1000\" src=\"http:\/\/www.apdestination.com\/wp-content\/uploads\/Colorado-Proven\u00e7al.jpg\" alt=\"\" class=\"wp-image-4583\" srcset=\"https:\/\/www.apdestination.com\/wp-content\/uploads\/Colorado-Proven\u00e7al.jpg 640w, https:\/\/www.apdestination.com\/wp-content\/uploads\/Colorado-Proven\u00e7al-192x300.jpg 192w, https:\/\/www.apdestination.com\/wp-content\/uploads\/Colorado-Proven\u00e7al-624x975.jpg 624w\" sizes=\"auto, (max-width: 640px) 100vw, 640px\" \/><\/figure>\n\n\n\n<p><strong>Le Colorado Proven\u00e7al<\/strong> Form\u00e9s par l&rsquo;\u00e9rosion et par la main de l&rsquo;homme cette ancienne carri\u00e8re d&rsquo;ocre a vu ses paysages se transformer au fil des si\u00e8cles. Le site est aujourd&rsquo;hui marqu\u00e9 par une succession de sculptures et de falaises d&rsquo;ocres aux couleurs extraordinaires allant du jaune p\u00e2le au rouge vif. En partie recouvert par la for\u00eat ces sculptures min\u00e9rales se dressent vers le ciel bleu azur de Provence offrant un paysage extraordinaire .<\/p>\n\n\n\n<figure class=\"wp-block-image size-large\"><img loading=\"lazy\" decoding=\"async\" width=\"1024\" height=\"546\" src=\"http:\/\/www.apdestination.com\/wp-content\/uploads\/village-de-vachere1-1024x546.jpg\" alt=\"\" class=\"wp-image-4590\" srcset=\"https:\/\/www.apdestination.com\/wp-content\/uploads\/village-de-vachere1-1024x546.jpg 1024w, https:\/\/www.apdestination.com\/wp-content\/uploads\/village-de-vachere1-300x160.jpg 300w, https:\/\/www.apdestination.com\/wp-content\/uploads\/village-de-vachere1-624x332.jpg 624w, https:\/\/www.apdestination.com\/wp-content\/uploads\/village-de-vachere1.jpg 1200w\" sizes=\"auto, (max-width: 1024px) 100vw, 1024px\" \/><\/figure>\n\n\n\n<p>&nbsp;l<strong>es villages perch\u00e9s de Haute-Provence et du Lub\u00e9ron<\/strong> Du plus modeste au plus majestueux les villages de ce cot\u00e9 du Lub\u00e9ron se perchent sur les hauteurs dominant la vall\u00e9e. Vous \u00eates toujours \u00e0 quelques minutes d&rsquo;une de ces p\u00e9pites: Banon, Simiane-La-Rotonde, Vach\u00e8re, Bonnieux, Oppede le vieux&#8230;. Gordes le plus connu de tous avec son ch\u00e2teau et sa vieille ville admirablement conserv\u00e9s qui s&rsquo;illuminent le soir . Chaque habitant de la r\u00e9gion a son pr\u00e9f\u00e9r\u00e9 et aura plaisir \u00e0 vous le faire d\u00e9couvrir  <\/p>\n\n\n\n<figure class=\"wp-block-image size-large\"><img loading=\"lazy\" decoding=\"async\" width=\"1024\" height=\"612\" src=\"http:\/\/www.apdestination.com\/wp-content\/uploads\/Avignon_Palais_des_Papes_depuis_Tour_Philippe_le_Bel_by_JM_Rosier-1024x612.jpg\" alt=\"\" class=\"wp-image-4483\" srcset=\"https:\/\/www.apdestination.com\/wp-content\/uploads\/Avignon_Palais_des_Papes_depuis_Tour_Philippe_le_Bel_by_JM_Rosier-1024x612.jpg 1024w, https:\/\/www.apdestination.com\/wp-content\/uploads\/Avignon_Palais_des_Papes_depuis_Tour_Philippe_le_Bel_by_JM_Rosier-300x179.jpg 300w, https:\/\/www.apdestination.com\/wp-content\/uploads\/Avignon_Palais_des_Papes_depuis_Tour_Philippe_le_Bel_by_JM_Rosier-624x373.jpg 624w, https:\/\/www.apdestination.com\/wp-content\/uploads\/Avignon_Palais_des_Papes_depuis_Tour_Philippe_le_Bel_by_JM_Rosier.jpg 2000w\" sizes=\"auto, (max-width: 1024px) 100vw, 1024px\" \/><\/figure>\n\n\n\n<p><strong>Avignon<\/strong> Le c\u0153ur historique d&rsquo;Avignon est aujourd&rsquo;hui class\u00e9 au patrimoine mondial de l&rsquo;UNESCO. Prot\u00e9g\u00e9e par ses remparts, la vieille ville a conserv\u00e9 de merveilleux t\u00e9moignages de son pass\u00e9. \u00c9difi\u00e9 au XIV<sup>e<\/sup> si\u00e8cle, le palais des Papes est une \u00e9tape incontournable de la visite. Cette forteresse, r\u00e9sidence des papes au XIV<sup>e<\/sup> si\u00e8cle, est un superbe palais gothique compos\u00e9 de deux parties, le Palais Vieux et le Palais Neuf.  <\/p>\n\n\n\n<figure class=\"wp-block-image size-large\"><img loading=\"lazy\" decoding=\"async\" width=\"1024\" height=\"768\" src=\"http:\/\/www.apdestination.com\/wp-content\/uploads\/apdestination-abbaye-de-valsainte-1024x768.jpg\" alt=\"\" class=\"wp-image-4584\" srcset=\"https:\/\/www.apdestination.com\/wp-content\/uploads\/apdestination-abbaye-de-valsainte-1024x768.jpg 1024w, https:\/\/www.apdestination.com\/wp-content\/uploads\/apdestination-abbaye-de-valsainte-300x225.jpg 300w, https:\/\/www.apdestination.com\/wp-content\/uploads\/apdestination-abbaye-de-valsainte-624x468.jpg 624w, https:\/\/www.apdestination.com\/wp-content\/uploads\/apdestination-abbaye-de-valsainte.jpg 2048w\" sizes=\"auto, (max-width: 1024px) 100vw, 1024px\" \/><\/figure>\n\n\n\n<p><strong>L&rsquo;abbaye de Valsaintes<\/strong> La visite du jardin de l&rsquo;abbaye de Valsaintes est une invitation \u00e0 l&rsquo;\u00e9merveillement, la fl\u00e2nerie, la d\u00e9tente et la s\u00e9r\u00e9nit\u00e9 alli\u00e9e au plaisir de la d\u00e9couverte d&rsquo;un espace naturel, historique et spirituel exceptionnel. Au rythme des restanques, vous pourrez d\u00e9ambuler parmi des espaces floraux riches de 550 vari\u00e9t\u00e9s de roses associ\u00e9es \u00e0 une flore spontan\u00e9e ou introduite.  <\/p>\n\n\n\n<figure class=\"wp-block-image size-large\"><img loading=\"lazy\" decoding=\"async\" width=\"1024\" height=\"682\" src=\"http:\/\/www.apdestination.com\/wp-content\/uploads\/apdestination-gorges-du-verdon-1024x682.jpg\" alt=\"\" class=\"wp-image-4585\" srcset=\"https:\/\/www.apdestination.com\/wp-content\/uploads\/apdestination-gorges-du-verdon-1024x682.jpg 1024w, https:\/\/www.apdestination.com\/wp-content\/uploads\/apdestination-gorges-du-verdon-300x199.jpg 300w, https:\/\/www.apdestination.com\/wp-content\/uploads\/apdestination-gorges-du-verdon-624x415.jpg 624w, https:\/\/www.apdestination.com\/wp-content\/uploads\/apdestination-gorges-du-verdon.jpg 2000w\" sizes=\"auto, (max-width: 1024px) 100vw, 1024px\" \/><\/figure>\n\n\n\n<p><strong>Les gorges du Verdon<\/strong> En cano\u00e9, b\u00e2teau \u00e9lectrique ou de croisi\u00e8re, les gorges du Verdon se visitent le temps d&rsquo;une journ\u00e9e. Il y a le haut Verdon avec le lac de Sainte Croix aux eaux turquoises et les gorges sublimes encadr\u00e9es de falaises vertigineuses. Et les basses gorges plus sauvages qui partent du lac d&rsquo;Esparon. Un chemin am\u00e9nag\u00e9 parcourt \u00e9galement la totalit\u00e9 des gorges passant au plus pr\u00e8s de l&rsquo;eau, empruntant des passerelles et quelques tunnels <\/p>\n\n\n\n<figure class=\"wp-block-image size-large\"><img loading=\"lazy\" decoding=\"async\" width=\"1024\" height=\"546\" src=\"http:\/\/www.apdestination.com\/wp-content\/uploads\/Calanques-de-Cassis-1024x546.jpg\" alt=\"\" class=\"wp-image-4586\" srcset=\"https:\/\/www.apdestination.com\/wp-content\/uploads\/Calanques-de-Cassis-1024x546.jpg 1024w, https:\/\/www.apdestination.com\/wp-content\/uploads\/Calanques-de-Cassis-300x160.jpg 300w, https:\/\/www.apdestination.com\/wp-content\/uploads\/Calanques-de-Cassis-624x332.jpg 624w, https:\/\/www.apdestination.com\/wp-content\/uploads\/Calanques-de-Cassis.jpg 1200w\" sizes=\"auto, (max-width: 1024px) 100vw, 1024px\" \/><\/figure>\n\n\n\n<p><strong>Les Calanques de Cassis<\/strong> On ne peut passer des vacances en Provence sans aller passer une journ\u00e9e au bord de la mer. D\u00e9couvrir Cassis et ses falaises class\u00e9es, une des plus hautes d&rsquo;Europe avec 399m. Le village tr\u00e8s touristique est le point de d\u00e9part de nombreuses promenades en mer pour d\u00e9couvrir les calanques qui s&rsquo;\u00e9tendent jusqu\u2019\u00e0 Marseille. Elle se visitent \u00e9galement \u00e0 pied pour les plus courageux. <\/p>\n\n\n\n<p><\/p>\n\n\n<p><\/p>\n<p><\/p>","protected":false},"excerpt":{"rendered":"<p>Vacances en famille Situ\u00e9e dans un hameau de 3 maisons au milieu des champs, la maison de famille peut accueillir 12 personnes pour des vacances en compagnie du soleil et des cigales. Un coin de France au calme loin de la foule et o\u00f9 on respire un air pur. Cette authentique maison proven\u00e7ale sur trois [&hellip;]<\/p>\n","protected":false},"author":1,"featured_media":0,"parent":0,"menu_order":0,"comment_status":"closed","ping_status":"closed","template":"","meta":{"ngg_post_thumbnail":0,"footnotes":""},"class_list":["post-8737","page","type-page","status-publish","hentry"],"_links":{"self":[{"href":"https:\/\/www.apdestination.com\/fr\/wp-json\/wp\/v2\/pages\/8737","targetHints":{"allow":["GET"]}}],"collection":[{"href":"https:\/\/www.apdestination.com\/fr\/wp-json\/wp\/v2\/pages"}],"about":[{"href":"https:\/\/www.apdestination.com\/fr\/wp-json\/wp\/v2\/types\/page"}],"author":[{"embeddable":true,"href":"https:\/\/www.apdestination.com\/fr\/wp-json\/wp\/v2\/users\/1"}],"replies":[{"embeddable":true,"href":"https:\/\/www.apdestination.com\/fr\/wp-json\/wp\/v2\/comments?post=8737"}],"version-history":[{"count":53,"href":"https:\/\/www.apdestination.com\/fr\/wp-json\/wp\/v2\/pages\/8737\/revisions"}],"predecessor-version":[{"id":9554,"href":"https:\/\/www.apdestination.com\/fr\/wp-json\/wp\/v2\/pages\/8737\/revisions\/9554"}],"wp:attachment":[{"href":"https:\/\/www.apdestination.com\/fr\/wp-json\/wp\/v2\/media?parent=8737"}],"curies":[{"name":"wp","href":"https:\/\/api.w.org\/{rel}","templated":true}]}}