{"id":7528,"date":"2019-11-08T14:33:21","date_gmt":"2019-11-08T13:33:21","guid":{"rendered":"http:\/\/www.apdestination.com\/?page_id=7528"},"modified":"2024-10-25T11:22:05","modified_gmt":"2024-10-25T10:22:05","slug":"apd04lrg1-gite-en-pierre-calme-et-confortable","status":"publish","type":"page","link":"https:\/\/www.apdestination.com\/fr\/apd04lrg1-gite-en-pierre-calme-et-confortable\/","title":{"rendered":"apd04lrg1-gite en pierre calme et confortable"},"content":{"rendered":"<h2><img loading=\"lazy\" decoding=\"async\" class=\"alignnone size-full wp-image-7539\" src=\"http:\/\/www.apdestination.com\/wp-content\/uploads\/apd04lrg1-maison-de-vacances-6-places.jpg\" alt=\"apd04lrg1-maison de vacances 6 places\" width=\"2000\" height=\"1333\" srcset=\"https:\/\/www.apdestination.com\/wp-content\/uploads\/apd04lrg1-maison-de-vacances-6-places.jpg 2000w, https:\/\/www.apdestination.com\/wp-content\/uploads\/apd04lrg1-maison-de-vacances-6-places-300x199.jpg 300w, https:\/\/www.apdestination.com\/wp-content\/uploads\/apd04lrg1-maison-de-vacances-6-places-1024x682.jpg 1024w, https:\/\/www.apdestination.com\/wp-content\/uploads\/apd04lrg1-maison-de-vacances-6-places-624x415.jpg 624w\" sizes=\"auto, (max-width: 2000px) 100vw, 2000px\" \/><\/h2>\n<h2><img loading=\"lazy\" decoding=\"async\" class=\"alignnone wp-image-7542 size-full\" src=\"http:\/\/www.apdestination.com\/wp-content\/uploads\/apd04lrg1.png\" alt=\"\" width=\"1200\" height=\"100\" srcset=\"https:\/\/www.apdestination.com\/wp-content\/uploads\/apd04lrg1.png 1200w, https:\/\/www.apdestination.com\/wp-content\/uploads\/apd04lrg1-300x25.png 300w, https:\/\/www.apdestination.com\/wp-content\/uploads\/apd04lrg1-1024x85.png 1024w, https:\/\/www.apdestination.com\/wp-content\/uploads\/apd04lrg1-624x52.png 624w\" sizes=\"auto, (max-width: 1200px) 100vw, 1200px\" \/><\/h2>\n<h2>Location de vacances dans un hameau proche du village de Banon<\/h2>\n<p>Situ\u00e9e dans un hameau d&rsquo;une quarantaine de maisons \u00e0 seulement 4 km du village proven\u00e7al de Banon, la maison avec 2 chambres peut accueillir confortablement 6 personnes. En ouvrant la porte on acc\u00e8de \u00e0 des kilom\u00e8tres de sentiers de randonn\u00e9es qui parcourent la campagne environnante. Le calme et le charme des Alpes, le soleil et la douceur de la Haute-Provence.<\/p>\n<p>La maison en pierre sur deux niveaux est moderne et tr\u00e8s bien \u00e9quip\u00e9e, elle comprend une&nbsp; pi\u00e8ce de vie avec cuisine semi ouverte de 33m2 donnant sur une terrasse \u00e9quip\u00e9e d&rsquo;une tonnelle. Une chambre et la salle d&rsquo;eau avec douche \u00e0 l&rsquo;italienne compl\u00e8tent ce niveau. Au rez-de-chauss\u00e9e se trouve la deuxi\u00e8me chambre avec un cabinet de toilette ind\u00e9pendant.&nbsp;<\/p>\n<p>Depuis la terrasse, on d\u00e9couvre la vall\u00e9e couverte de champs de lavande.&nbsp; L&rsquo;agriculture raisonn\u00e9e est \u00e0 taille humaine, elle mod\u00e8le le paysage, offrant au promeneur des espaces ouverts et entretenus que l&rsquo;on parcourt \u00e0 loisir \u00e0 pied, \u00e0 v\u00e9lo, \u00e0 cheval. La chemin\u00e9e et le chauffage au sol permettent de profiter de cette location de vacances toute l&rsquo;ann\u00e9e et de d\u00e9couvrir la r\u00e9gion en toutes saisons.<\/p>\n<div class=\"property-description\">\n<h2><span style=\"color: #993366;\">&nbsp;Galerie photos<\/span><\/h2>\nngg_shortcode_0_placeholder\n<h2 class=\"title\"><span style=\"color: #993366;\">\u00c9quipements<br \/>\n<\/span><\/h2>\n<p class=\"prop-desc-txt\"><strong>Maison en pierre sur deux niveaux de 70 m2 \u2013 terrasse et jardin ouvert \u2013 Capacit\u00e9 : 6 places. 2 Chambres . Garage 1 voiture<\/strong><br \/>\nAnimaux&nbsp; autoris\u00e9s avec information et consentement pr\u00e9alable du propri\u00e9taire.<\/p>\n<p class=\"prop-desc-txt\"><strong>G\u00e9n\u00e9ral : <\/strong>internet WIFI, TV, parking gratuit sur place, chauffage au sol, po\u00eale a bois<\/p>\n<p class=\"prop-desc-txt\"><strong>Pi\u00e8ce principale 25 m2:<\/strong> Canap\u00e9 convertible 3 places , T\u00e9l\u00e9vision TNT, tables basses, Table et chaises pour 6 personnes, Po\u00eale a bois<\/p>\n<p class=\"prop-desc-txt\"><strong>Cuisine \u00e9quip\u00e9e :<\/strong> Four \u00e9lectrique, Lave-vaisselle 12 couverts, Plaques \u00e9lectriques \u00e0 induction, Micro-onde, R\u00e9frig\u00e9rateur\/cong\u00e9lateur, autocuiseur, Cafeti\u00e8re filtre, Bouilloire, Grille pain,&nbsp; Vaisselle courante pour 10 personnes<\/p>\n<p><strong>Chambre 1&nbsp; 8m2: <\/strong>1 lit de 140cm, chevet, lampe de chevet, armoire, Penderie<\/p>\n<p><strong>Chambre 2&nbsp; 17m2: <\/strong>2 lit de 90cm , chevet, lampe de chevet, armoire, Penderie, bureau<\/p>\n<p class=\"prop-desc-txt\"><strong>Salles d&rsquo;eau :<\/strong> douche italienne,&nbsp; Vasque, Miroir, WC<\/p>\n<p class=\"prop-desc-txt\"><strong>1 WC ind\u00e9pendant : <\/strong>WC, lavabo, rangement<strong><br \/>\n<\/strong><\/p>\n<p class=\"prop-desc-txt\" style=\"text-align: justify;\"><strong>Autre :<\/strong> Lave linge,&nbsp; \u00c9tendoir, Table et Fer \u00e0 repasser, Aspirateur<\/p>\n<p class=\"prop-desc-txt\" style=\"text-align: justify;\"><strong>Ext\u00e9rieur :<\/strong>&nbsp; Terrasse avec tonnelle,Transats, Salon de jardin, Barbecue, jeux pour enfants, Garage, abris v\u00e9los et motos<\/p>\n<p class=\"prop-desc-txt\" style=\"text-align: justify;\"><strong>D\u00e9tail du linge fourni :<\/strong> 2 torchons de cuisine, + Si lou\u00e9 : linge de toilette \u00e0 raison de 1 drap de bain + 1 serviette +1 gant de toilette par personne, lits complets avec draps housses, housses de couette, taies d\u2019oreillers et de traversins).<\/p>\n<p class=\"prop-desc-txt\" style=\"text-align: justify;\"><strong>Mat\u00e9riel petite enfance :<\/strong> lit b\u00e9b\u00e9, chaise haute, barri\u00e8re escalier.<\/p>\n<h2><span style=\"color: #993366;\">Localisation<\/span><\/h2>\n<p><iframe loading=\"lazy\" style=\"border: 0;\" src=\"https:\/\/www.google.com\/maps\/embed?pb=!1m18!1m12!1m3!1d64560.2283671181!2d5.635973292881625!3d44.08856555369173!2m3!1f0!2f0!3f0!3m2!1i1024!2i768!4f13.1!3m3!1m2!1s0x0%3A0x0!2zNDTCsDA1JzAzLjMiTiA1wrAzOScyOC42IkU!5e0!3m2!1sfr!2sfr!4v1573220462310!5m2!1sfr!2sfr\" width=\"600\" height=\"450\" frameborder=\"0\" allowfullscreen=\"allowfullscreen\"><\/iframe><\/p>\n<h2><span style=\"color: #993366;\">Tarifs<\/span><\/h2>\n<p>Par ce que ce n\u2019est pas la quantit\u00e9 des annonces qui fait la qualit\u00e9 d\u2019une offre, APdestination c\u2019est :<\/p>\n<ul>\n<li>1 seul interlocuteur qui connait tous les dossiers<\/li>\n<li>Paiement sans frais de service obligatoires, vous ne payez que le prix de la location<\/li>\n<li>Des locations de vacances contr\u00f4l\u00e9es tous les ans<\/li>\n<li>Des propri\u00e9taires s\u00e9lectionn\u00e9s et qui vous accueillent \u00e0 votre arriv\u00e9e.<\/li>\n<li>Des locations \u00e0 moins de 2 h de voiture de nos bureaux<\/li>\n<\/ul>\n<p>La s\u00e9curit\u00e9 d\u2019un professionnel local sp\u00e9cialiste des locations de vacances en France et plus sp\u00e9cialement Provence, Luberon, Gard.<\/p>\n\n<table id=\"wp-table-reloaded-id-55-no-1\" class=\"wp-table-reloaded wp-table-reloaded-id-55\">\n<thead>\n\t<tr class=\"row-1\">\n\t\t<th colspan=\"3\" class=\"column-1 colspan-3\">P\u00e9riode tarifaires<\/th>\n\t<\/tr>\n<\/thead>\n<tbody class=\"row-hover\">\n\t<tr class=\"row-2\">\n\t\t<td class=\"column-1\">Basse<\/td><td class=\"column-2\">Mai<\/td><td class=\"column-3\">400\u20ac\/semaine<\/td>\n\t<\/tr>\n\t<tr class=\"row-3\">\n\t\t<td class=\"column-1\">Moyenne<\/td><td class=\"column-2\">juin<\/td><td class=\"column-3\">450\u20ac\/semaine<\/td>\n\t<\/tr>\n\t<tr class=\"row-4\">\n\t\t<td class=\"column-1\">Haute<\/td><td class=\"column-2\">juillet - aout<\/td><td class=\"column-3\">600\u20ac\/semaine<\/td>\n\t<\/tr>\n\t<tr class=\"row-5\">\n\t\t<td class=\"column-1\">Moyenne<\/td><td class=\"column-2\">septembre<\/td><td class=\"column-3\">450\u20ac\/semaine<\/td>\n\t<\/tr>\n\t<tr class=\"row-6\">\n\t\t<td colspan=\"3\" class=\"column-1 colspan-3\">Options<\/td>\n\t<\/tr>\n\t<tr class=\"row-7\">\n\t\t<td class=\"column-1\"><\/td><td class=\"column-2\">final cleaning \/m\u00e9nage final obligatoire<\/td><td class=\"column-3\">50\u20ac<\/td>\n\t<\/tr>\n\t<tr class=\"row-8\">\n\t\t<td class=\"column-1\"><\/td><td class=\"column-2\">Bed linen per week and per person \/ Location de draps sur demande<\/td><td class=\"column-3\">15 \u20ac \/ lit<\/td>\n\t<\/tr>\n\t<tr class=\"row-9\">\n\t\t<td class=\"column-1\"><\/td><td class=\"column-2\">Towels\/Linge de toilette<\/td><td class=\"column-3\">10 \u20ac \/ personne<\/td>\n\t<\/tr>\n\t<tr class=\"row-10\">\n\t\t<td class=\"column-1\"><\/td><td class=\"column-2\">Deposit \/ Caution non encaiss\u00e9e <\/td><td class=\"column-3\">500\u20ac<\/td>\n\t<\/tr>\n\t<tr class=\"row-11\">\n\t\t<td colspan=\"3\" class=\"column-1 colspan-3\">Un acompte de 25% \u00e0 la r\u00e9servation \/ 25% at booking<br \/>\r\nLe solde 1 mois avant le s\u00e9jour \/ the balance 1 month before arrival<\/td>\n\t<\/tr>\n<\/tbody>\n<\/table>\n\n<h2>&nbsp;<span style=\"color: #993366;\">Disponibilit\u00e9<\/span><\/h2>\n<p><iframe loading=\"lazy\" style=\"border-width: 0;\" src=\"https:\/\/calendar.google.com\/calendar\/embed?height=600&amp;wkst=1&amp;bgcolor=%23ffffff&amp;ctz=Europe%2FParis&amp;src=c2JnOTM0OHRscGo2M2psYjR2OHQyaWdxbm9AZ3JvdXAuY2FsZW5kYXIuZ29vZ2xlLmNvbQ&amp;color=%23515151&amp;showNav=1&amp;showTz=0&amp;showCalendars=0&amp;showTabs=0&amp;showPrint=0\" width=\"800\" height=\"600\" frameborder=\"0\" scrolling=\"no\"><\/iframe><\/p>\n<h2><span style=\"color: #993366;\">D\u00e9couvrir les environs<\/span><\/h2>\n<p><strong>Le Colorado Proven\u00e7al<br \/>\n<\/strong><\/p>\n<div class=\"csRow\">\n<div class=\"csColumn\" data-csstartpoint=\"15\" data-csendpoint=\"315\" data-cswidth=\"31.3%\" data-csid=\"2a8ab8b2-54a9-d302-8099-7ea2ed33a028\">\n<p>Form\u00e9s par l\u2019\u00e9rosion et par la main de l\u2019homme cette ancienne carri\u00e8re d\u2019ocre a vu ses paysages se transformer au fil des si\u00e8cles.<\/p>\n<p>Le site est aujourd\u2019hui marqu\u00e9 par une succession de sculptures et de falaises d\u2019ocres aux couleurs extraordinaires allant du jaune p\u00e2le au rouge vif. En partie recouvert par la for\u00eat ces sculptures min\u00e9rales se dressent vers le ciel bleu azur de Provence offrant un paysage extraordinaire .<br \/>\n<a href=\"http:\/\/www.apdestination.com\/wp-content\/uploads\/Colorado-Proven\u00e7al.jpg\"><img loading=\"lazy\" decoding=\"async\" class=\"alignnone size-full wp-image-4583\" src=\"http:\/\/www.apdestination.com\/wp-content\/uploads\/Colorado-Proven\u00e7al.jpg\" alt=\"colorado-provencal\" width=\"640\" height=\"1000\" srcset=\"https:\/\/www.apdestination.com\/wp-content\/uploads\/Colorado-Proven\u00e7al.jpg 640w, https:\/\/www.apdestination.com\/wp-content\/uploads\/Colorado-Proven\u00e7al-192x300.jpg 192w, https:\/\/www.apdestination.com\/wp-content\/uploads\/Colorado-Proven\u00e7al-624x975.jpg 624w\" sizes=\"auto, (max-width: 640px) 100vw, 640px\" \/><\/a><\/p>\n<\/div>\n<div class=\"csColumnGap\"><img decoding=\"async\" src=\"http:\/\/www.apdestination.com\/wp-content\/plugins\/advanced-wp-columns\/assets\/js\/plugins\/views\/img\/1x1-pixel.png\" alt=\"\"><\/div>\n<div class=\"csColumn\" data-csstartpoint=\"330\" data-csendpoint=\"630\" data-cswidth=\"31.3%\" data-csid=\"be6f1bdc-b828-a542-875d-5855d70e9ac3\">\n<p>&nbsp;l<strong>es villages perch\u00e9s de Haute-Provence et du Lub\u00e9ron<br \/>\n<\/strong><\/p>\n<p>Du plus modeste au plus majestueux les villages de ce cot\u00e9 du Lub\u00e9ron se perchent sur les hauteurs dominant la vall\u00e9e. Vous \u00eates toujours \u00e0 quelques minutes d\u2019une de ces p\u00e9pites: Banon, Simiane-La-Rotonde, Vach\u00e8re, Bonnieux, Oppede le vieux\u2026. Gordes le plus connu de tous avec son ch\u00e2teau et sa vieille ville admirablement conserv\u00e9s qui s\u2019illuminent le soir . Chaque habitant de la r\u00e9gion a son pr\u00e9f\u00e9r\u00e9 et aura plaisir \u00e0 vous le faire d\u00e9couvrir<\/p>\n<p><a href=\"http:\/\/www.apdestination.com\/wp-content\/uploads\/village-de-vachere1.jpg\"><img loading=\"lazy\" decoding=\"async\" class=\"alignnone size-full wp-image-4590\" src=\"http:\/\/www.apdestination.com\/wp-content\/uploads\/village-de-vachere1.jpg\" alt=\"village-de-vachere\" width=\"1200\" height=\"640\" srcset=\"https:\/\/www.apdestination.com\/wp-content\/uploads\/village-de-vachere1.jpg 1200w, https:\/\/www.apdestination.com\/wp-content\/uploads\/village-de-vachere1-300x160.jpg 300w, https:\/\/www.apdestination.com\/wp-content\/uploads\/village-de-vachere1-1024x546.jpg 1024w, https:\/\/www.apdestination.com\/wp-content\/uploads\/village-de-vachere1-624x332.jpg 624w\" sizes=\"auto, (max-width: 1200px) 100vw, 1200px\" \/><\/a><\/p>\n<\/div>\n<div class=\"csColumnGap\"><img decoding=\"async\" src=\"http:\/\/www.apdestination.com\/wp-content\/plugins\/advanced-wp-columns\/assets\/js\/plugins\/views\/img\/1x1-pixel.png\" alt=\"\"><\/div>\n<div class=\"csColumn\" data-csstartpoint=\"645\" data-csendpoint=\"945\" data-cswidth=\"31.3%\" data-csid=\"93e9441d-4a47-ec5e-8fd4-fcd76687b54f\">\n<p>&nbsp;<strong>Avignon<\/strong><\/p>\n<p>Le c\u0153ur historique d\u2019Avignon est aujourd\u2019hui class\u00e9 au patrimoine mondial de l\u2019UNESCO. Prot\u00e9g\u00e9e par ses remparts, la vieille ville a conserv\u00e9 de merveilleux t\u00e9moignages de son pass\u00e9. \u00c9difi\u00e9 au XIV<sup>e<\/sup> si\u00e8cle, le palais des Papes est une \u00e9tape incontournable de la visite. Cette forteresse, r\u00e9sidence des papes au XIV<sup>e<\/sup> si\u00e8cle, est un superbe palais gothique compos\u00e9 de deux parties, le Palais Vieux et le Palais Neuf.<\/p>\n<p><a href=\"http:\/\/www.apdestination.com\/wp-content\/uploads\/Avignon_Palais_des_Papes_depuis_Tour_Philippe_le_Bel_by_JM_Rosier.jpg\"><img loading=\"lazy\" decoding=\"async\" class=\"alignnone size-full wp-image-4483\" src=\"http:\/\/www.apdestination.com\/wp-content\/uploads\/Avignon_Palais_des_Papes_depuis_Tour_Philippe_le_Bel_by_JM_Rosier.jpg\" alt=\"avignon_palais_des_papes_depuis_tour_philippe_le_bel_by_jm_rosier\" width=\"2000\" height=\"1197\" srcset=\"https:\/\/www.apdestination.com\/wp-content\/uploads\/Avignon_Palais_des_Papes_depuis_Tour_Philippe_le_Bel_by_JM_Rosier.jpg 2000w, https:\/\/www.apdestination.com\/wp-content\/uploads\/Avignon_Palais_des_Papes_depuis_Tour_Philippe_le_Bel_by_JM_Rosier-300x179.jpg 300w, https:\/\/www.apdestination.com\/wp-content\/uploads\/Avignon_Palais_des_Papes_depuis_Tour_Philippe_le_Bel_by_JM_Rosier-1024x612.jpg 1024w, https:\/\/www.apdestination.com\/wp-content\/uploads\/Avignon_Palais_des_Papes_depuis_Tour_Philippe_le_Bel_by_JM_Rosier-624x373.jpg 624w\" sizes=\"auto, (max-width: 2000px) 100vw, 2000px\" \/><\/a><\/p>\n<\/div>\n<div class=\"csColumnGap\"><img decoding=\"async\" src=\"http:\/\/www.apdestination.com\/wp-content\/plugins\/advanced-wp-columns\/assets\/js\/plugins\/views\/img\/1x1-pixel.png\" alt=\"\"><\/div>\n<\/div>\n<div class=\"csRow\">\n<div class=\"csColumnGap\"><img decoding=\"async\" src=\"http:\/\/www.apdestination.com\/wp-content\/plugins\/advanced-wp-columns\/assets\/js\/plugins\/views\/img\/1x1-pixel.png\" alt=\"\"><strong>L\u2019abbaye de Valsaintes<br \/>\n<\/strong><\/div>\n<\/div>\n<div class=\"csRow\">\n<div class=\"csColumn\" data-csstartpoint=\"15\" data-csendpoint=\"315\" data-cswidth=\"31.3%\" data-csid=\"73c52862-1d0a-3124-90a8-a09925653ba6\">\n<p>La visite du jardin de l\u2019abbaye de Valsaintes est une invitation \u00e0 l\u2019\u00e9merveillement, la fl\u00e2nerie, la d\u00e9tente et la s\u00e9r\u00e9nit\u00e9 alli\u00e9e au plaisir de la d\u00e9couverte d\u2019un espace naturel, historique et spirituel exceptionnel.<\/p>\n<p>Au rythme des restanques, vous pourrez d\u00e9ambuler parmi des espaces floraux riches de 550 vari\u00e9t\u00e9s de roses associ\u00e9es \u00e0 une flore spontan\u00e9e ou introduite.<\/p>\n<p><a href=\"http:\/\/www.apdestination.com\/wp-content\/uploads\/apdestination-abbaye-de-valsainte.jpg\"><img loading=\"lazy\" decoding=\"async\" class=\"alignnone size-full wp-image-4584\" src=\"http:\/\/www.apdestination.com\/wp-content\/uploads\/apdestination-abbaye-de-valsainte.jpg\" alt=\"apdestination-abbaye-de-valsainte\" width=\"2048\" height=\"1536\" srcset=\"https:\/\/www.apdestination.com\/wp-content\/uploads\/apdestination-abbaye-de-valsainte.jpg 2048w, https:\/\/www.apdestination.com\/wp-content\/uploads\/apdestination-abbaye-de-valsainte-300x225.jpg 300w, https:\/\/www.apdestination.com\/wp-content\/uploads\/apdestination-abbaye-de-valsainte-1024x768.jpg 1024w, https:\/\/www.apdestination.com\/wp-content\/uploads\/apdestination-abbaye-de-valsainte-624x468.jpg 624w\" sizes=\"auto, (max-width: 2048px) 100vw, 2048px\" \/><\/a><\/p>\n<\/div>\n<div class=\"csColumnGap\"><img decoding=\"async\" src=\"http:\/\/www.apdestination.com\/wp-content\/plugins\/advanced-wp-columns\/assets\/js\/plugins\/views\/img\/1x1-pixel.png\" alt=\"\"><\/div>\n<div class=\"csColumn\" data-csstartpoint=\"330\" data-csendpoint=\"630\" data-cswidth=\"31.3%\" data-csid=\"3321e960-9ab5-cc73-955d-dd639a5c4a06\">\n<p><strong>Les gorges du Verdon<\/strong><br \/>\nEn cano\u00e9, b\u00e2teau \u00e9lectrique ou de croisi\u00e8re, les gorges du Verdon se visitent le temps d\u2019une journ\u00e9e.<br \/>\nIl y a le haut Verdon avec le lac de Sainte Croix aux eaux turquoises et les gorges sublimes encadr\u00e9es de falaises vertigineuses. Et les basses gorges plus sauvages qui partent du lac d\u2019Esparon. Un chemin am\u00e9nag\u00e9 parcourt \u00e9galement la totalit\u00e9 des gorges passant au plus pr\u00e8s de l\u2019eau, empruntant des passerelles et quelques tunnels<\/p>\n<p><a href=\"http:\/\/www.apdestination.com\/wp-content\/uploads\/apdestination-gorges-du-verdon.jpg\"><img loading=\"lazy\" decoding=\"async\" class=\"alignnone size-full wp-image-4585\" src=\"http:\/\/www.apdestination.com\/wp-content\/uploads\/apdestination-gorges-du-verdon.jpg\" alt=\"apdestination-gorges-du-verdon\" width=\"2000\" height=\"1333\" srcset=\"https:\/\/www.apdestination.com\/wp-content\/uploads\/apdestination-gorges-du-verdon.jpg 2000w, https:\/\/www.apdestination.com\/wp-content\/uploads\/apdestination-gorges-du-verdon-300x199.jpg 300w, https:\/\/www.apdestination.com\/wp-content\/uploads\/apdestination-gorges-du-verdon-1024x682.jpg 1024w, https:\/\/www.apdestination.com\/wp-content\/uploads\/apdestination-gorges-du-verdon-624x415.jpg 624w\" sizes=\"auto, (max-width: 2000px) 100vw, 2000px\" \/><\/a><\/p>\n<\/div>\n<div class=\"csColumnGap\"><img decoding=\"async\" src=\"http:\/\/www.apdestination.com\/wp-content\/plugins\/advanced-wp-columns\/assets\/js\/plugins\/views\/img\/1x1-pixel.png\" alt=\"\"><\/div>\n<div class=\"csColumn\" data-csstartpoint=\"645\" data-csendpoint=\"945\" data-cswidth=\"31.3%\" data-csid=\"b125aee4-88df-46cd-ac8d-b66e6b87608d\">\n<p><strong>Les Calanques de Cassis<br \/>\n<\/strong><\/p>\n<p>On ne peut passer des vacances en Provence sans aller passer une journ\u00e9e au bord de la mer. D\u00e9couvrir Cassis et ses falaises class\u00e9es, une des plus hautes d\u2019Europe avec 399m. Le village tr\u00e8s touristique est le point de d\u00e9part de nombreuses promenades en mer pour d\u00e9couvrir les calanques qui s\u2019\u00e9tendent jusqu\u2019\u00e0 Marseille. Elle se visitent \u00e9galement \u00e0 pied pour les plus courageux.<\/p>\n<p><a href=\"http:\/\/www.apdestination.com\/wp-content\/uploads\/Calanques-de-Cassis.jpg\"><img loading=\"lazy\" decoding=\"async\" class=\"alignnone size-full wp-image-4586\" src=\"http:\/\/www.apdestination.com\/wp-content\/uploads\/Calanques-de-Cassis.jpg\" alt=\"calanques-de-cassis\" width=\"1200\" height=\"640\" srcset=\"https:\/\/www.apdestination.com\/wp-content\/uploads\/Calanques-de-Cassis.jpg 1200w, https:\/\/www.apdestination.com\/wp-content\/uploads\/Calanques-de-Cassis-300x160.jpg 300w, https:\/\/www.apdestination.com\/wp-content\/uploads\/Calanques-de-Cassis-1024x546.jpg 1024w, https:\/\/www.apdestination.com\/wp-content\/uploads\/Calanques-de-Cassis-624x332.jpg 624w\" sizes=\"auto, (max-width: 1200px) 100vw, 1200px\" \/><\/a><\/p>\n<\/div>\n<\/div>\n<\/div>\n","protected":false},"excerpt":{"rendered":"<p>Location de vacances dans un hameau proche du village de Banon Situ\u00e9e dans un hameau d&rsquo;une quarantaine de maisons \u00e0 seulement 4 km du village proven\u00e7al de Banon, la maison avec 2 chambres peut accueillir confortablement 6 personnes. En ouvrant la porte on acc\u00e8de \u00e0 des kilom\u00e8tres de sentiers de randonn\u00e9es qui parcourent la campagne [&hellip;]<\/p>\n","protected":false},"author":1,"featured_media":0,"parent":0,"menu_order":0,"comment_status":"closed","ping_status":"open","template":"","meta":{"ngg_post_thumbnail":0,"footnotes":""},"class_list":["post-7528","page","type-page","status-publish","hentry"],"_links":{"self":[{"href":"https:\/\/www.apdestination.com\/fr\/wp-json\/wp\/v2\/pages\/7528","targetHints":{"allow":["GET"]}}],"collection":[{"href":"https:\/\/www.apdestination.com\/fr\/wp-json\/wp\/v2\/pages"}],"about":[{"href":"https:\/\/www.apdestination.com\/fr\/wp-json\/wp\/v2\/types\/page"}],"author":[{"embeddable":true,"href":"https:\/\/www.apdestination.com\/fr\/wp-json\/wp\/v2\/users\/1"}],"replies":[{"embeddable":true,"href":"https:\/\/www.apdestination.com\/fr\/wp-json\/wp\/v2\/comments?post=7528"}],"version-history":[{"count":11,"href":"https:\/\/www.apdestination.com\/fr\/wp-json\/wp\/v2\/pages\/7528\/revisions"}],"predecessor-version":[{"id":9324,"href":"https:\/\/www.apdestination.com\/fr\/wp-json\/wp\/v2\/pages\/7528\/revisions\/9324"}],"wp:attachment":[{"href":"https:\/\/www.apdestination.com\/fr\/wp-json\/wp\/v2\/media?parent=7528"}],"curies":[{"name":"wp","href":"https:\/\/api.w.org\/{rel}","templated":true}]}}