{"id":590,"date":"2014-11-20T20:32:31","date_gmt":"2014-11-20T19:32:31","guid":{"rendered":"http:\/\/www.apdestination.com\/?page_id=590"},"modified":"2015-05-04T20:14:59","modified_gmt":"2015-05-04T19:14:59","slug":"mentions-legales","status":"publish","type":"page","link":"https:\/\/www.apdestination.com\/fr\/mentions-legales\/","title":{"rendered":"Mentions l\u00e9gales"},"content":{"rendered":"<p>&nbsp;<\/p>\n<table class=\"table table-striped\">\n<tbody>\n<tr>\n<td>Raison sociale<\/td>\n<td>Alpes Provence destination<\/td>\n<\/tr>\n<tr>\n<td>Forme sociale<\/td>\n<td>SARL<\/td>\n<\/tr>\n<tr>\n<td>Capital social<\/td>\n<td>5000 \u20ac<\/td>\n<\/tr>\n<tr>\n<td><\/td>\n<td><\/td>\n<\/tr>\n<tr>\n<td>SIRET<\/td>\n<td>\u00a080762742700014<\/td>\n<\/tr>\n<tr>\n<td>T\u00e9l\u00e9phone<\/td>\n<td>+33 (0)4 92 75 42 85<\/td>\n<\/tr>\n<tr>\n<td><\/td>\n<td><\/td>\n<\/tr>\n<tr>\n<td>Num\u00e9ro de carte professionnelle<\/td>\n<td>\u00a0477 T et G<\/td>\n<\/tr>\n<tr>\n<td>D\u00e9livr\u00e9e par<\/td>\n<td>Pr\u00e9fecture des Alpes de Haute-Provence &#8211; 8 r. Dr Romieu 04000 Digne-Les-Bains<\/td>\n<\/tr>\n<tr>\n<td>Immatriculation RCS<\/td>\n<td>\u00a0807627427 Tribunal de Commerce de Manosque<\/td>\n<\/tr>\n<tr>\n<td>Montant de la garantie financi\u00e8re<\/td>\n<td>\u00a0110 000 \u20ac<\/td>\n<\/tr>\n<tr>\n<td>Nom et adresse du garant<\/td>\n<td>\u00a0Compagnie Europ\u00e9enne de Garanties et Cautions<\/p>\n<p>128 rue La Boetie 75008 Paris<\/td>\n<\/tr>\n<\/tbody>\n<\/table>\n","protected":false},"excerpt":{"rendered":"<p>&nbsp; Raison sociale Alpes Provence destination Forme sociale SARL Capital social 5000 \u20ac SIRET \u00a080762742700014 T\u00e9l\u00e9phone +33 (0)4 92 75 42 85 Num\u00e9ro de carte professionnelle \u00a0477 T et G D\u00e9livr\u00e9e par Pr\u00e9fecture des Alpes de Haute-Provence &#8211; 8 r. Dr Romieu 04000 Digne-Les-Bains Immatriculation RCS \u00a0807627427 Tribunal de Commerce de Manosque Montant de la [&hellip;]<\/p>\n","protected":false},"author":1,"featured_media":0,"parent":0,"menu_order":0,"comment_status":"closed","ping_status":"open","template":"","meta":{"ngg_post_thumbnail":0,"footnotes":""},"class_list":["post-590","page","type-page","status-publish","hentry"],"_links":{"self":[{"href":"https:\/\/www.apdestination.com\/fr\/wp-json\/wp\/v2\/pages\/590","targetHints":{"allow":["GET"]}}],"collection":[{"href":"https:\/\/www.apdestination.com\/fr\/wp-json\/wp\/v2\/pages"}],"about":[{"href":"https:\/\/www.apdestination.com\/fr\/wp-json\/wp\/v2\/types\/page"}],"author":[{"embeddable":true,"href":"https:\/\/www.apdestination.com\/fr\/wp-json\/wp\/v2\/users\/1"}],"replies":[{"embeddable":true,"href":"https:\/\/www.apdestination.com\/fr\/wp-json\/wp\/v2\/comments?post=590"}],"version-history":[{"count":22,"href":"https:\/\/www.apdestination.com\/fr\/wp-json\/wp\/v2\/pages\/590\/revisions"}],"predecessor-version":[{"id":592,"href":"https:\/\/www.apdestination.com\/fr\/wp-json\/wp\/v2\/pages\/590\/revisions\/592"}],"wp:attachment":[{"href":"https:\/\/www.apdestination.com\/fr\/wp-json\/wp\/v2\/media?parent=590"}],"curies":[{"name":"wp","href":"https:\/\/api.w.org\/{rel}","templated":true}]}}