{"id":4760,"date":"2016-12-07T10:28:38","date_gmt":"2016-12-07T09:28:38","guid":{"rendered":"http:\/\/www.apdestination.com\/?page_id=4760"},"modified":"2016-12-12T20:24:59","modified_gmt":"2016-12-12T19:24:59","slug":"qui-sommes-nous","status":"publish","type":"page","link":"https:\/\/www.apdestination.com\/fr\/qui-sommes-nous\/","title":{"rendered":"Qui sommes nous ?"},"content":{"rendered":"<p><img loading=\"lazy\" decoding=\"async\" class=\"alignnone size-full wp-image-1042\" src=\"http:\/\/www.apdestination.com\/wp-content\/uploads\/survol-de-la-provence.jpg\" alt=\"survol de la provence\" width=\"1600\" height=\"500\" srcset=\"https:\/\/www.apdestination.com\/wp-content\/uploads\/survol-de-la-provence.jpg 1600w, https:\/\/www.apdestination.com\/wp-content\/uploads\/survol-de-la-provence-300x93.jpg 300w, https:\/\/www.apdestination.com\/wp-content\/uploads\/survol-de-la-provence-1024x320.jpg 1024w, https:\/\/www.apdestination.com\/wp-content\/uploads\/survol-de-la-provence-624x195.jpg 624w\" sizes=\"auto, (max-width: 1600px) 100vw, 1600px\" \/><\/p>\n<h2><strong><span style=\"color: #993366;\">Une soci\u00e9t\u00e9 familiale <\/span><\/strong><\/h2>\n<p><strong><span style=\"color: #993366;\">Alpes Provence Destination<\/span><\/strong> est une soci\u00e9t\u00e9 familiale cr\u00e9\u00e9e par des amoureux du Sud-Est de la France et de ses terres contrast\u00e9es. Plus de 2 d\u00e9cennies dans les Alpes du Sud et en Provence n\u2019ont fait que renforcer notre\u00a0enchantement\u00a0des premiers jours.<\/p>\n<h2><span style=\"color: #993366;\">Dans le tourisme depuis 2009<\/span><\/h2>\n<p>Cela nous a donn\u00e9 envie de faire conna\u00eetre les merveilles de cette r\u00e9gion, et de partager le bonheur\u00a0d&rsquo;y vivre ! Nous avons donc commenc\u00e9 \u00e0 accueillir des vacanciers de tous pays dans notre premier g\u00eete, en\u00a02009.<\/p>\n<p>Depuis, nous d\u00e9ployons une offre de locations de vacances aupr\u00e8s de touristes\u00a0fran\u00e7ais et \u00e9trangers, pour le compte des propri\u00e9taires du groupement, pour que vos journ\u00e9es soient elles aussi, ensoleill\u00e9es.<\/p>\n<p>Nous sommes l&rsquo;interlocuteur local des vacanciers en recherche d&rsquo;h\u00e9bergement, et le vecteur de commercialisation des propri\u00e9taires et des locations qu&rsquo;ils souhaitent ouvrir au tourisme.<\/p>\n<h2><strong><span style=\"color: #993366;\">Une agence immobili\u00e8re \u00e0 Banon<br \/>\n<\/span><\/strong><\/h2>\n<p>Nous sommes structur\u00e9s en agence immobili\u00e8re, conform\u00e9ment aux dispositions de la loi\u00a0 HOGUET, du 2 janvier 1970, avec compte bancaire r\u00e8glement\u00e9, assurance responsabilit\u00e9 civile professionnelle, organisme de caution et garantie financi\u00e8re (voir Mentions L\u00e9gales)<\/p>\n<h2><span style=\"color: #993366;\">En plus des locations touristiques, nous faisons de la Gestion Immobili\u00e8re \u00e0 Banon<br \/>\n<\/span><\/h2>\n<p>Depuis que l&rsquo;unique agence immobili\u00e8re de Banon a ferm\u00e9 ses portes, de plus en plus de propri\u00e9taires qui ne trouvaient plus sur le secteur de Banon de gestionnaire immobilier pour leurs appartements et maisons, se tournent vers nous pour la gestion immobili\u00e8re de leurs biens.<\/p>\n<p>Pour que vos journ\u00e9es soient elles aussi, ensoleill\u00e9es.<\/p>\n<p><img loading=\"lazy\" decoding=\"async\" class=\"alignnone size-full wp-image-3399\" src=\"http:\/\/www.apdestination.com\/wp-content\/uploads\/signature.jpg\" alt=\"signature\" width=\"1500\" height=\"168\" srcset=\"https:\/\/www.apdestination.com\/wp-content\/uploads\/signature.jpg 1500w, https:\/\/www.apdestination.com\/wp-content\/uploads\/signature-300x33.jpg 300w, https:\/\/www.apdestination.com\/wp-content\/uploads\/signature-1024x114.jpg 1024w, https:\/\/www.apdestination.com\/wp-content\/uploads\/signature-624x69.jpg 624w\" sizes=\"auto, (max-width: 1500px) 100vw, 1500px\" \/><\/p>\n","protected":false},"excerpt":{"rendered":"<p>Une soci\u00e9t\u00e9 familiale Alpes Provence Destination est une soci\u00e9t\u00e9 familiale cr\u00e9\u00e9e par des amoureux du Sud-Est de la France et de ses terres contrast\u00e9es. Plus de 2 d\u00e9cennies dans les Alpes du Sud et en Provence n\u2019ont fait que renforcer notre\u00a0enchantement\u00a0des premiers jours. Dans le tourisme depuis 2009 Cela nous a donn\u00e9 envie de faire [&hellip;]<\/p>\n","protected":false},"author":1,"featured_media":0,"parent":0,"menu_order":0,"comment_status":"closed","ping_status":"open","template":"","meta":{"ngg_post_thumbnail":0,"footnotes":""},"class_list":["post-4760","page","type-page","status-publish","hentry"],"_links":{"self":[{"href":"https:\/\/www.apdestination.com\/fr\/wp-json\/wp\/v2\/pages\/4760","targetHints":{"allow":["GET"]}}],"collection":[{"href":"https:\/\/www.apdestination.com\/fr\/wp-json\/wp\/v2\/pages"}],"about":[{"href":"https:\/\/www.apdestination.com\/fr\/wp-json\/wp\/v2\/types\/page"}],"author":[{"embeddable":true,"href":"https:\/\/www.apdestination.com\/fr\/wp-json\/wp\/v2\/users\/1"}],"replies":[{"embeddable":true,"href":"https:\/\/www.apdestination.com\/fr\/wp-json\/wp\/v2\/comments?post=4760"}],"version-history":[{"count":13,"href":"https:\/\/www.apdestination.com\/fr\/wp-json\/wp\/v2\/pages\/4760\/revisions"}],"predecessor-version":[{"id":4778,"href":"https:\/\/www.apdestination.com\/fr\/wp-json\/wp\/v2\/pages\/4760\/revisions\/4778"}],"wp:attachment":[{"href":"https:\/\/www.apdestination.com\/fr\/wp-json\/wp\/v2\/media?parent=4760"}],"curies":[{"name":"wp","href":"https:\/\/api.w.org\/{rel}","templated":true}]}}