{"id":3931,"date":"2016-07-20T16:45:14","date_gmt":"2016-07-20T15:45:14","guid":{"rendered":"http:\/\/www.apdestination.com\/?page_id=3931"},"modified":"2024-12-12T10:25:09","modified_gmt":"2024-12-12T09:25:09","slug":"apd04ban4-gite-5-chambre-dans-mas-en-pierre-entierement-renove-avec-piscine","status":"publish","type":"page","link":"https:\/\/www.apdestination.com\/fr\/apd04ban4-gite-5-chambre-dans-mas-en-pierre-entierement-renove-avec-piscine\/","title":{"rendered":"apd04ban4- Propri\u00e9t\u00e9 en campagne, calme, soleil et libert\u00e9"},"content":{"rendered":"<h2><img loading=\"lazy\" decoding=\"async\" class=\"alignnone wp-image-8171 size-full\" src=\"http:\/\/www.apdestination.com\/wp-content\/uploads\/IMG_0556.jpg\" alt=\"\" width=\"2000\" height=\"1333\" srcset=\"https:\/\/www.apdestination.com\/wp-content\/uploads\/IMG_0556.jpg 2000w, https:\/\/www.apdestination.com\/wp-content\/uploads\/IMG_0556-300x200.jpg 300w, https:\/\/www.apdestination.com\/wp-content\/uploads\/IMG_0556-1024x682.jpg 1024w, https:\/\/www.apdestination.com\/wp-content\/uploads\/IMG_0556-768x512.jpg 768w, https:\/\/www.apdestination.com\/wp-content\/uploads\/IMG_0556-1536x1024.jpg 1536w, https:\/\/www.apdestination.com\/wp-content\/uploads\/IMG_0556-624x416.jpg 624w\" sizes=\"auto, (max-width: 2000px) 100vw, 2000px\" \/><\/h2>\n<h2><img loading=\"lazy\" decoding=\"async\" class=\"alignnone wp-image-8688 size-full\" src=\"http:\/\/www.apdestination.com\/wp-content\/uploads\/apd04ban4-1.png\" alt=\"\" width=\"1200\" height=\"100\" srcset=\"https:\/\/www.apdestination.com\/wp-content\/uploads\/apd04ban4-1.png 1200w, https:\/\/www.apdestination.com\/wp-content\/uploads\/apd04ban4-1-300x25.png 300w, https:\/\/www.apdestination.com\/wp-content\/uploads\/apd04ban4-1-1024x85.png 1024w, https:\/\/www.apdestination.com\/wp-content\/uploads\/apd04ban4-1-768x64.png 768w, https:\/\/www.apdestination.com\/wp-content\/uploads\/apd04ban4-1-624x52.png 624w\" sizes=\"auto, (max-width: 1200px) 100vw, 1200px\" \/><\/h2>\n<h2>Location 5 chambres en campagne dans un joli Mas en pierre avec piscine de 10mx4m chauff\u00e9e<\/h2>\n<p>Le charme de la Provence et l\u2019authenticit\u00e9 de la pierre, pour ce g\u00eete 15 personnes am\u00e9nag\u00e9 dans un mas en pierre \u00e0 seulement 2 km du village de Banon. Des vacances loin du bruit, et de la pollution, avec les cigales pour voisines. La piscine de 10 m x 4m chauff\u00e9e et prot\u00e9g\u00e9e par un volet roulant est situ\u00e9e sur un terrain d\u00e9gag\u00e9 sur le c\u00f4t\u00e9 de la b\u00e2tisse, elle offre un lieu de baignade et de d\u00e9tente \u00e0 l\u2019\u00e9cart, avec une vue panoramique sur la campagne. Des transats pouvant \u00eatre dispos\u00e9s \u00e0 l\u2019ombre des arbres ou au soleil pour parfaire son bronzage, transforment l\u2019espace piscine en un lieu propice au farniente.<\/p>\n<p>Le jardin est ouvert sur la nature et il n\u2019est pas rare le soir de voir les biches venir profiter des prairies qui entourent la maison. Un portique en bois est install\u00e9 sous les fen\u00eatres de la maison dans un grand espace d\u00e9gag\u00e9, permettant jeux de ballon, de raquettes, courses et galipettes. Dans la cour de la propri\u00e9t\u00e9, une table de ping pong \u00e0 \u00e9t\u00e9 install\u00e9e.<\/p>\n<p>Le maison de 180m2 sur trois niveaux est id\u00e9ale pour les r\u00e9unions de famille ou les groupes d\u2019amis. Au centre une grande cuisine ouverte sur une salle \u00e0 manger pouvant accueillir 15 convives autour d\u2019une table, il est \u00e9galement possible de dresser la table devant la maison dans la prairie ou \u00e0 l\u2019ombre des arbre pour un d\u00e9jeuner champ\u00eatre. Le soir venu un grand salon TV avec 2 canap\u00e9s et une tisanerie \u00e9quip\u00e9e d&rsquo;une Nespresso, d&rsquo;une cafeti\u00e8re, d&rsquo;une bouilloire pour profiter d\u2019un moment ensemble. Les 5 chambres dont une suite sont r\u00e9parties dans la maison avec 4 salles de bain. Un espace pour chacun, et des espaces pour tous.<br \/>\nLa cuisine donne sur une terrasse couverte pour prendre l\u2019ap\u00e9ritif ou le petit d\u00e9jeuner au grand air.<\/p>\n<p>Quand vous serez repos\u00e9, vous aurez le plaisir de partir \u00e0 la d\u00e9couverte des environs :<\/p>\n<p>\u00e0 pied, de nombreux chemins partent de la maison, ils portent le nom des villages qu\u2019ils rejoignent;<\/p>\n<p>\u00e0 v\u00e9lo pour d\u00e9couvrir les gorges et villages perch\u00e9s typiques de la Haute-Provence;<\/p>\n<p>ou encore en voiture pour pousser jusqu\u2019aux gorges du Verdon, lac de Sainte-Croix, Moustiers-Sainte-Marie, Avignon ou Aix-En-Provence et bien d\u2019autres p\u00e9pites qui pars\u00e8ment la r\u00e9gion.<\/p>\n<p>La r\u00e9gion est riche en lieux \u00e0 d\u00e9couvrir, qu\u2019ils soient naturels ou construits par l\u2019homme, secrets ou populaires.<\/p>\n<div class=\"property-description\">\n<h2><span style=\"color: #993366;\">&nbsp;Galerie photos<\/span><\/h2>\nngg_shortcode_0_placeholder<\/div>\n<div class=\"property-description\">\n<p><strong>Logement de 180 m2 avec grande terrasse couverte \u2013 Capacit\u00e9 : 13\/15 places. 5 Chambres. Acc\u00e8s par escalier ext\u00e9rieur 5 marches.<\/strong><br \/>\nAnimaux autoris\u00e9s avec information et consentement pr\u00e9alable du propri\u00e9taire.<\/p>\n<p><strong>G\u00e9n\u00e9ral : <\/strong>internet WIFI, TV, parking gratuit sur place, chauffage central gaz<\/p>\n<p><strong>Salon avec tisanerie:<\/strong> 2 Canap\u00e9s dont un convertible(120cm), T\u00e9l\u00e9vision TNT, table basse, Nespresso, bouilloire, cafeti\u00e8re filtre, grille pain, r\u00e9frig\u00e9rateur, \u00e9vier<\/p>\n<p><strong>Salle \u00e0 manger&nbsp;:<\/strong> po\u00eale \u00e0 bois, Buffet, armoire, Table et chaises pour 15 personnes, T\u00e9l\u00e9vision et deux fauteuils<\/p>\n<p><strong>Cuisine \u00e9quip\u00e9e :<\/strong> Four \u00e9lectrique, Lave-vaisselle 12 couverts, 3 feux gaz + 1 \u00e9lectrique, Micro-onde, R\u00e9frig\u00e9rateur\/cong\u00e9lateur, Autocuiseur, Cafeti\u00e8re filtre, Nespresso, Bouilloire, Grille pain, Mixeur \u00e0 soupe, Robot culinaire, Vaisselle courante pour 15 personnes<\/p>\n<p><strong>Chambre 1 :<\/strong> 2 lits de 80&#215;200 cm jumelables, 2 chevets, lampe de chevet, Commode<\/p>\n<p><strong>Salle d\u2019eau chambre 1:<\/strong> WC, Douche, vasque,&nbsp; Miroir<\/p>\n<p><strong>Chambre 2 : <\/strong>Lit 140cm, chevet, lampe de chevet,&nbsp; armoire, Penderie, bureau<\/p>\n<p><strong>Chambre 3 :&nbsp;<\/strong>2 lits de 90cm,&nbsp; chevet, lampe de chevet,&nbsp; Commode<\/p>\n<p><strong>Salle de bain chambre 2 et 3:<\/strong> WC, bain, Vasque, Miroir, S\u00e8che-cheveux<\/p>\n<p><strong>Chambre 4 :&nbsp;<\/strong>Lit 140cm, 1 lits de 90cm,&nbsp; chevet, lampe de chevet,&nbsp; Commode<\/p>\n<p><strong>Salle de bain chambre 4:<\/strong> bain, Vasque, Miroir, S\u00e8che-cheveux, WC ind\u00e9pendant.<\/p>\n<p><strong>Chambre 5:<\/strong> Lit en 160cm, chevets, lampes de chevet, commode, rangement, canap\u00e9 convertible (120cm)<\/p>\n<p><strong>Salle d&rsquo;eau chambre 5:<\/strong> Douche, Vasque, Miroir, WC, S\u00e8che cheveux<\/p>\n<p><strong>Autre : 2<\/strong> Lave linge, \u00c9tendoir, Table et Fer \u00e0 repasser, Aspirateur<\/p>\n<p><strong>Ext\u00e9rieur :<\/strong> Piscine chauff\u00e9e \u00e0 26\u00b0 C de mai \u00e0 octobre, dimension 10m x 4m profondeur 1.50m, Transats, Salon de jardin, Grand Barbecue (70&#215;50), Parasol, balan\u00e7oire, Toboggan, Table de ping pong<\/p>\n<p><strong>D\u00e9tail du linge fourni :<\/strong> 2 torchons de cuisine, tapis de sortie de douche + Si lou\u00e9 : lits complets avec draps housses, draps plats, taies d\u2019oreillers.<\/p>\n<p><strong>Mat\u00e9riel petite enfance :<\/strong> lit b\u00e9b\u00e9, chaise haute<\/p>\n<h2><span style=\"color: #993366;\">Localisation<\/span><\/h2>\n<p><iframe loading=\"lazy\" src=\"https:\/\/www.google.com\/maps\/embed?pb=!1m18!1m12!1m3!1d91406.2915309837!2d5.558370214393916!3d44.00828201408037!2m3!1f0!2f0!3f0!3m2!1i1024!2i768!4f13.1!3m3!1m2!1s0x0%3A0x0!2zNDTCsDAwJzI5LjgiTiA1wrAzNyc0MS42IkU!5e0!3m2!1sfr!2sfr!4v1469029114592\" width=\"600\" height=\"300\" frameborder=\"0\" allowfullscreen=\"allowfullscreen\"><\/iframe><\/p>\n<h2><span style=\"color: #993366;\">Tarifs<\/span><\/h2>\n<p>Par ce que ce n\u2019est pas la quantit\u00e9 des annonces qui fait la qualit\u00e9 d\u2019une offre, APdestination c\u2019est :<\/p>\n<ul>\n<li>1 seul interlocuteur qui connait tous les dossiers<\/li>\n<li>Paiement sans frais de service obligatoires, vous ne payez que le prix de la location<\/li>\n<li>Des locations de vacances contr\u00f4l\u00e9es tous les ans<\/li>\n<li>Des propri\u00e9taires s\u00e9lectionn\u00e9s et qui vous accueillent \u00e0 votre arriv\u00e9e.<\/li>\n<li>Des locations \u00e0 moins de 2 h de voiture de nos bureaux<\/li>\n<\/ul>\n<p>La s\u00e9curit\u00e9 d\u2019un professionnel local sp\u00e9cialiste des locations de vacances en France et plus sp\u00e9cialement Provence, Luberon, Gard.<\/p>\n\n<table id=\"wp-table-reloaded-id-32-no-1\" class=\"wp-table-reloaded wp-table-reloaded-id-32\">\n<thead>\n\t<tr class=\"row-1\">\n\t\t<th colspan=\"2\" class=\"column-1 colspan-2\">P\u00e9riodes tarifaires<\/th><th class=\"column-3\">Semaine<\/th><th class=\"column-4\">2 nuits<\/th>\n\t<\/tr>\n<\/thead>\n<tbody class=\"row-hover\">\n\t<tr class=\"row-2\">\n\t\t<td class=\"column-1\">Moyenne<\/td><td class=\"column-2\">mai<\/td><td class=\"column-3\">2000\u20ac<\/td><td class=\"column-4\">1500\u20ac<\/td>\n\t<\/tr>\n\t<tr class=\"row-3\">\n\t\t<td class=\"column-1\">Moyenne<\/td><td class=\"column-2\">Juin<\/td><td class=\"column-3\">2000\u20ac<\/td><td class=\"column-4\">1300\u20ac<\/td>\n\t<\/tr>\n\t<tr class=\"row-4\">\n\t\t<td class=\"column-1\">Haute<\/td><td class=\"column-2\">juillet - aout<\/td><td class=\"column-3\">3000\u20ac<\/td><td class=\"column-4\"><\/td>\n\t<\/tr>\n\t<tr class=\"row-5\">\n\t\t<td class=\"column-1\">Moyenne<\/td><td class=\"column-2\">septembre<\/td><td class=\"column-3\">2000\u20ac<\/td><td class=\"column-4\">1300\u20ac<\/td>\n\t<\/tr>\n\t<tr class=\"row-6\">\n\t\t<td class=\"column-1\">Basse hors noel<\/td><td class=\"column-2\">octobre -avril<\/td><td class=\"column-3\">1500\u20ac<\/td><td class=\"column-4\">1300\u20ac<\/td>\n\t<\/tr>\n\t<tr class=\"row-7\">\n\t\t<td colspan=\"4\" class=\"column-1 colspan-4\">Options<\/td>\n\t<\/tr>\n\t<tr class=\"row-8\">\n\t\t<td class=\"column-1\"><\/td><td class=\"column-2\">Final cleaning \/ M\u00e9nage final<\/td><td class=\"column-3\">150\u20ac<\/td><td class=\"column-4\">150\u20ac<\/td>\n\t<\/tr>\n\t<tr class=\"row-9\">\n\t\t<td class=\"column-1\"><\/td><td class=\"column-2\">Pack grand lit<\/td><td class=\"column-3\">14\u20ac<\/td><td class=\"column-4\">14\u20ac<\/td>\n\t<\/tr>\n\t<tr class=\"row-10\">\n\t\t<td class=\"column-1\"><\/td><td class=\"column-2\">Pack lit simple<\/td><td class=\"column-3\">10\u20ac<\/td><td class=\"column-4\">10\u20ac<\/td>\n\t<\/tr>\n\t<tr class=\"row-11\">\n\t\t<td class=\"column-1\"><\/td><td class=\"column-2\">Towels\/Linge de toilette<\/td><td class=\"column-3\">5\u20ac\/pers<\/td><td class=\"column-4\">5\u20ac\/pers<\/td>\n\t<\/tr>\n\t<tr class=\"row-12\">\n\t\t<td class=\"column-1\"><\/td><td class=\"column-2\">Deposit \/ Caution non encaiss\u00e9e <\/td><td class=\"column-3\">1000\u20ac<\/td><td class=\"column-4\">1000\u20ac<\/td>\n\t<\/tr>\n\t<tr class=\"row-13\">\n\t\t<td colspan=\"4\" class=\"column-1 colspan-4\">Un acompte de 25% \u00e0 la r\u00e9servation \/ 25% at booking<br \/>\r\nLe solde 1 mois avant le s\u00e9jour \/ the balance 1 month before arrival<\/td>\n\t<\/tr>\n<\/tbody>\n<\/table>\n\n<h2><span style=\"color: #993366;\">Disponibilit\u00e9<\/span><\/h2>\n<p><iframe loading=\"lazy\" style=\"border: solid 1px #777;\" src=\"https:\/\/calendar.google.com\/calendar\/embed?showPrint=0&amp;showTabs=0&amp;showCalendars=0&amp;showTz=0&amp;height=400&amp;wkst=7&amp;hl=fr&amp;bgcolor=%23ffffff&amp;src=hpi847a0cljfr747jscil04l7g%40group.calendar.google.com&amp;color=%23B1365F&amp;ctz=Europe%2FParis\" width=\"600\" height=\"400\" frameborder=\"0\" scrolling=\"no\"><\/iframe><\/p>\n<\/div>\n<h2><span style=\"color: #993366;\">D\u00e9couvrir les environs<br \/>\n<\/span><\/h2>\n<div class=\"csRow\">\n<div class=\"csColumnGap\" style=\"margin: 0px; padding: 0px; float: left; width: 1.56%;\"><img decoding=\"async\" src=\"http:\/\/www.apdestination.com\/wp-content\/plugins\/advanced-wp-columns\/assets\/js\/plugins\/views\/img\/1x1-pixel.png\" alt=\"\"><\/div>\n<div class=\"csColumn\" style=\"margin: 0px; padding: 0px; float: left; width: 31.3%;\" data-csstartpoint=\"15\" data-csendpoint=\"315\" data-cswidth=\"31.3%\" data-csid=\"2a8ab8b2-54a9-d302-8099-7ea2ed33a028\">\n<p><strong>Le Colorado Proven\u00e7al<br \/>\n<\/strong><\/p>\n<p>Form\u00e9s par l&rsquo;\u00e9rosion et par la main de l&rsquo;homme cette ancienne carri\u00e8re d&rsquo;ocre a vu ses paysages se transformer au fil des si\u00e8cles.<\/p>\n<p>Le site est aujourd&rsquo;hui marqu\u00e9 par une succession de sculptures et de falaises d&rsquo;ocres aux couleurs extraordinaires allant du jaune p\u00e2le au rouge vif. En partie recouvert par la for\u00eat ces sculptures min\u00e9rales se dressent vers le ciel bleu azur de Provence offrant un paysage extraordinaire .<br \/>\n<a href=\"http:\/\/www.apdestination.com\/wp-content\/uploads\/Colorado-Proven\u00e7al.jpg\"><img loading=\"lazy\" decoding=\"async\" class=\"alignnone size-full wp-image-4583\" src=\"http:\/\/www.apdestination.com\/wp-content\/uploads\/Colorado-Proven\u00e7al.jpg\" alt=\"colorado-provencal\" width=\"640\" height=\"1000\" srcset=\"https:\/\/www.apdestination.com\/wp-content\/uploads\/Colorado-Proven\u00e7al.jpg 640w, https:\/\/www.apdestination.com\/wp-content\/uploads\/Colorado-Proven\u00e7al-192x300.jpg 192w, https:\/\/www.apdestination.com\/wp-content\/uploads\/Colorado-Proven\u00e7al-624x975.jpg 624w\" sizes=\"auto, (max-width: 640px) 100vw, 640px\" \/><\/a><\/p>\n<\/div>\n<div class=\"csColumnGap\" style=\"margin: 0px; padding: 0px; float: left; width: 1.56%;\"><img decoding=\"async\" src=\"http:\/\/www.apdestination.com\/wp-content\/plugins\/advanced-wp-columns\/assets\/js\/plugins\/views\/img\/1x1-pixel.png\" alt=\"\"><\/div>\n<div class=\"csColumn\" style=\"margin: 0px; padding: 0px; float: left; width: 31.3%;\" data-csstartpoint=\"330\" data-csendpoint=\"630\" data-cswidth=\"31.3%\" data-csid=\"be6f1bdc-b828-a542-875d-5855d70e9ac3\">\n<p>&nbsp;l<span style=\"color: #333333;\"><strong>es villages perch\u00e9s de Haute-Provence et du Lub\u00e9ron<br \/>\n<\/strong><\/span><\/p>\n<p>Du plus modeste au plus majestueux les villages de ce cot\u00e9 du Lub\u00e9ron se perchent sur les hauteurs dominant la vall\u00e9e. Vous \u00eates toujours \u00e0 quelques minutes d&rsquo;une de ces p\u00e9pites: Banon, Simiane-La-Rotonde, Vach\u00e8re, Bonnieux, Oppede le vieux&#8230;. Gordes le plus connu de tous avec son ch\u00e2teau et sa vieille ville admirablement conserv\u00e9s qui s&rsquo;illuminent le soir . Chaque habitant de la r\u00e9gion a son pr\u00e9f\u00e9r\u00e9 et aura plaisir \u00e0 vous le faire d\u00e9couvrir<\/p>\n<p><a href=\"http:\/\/www.apdestination.com\/wp-content\/uploads\/village-de-vachere1.jpg\"><img loading=\"lazy\" decoding=\"async\" class=\"alignnone size-full wp-image-4590\" src=\"http:\/\/www.apdestination.com\/wp-content\/uploads\/village-de-vachere1.jpg\" alt=\"village-de-vachere\" width=\"1200\" height=\"640\" srcset=\"https:\/\/www.apdestination.com\/wp-content\/uploads\/village-de-vachere1.jpg 1200w, https:\/\/www.apdestination.com\/wp-content\/uploads\/village-de-vachere1-300x160.jpg 300w, https:\/\/www.apdestination.com\/wp-content\/uploads\/village-de-vachere1-1024x546.jpg 1024w, https:\/\/www.apdestination.com\/wp-content\/uploads\/village-de-vachere1-624x332.jpg 624w\" sizes=\"auto, (max-width: 1200px) 100vw, 1200px\" \/><\/a><\/p>\n<\/div>\n<div class=\"csColumnGap\" style=\"margin: 0px; padding: 0px; float: left; width: 1.56%;\"><img decoding=\"async\" src=\"http:\/\/www.apdestination.com\/wp-content\/plugins\/advanced-wp-columns\/assets\/js\/plugins\/views\/img\/1x1-pixel.png\" alt=\"\"><\/div>\n<div class=\"csColumn\" style=\"margin: 0px; padding: 0px; float: left; width: 31.3%;\" data-csstartpoint=\"645\" data-csendpoint=\"945\" data-cswidth=\"31.3%\" data-csid=\"93e9441d-4a47-ec5e-8fd4-fcd76687b54f\">\n<p>&nbsp;<strong>Avignon<\/strong><\/p>\n<p>Le c\u0153ur historique d&rsquo;Avignon est aujourd&rsquo;hui class\u00e9 au patrimoine mondial de l&rsquo;UNESCO. Prot\u00e9g\u00e9e par ses remparts, la vieille ville a conserv\u00e9 de merveilleux t\u00e9moignages de son pass\u00e9. \u00c9difi\u00e9 au XIV<sup>e<\/sup> si\u00e8cle, le palais des Papes est une \u00e9tape incontournable de la visite. Cette forteresse, r\u00e9sidence des papes au XIV<sup>e<\/sup> si\u00e8cle, est un superbe palais gothique compos\u00e9 de deux parties, le Palais Vieux et le Palais Neuf.<\/p>\n<p><a href=\"http:\/\/www.apdestination.com\/wp-content\/uploads\/Avignon_Palais_des_Papes_depuis_Tour_Philippe_le_Bel_by_JM_Rosier.jpg\"><img loading=\"lazy\" decoding=\"async\" class=\"alignnone size-full wp-image-4483\" src=\"http:\/\/www.apdestination.com\/wp-content\/uploads\/Avignon_Palais_des_Papes_depuis_Tour_Philippe_le_Bel_by_JM_Rosier.jpg\" alt=\"avignon_palais_des_papes_depuis_tour_philippe_le_bel_by_jm_rosier\" width=\"2000\" height=\"1197\" srcset=\"https:\/\/www.apdestination.com\/wp-content\/uploads\/Avignon_Palais_des_Papes_depuis_Tour_Philippe_le_Bel_by_JM_Rosier.jpg 2000w, https:\/\/www.apdestination.com\/wp-content\/uploads\/Avignon_Palais_des_Papes_depuis_Tour_Philippe_le_Bel_by_JM_Rosier-300x179.jpg 300w, https:\/\/www.apdestination.com\/wp-content\/uploads\/Avignon_Palais_des_Papes_depuis_Tour_Philippe_le_Bel_by_JM_Rosier-1024x612.jpg 1024w, https:\/\/www.apdestination.com\/wp-content\/uploads\/Avignon_Palais_des_Papes_depuis_Tour_Philippe_le_Bel_by_JM_Rosier-624x373.jpg 624w\" sizes=\"auto, (max-width: 2000px) 100vw, 2000px\" \/><\/a><\/p>\n<\/div>\n<div class=\"csColumnGap\" style=\"margin: 0px; padding: 0px; float: left; width: 1.56%;\"><img decoding=\"async\" src=\"http:\/\/www.apdestination.com\/wp-content\/plugins\/advanced-wp-columns\/assets\/js\/plugins\/views\/img\/1x1-pixel.png\" alt=\"\"><\/div>\n<div style=\"clear: both; float: none; display: block; visibility: hidden; width: 0px; font-size: 0px; line-height: 0;\">&nbsp;<\/div>\n<\/div>\n<div class=\"csRow\">&nbsp;<\/div>\n<div class=\"csRow\">\n<div class=\"csColumnGap\" style=\"margin: 0px; padding: 0px; float: left; width: 1.56%;\"><img decoding=\"async\" src=\"http:\/\/www.apdestination.com\/wp-content\/plugins\/advanced-wp-columns\/assets\/js\/plugins\/views\/img\/1x1-pixel.png\" alt=\"\"><\/div>\n<div class=\"csColumn\" style=\"margin: 0px; padding: 0px; float: left; width: 31.3%;\" data-csstartpoint=\"645\" data-csendpoint=\"945\" data-cswidth=\"31.3%\" data-csid=\"4de58bf4-c27b-b9a2-ae34-33caf6e2fa4b\">&nbsp;<\/div>\n<div class=\"csColumnGap\" style=\"margin: 0px; padding: 0px; float: left; width: 1.56%;\"><img decoding=\"async\" src=\"http:\/\/www.apdestination.com\/wp-content\/plugins\/advanced-wp-columns\/assets\/js\/plugins\/views\/img\/1x1-pixel.png\" alt=\"\"><\/div>\n<\/div>\n<div class=\"csRow\">\n<div class=\"csColumnGap\" style=\"margin: 0px; padding: 0px; float: left; width: 1.56%;\"><img decoding=\"async\" src=\"http:\/\/www.apdestination.com\/wp-content\/plugins\/advanced-wp-columns\/assets\/js\/plugins\/views\/img\/1x1-pixel.png\" alt=\"\"><\/div>\n<div class=\"csColumn\" style=\"margin: 0px; padding: 0px; float: left; width: 31.3%; text-align: justify;\" data-csstartpoint=\"15\" data-csendpoint=\"315\" data-cswidth=\"31.3%\" data-csid=\"73c52862-1d0a-3124-90a8-a09925653ba6\">\n<p><strong>L&rsquo;abbaye de Valsaintes<br \/>\n<\/strong><\/p>\n<p>La visite du jardin de l&rsquo;abbaye de Valsaintes est une invitation \u00e0 l&rsquo;\u00e9merveillement, la fl\u00e2nerie, la d\u00e9tente et la s\u00e9r\u00e9nit\u00e9 alli\u00e9e au plaisir de la d\u00e9couverte d&rsquo;un espace naturel, historique et spirituel exceptionnel.<\/p>\n<p>Au rythme des restanques, vous pourrez d\u00e9ambuler parmi des espaces floraux riches de 550 vari\u00e9t\u00e9s de roses associ\u00e9es \u00e0 une flore spontan\u00e9e ou introduite.<\/p>\n<p><a href=\"http:\/\/www.apdestination.com\/wp-content\/uploads\/apdestination-abbaye-de-valsainte.jpg\"><img loading=\"lazy\" decoding=\"async\" class=\"alignnone size-full wp-image-4584\" src=\"http:\/\/www.apdestination.com\/wp-content\/uploads\/apdestination-abbaye-de-valsainte.jpg\" alt=\"apdestination-abbaye-de-valsainte\" width=\"2048\" height=\"1536\" srcset=\"https:\/\/www.apdestination.com\/wp-content\/uploads\/apdestination-abbaye-de-valsainte.jpg 2048w, https:\/\/www.apdestination.com\/wp-content\/uploads\/apdestination-abbaye-de-valsainte-300x225.jpg 300w, https:\/\/www.apdestination.com\/wp-content\/uploads\/apdestination-abbaye-de-valsainte-1024x768.jpg 1024w, https:\/\/www.apdestination.com\/wp-content\/uploads\/apdestination-abbaye-de-valsainte-624x468.jpg 624w\" sizes=\"auto, (max-width: 2048px) 100vw, 2048px\" \/><\/a><\/p>\n<\/div>\n<div class=\"csColumnGap\" style=\"margin: 0px; padding: 0px; float: left; width: 1.56%;\"><img decoding=\"async\" src=\"http:\/\/www.apdestination.com\/wp-content\/plugins\/advanced-wp-columns\/assets\/js\/plugins\/views\/img\/1x1-pixel.png\" alt=\"\"><\/div>\n<div class=\"csColumn\" style=\"margin: 0px; padding: 0px; float: left; width: 31.3%;\" data-csstartpoint=\"330\" data-csendpoint=\"630\" data-cswidth=\"31.3%\" data-csid=\"3321e960-9ab5-cc73-955d-dd639a5c4a06\">\n<p><strong>Les gorges du Verdon<\/strong><br \/>\nEn cano\u00e9, b\u00e2teau \u00e9lectrique ou de croisi\u00e8re, les gorges du Verdon se visitent le temps d&rsquo;une journ\u00e9e.<br \/>\nIl y a le haut Verdon avec le lac de Sainte Croix aux eaux turquoises et les gorges sublimes encadr\u00e9es de falaises vertigineuses. Et les basses gorges plus sauvages qui partent du lac d&rsquo;Esparon. Un chemin am\u00e9nag\u00e9 parcourt \u00e9galement la totalit\u00e9 des gorges passant au plus pr\u00e8s de l&rsquo;eau, empruntant des passerelles et quelques tunnels<\/p>\n<p><a href=\"http:\/\/www.apdestination.com\/wp-content\/uploads\/apdestination-gorges-du-verdon.jpg\"><img loading=\"lazy\" decoding=\"async\" class=\"alignnone size-full wp-image-4585\" src=\"http:\/\/www.apdestination.com\/wp-content\/uploads\/apdestination-gorges-du-verdon.jpg\" alt=\"apdestination-gorges-du-verdon\" width=\"2000\" height=\"1333\" srcset=\"https:\/\/www.apdestination.com\/wp-content\/uploads\/apdestination-gorges-du-verdon.jpg 2000w, https:\/\/www.apdestination.com\/wp-content\/uploads\/apdestination-gorges-du-verdon-300x199.jpg 300w, https:\/\/www.apdestination.com\/wp-content\/uploads\/apdestination-gorges-du-verdon-1024x682.jpg 1024w, https:\/\/www.apdestination.com\/wp-content\/uploads\/apdestination-gorges-du-verdon-624x415.jpg 624w\" sizes=\"auto, (max-width: 2000px) 100vw, 2000px\" \/><\/a><\/p>\n<p>&nbsp;<\/p>\n<\/div>\n<div class=\"csColumnGap\" style=\"margin: 0px; padding: 0px; float: left; width: 1.56%;\"><img decoding=\"async\" src=\"http:\/\/www.apdestination.com\/wp-content\/plugins\/advanced-wp-columns\/assets\/js\/plugins\/views\/img\/1x1-pixel.png\" alt=\"\"><\/div>\n<div class=\"csColumn\" style=\"margin: 0px; padding: 0px; float: left; width: 31.3%;\" data-csstartpoint=\"645\" data-csendpoint=\"945\" data-cswidth=\"31.3%\" data-csid=\"b125aee4-88df-46cd-ac8d-b66e6b87608d\">\n<p><strong>Les Calanques de Cassis<br \/>\n<\/strong><\/p>\n<p>On ne peut passer des vacances en Provence sans aller passer une journ\u00e9e au bord de la mer. D\u00e9couvrir Cassis et ses falaises class\u00e9es, une des plus hautes d&rsquo;Europe avec 399m. Le village tr\u00e8s touristique est le point de d\u00e9part de nombreuses promenades en mer pour d\u00e9couvrir les calanques qui s&rsquo;\u00e9tendent jusqu\u2019\u00e0 Marseille. Elle se visitent \u00e9galement \u00e0 pied pour les plus courageux.<\/p>\n<p><a href=\"http:\/\/www.apdestination.com\/wp-content\/uploads\/Calanques-de-Cassis.jpg\"><img loading=\"lazy\" decoding=\"async\" class=\"alignnone size-full wp-image-4586\" src=\"http:\/\/www.apdestination.com\/wp-content\/uploads\/Calanques-de-Cassis.jpg\" alt=\"calanques-de-cassis\" width=\"1200\" height=\"640\" srcset=\"https:\/\/www.apdestination.com\/wp-content\/uploads\/Calanques-de-Cassis.jpg 1200w, https:\/\/www.apdestination.com\/wp-content\/uploads\/Calanques-de-Cassis-300x160.jpg 300w, https:\/\/www.apdestination.com\/wp-content\/uploads\/Calanques-de-Cassis-1024x546.jpg 1024w, https:\/\/www.apdestination.com\/wp-content\/uploads\/Calanques-de-Cassis-624x332.jpg 624w\" sizes=\"auto, (max-width: 1200px) 100vw, 1200px\" \/><\/a><\/p>\n<p>&nbsp;<\/p>\n<\/div>\n<div class=\"csColumnGap\" style=\"margin: 0px; padding: 0px; float: left; width: 1.56%;\"><img decoding=\"async\" src=\"http:\/\/www.apdestination.com\/wp-content\/plugins\/advanced-wp-columns\/assets\/js\/plugins\/views\/img\/1x1-pixel.png\" alt=\"\"><\/div>\n<div style=\"clear: both; float: none; display: block; visibility: hidden; width: 0px; font-size: 0px; line-height: 0;\">&nbsp;<\/div>\n<\/div>\n<p>&nbsp;<\/p>\n","protected":false},"excerpt":{"rendered":"<p>Location 5 chambres en campagne dans un joli Mas en pierre avec piscine de 10mx4m chauff\u00e9e Le charme de la Provence et l\u2019authenticit\u00e9 de la pierre, pour ce g\u00eete 15 personnes am\u00e9nag\u00e9 dans un mas en pierre \u00e0 seulement 2 km du village de Banon. Des vacances loin du bruit, et de la pollution, avec [&hellip;]<\/p>\n","protected":false},"author":1,"featured_media":0,"parent":0,"menu_order":0,"comment_status":"closed","ping_status":"open","template":"","meta":{"ngg_post_thumbnail":0,"footnotes":""},"class_list":["post-3931","page","type-page","status-publish","hentry"],"_links":{"self":[{"href":"https:\/\/www.apdestination.com\/fr\/wp-json\/wp\/v2\/pages\/3931","targetHints":{"allow":["GET"]}}],"collection":[{"href":"https:\/\/www.apdestination.com\/fr\/wp-json\/wp\/v2\/pages"}],"about":[{"href":"https:\/\/www.apdestination.com\/fr\/wp-json\/wp\/v2\/types\/page"}],"author":[{"embeddable":true,"href":"https:\/\/www.apdestination.com\/fr\/wp-json\/wp\/v2\/users\/1"}],"replies":[{"embeddable":true,"href":"https:\/\/www.apdestination.com\/fr\/wp-json\/wp\/v2\/comments?post=3931"}],"version-history":[{"count":87,"href":"https:\/\/www.apdestination.com\/fr\/wp-json\/wp\/v2\/pages\/3931\/revisions"}],"predecessor-version":[{"id":9350,"href":"https:\/\/www.apdestination.com\/fr\/wp-json\/wp\/v2\/pages\/3931\/revisions\/9350"}],"wp:attachment":[{"href":"https:\/\/www.apdestination.com\/fr\/wp-json\/wp\/v2\/media?parent=3931"}],"curies":[{"name":"wp","href":"https:\/\/api.w.org\/{rel}","templated":true}]}}