{"id":3402,"date":"2016-03-11T07:38:48","date_gmt":"2016-03-11T06:38:48","guid":{"rendered":"http:\/\/www.apdestination.com\/?page_id=3402"},"modified":"2024-09-11T08:44:56","modified_gmt":"2024-09-11T07:44:56","slug":"pourquoi-le-groupement","status":"publish","type":"page","link":"https:\/\/www.apdestination.com\/fr\/pourquoi-le-groupement\/","title":{"rendered":"Pourquoi un groupement de propri\u00e9taires de locations de vacances ?"},"content":{"rendered":"<p><img loading=\"lazy\" decoding=\"async\" class=\"alignnone size-full wp-image-1368\" src=\"http:\/\/www.apdestination.com\/wp-content\/uploads\/village-de-vacheres.jpg\" alt=\"village de vacheres\" width=\"1600\" height=\"500\" srcset=\"https:\/\/www.apdestination.com\/wp-content\/uploads\/village-de-vacheres.jpg 1600w, https:\/\/www.apdestination.com\/wp-content\/uploads\/village-de-vacheres-300x93.jpg 300w, https:\/\/www.apdestination.com\/wp-content\/uploads\/village-de-vacheres-1024x320.jpg 1024w, https:\/\/www.apdestination.com\/wp-content\/uploads\/village-de-vacheres-624x195.jpg 624w\" sizes=\"auto, (max-width: 1600px) 100vw, 1600px\" \/><\/p>\n<p><strong><span style=\"color: #993366;\">Plus qu&rsquo;une agence<br \/>\n<\/span><\/strong><\/p>\n<p>Mon exp\u00e9rience de propri\u00e9taire de locations de vacances, et de touriste, m\u2019a permis de r\u00e9aliser que ce n&rsquo;est pas parce que l&rsquo;offre locative est abondante qu&rsquo;elle est pour autant accessible et claire. De nouveaux sites internet se cr\u00e9ent tous les jours, et dispara\u00eetront tout aussi vite tant qu&rsquo;il n\u2019y aura personne derri\u00e8re ces vitrines d\u00e9shumanis\u00e9es dont l&rsquo;objectif est de faire payer au maximum les propri\u00e9taires et les vacanciers\u2026Mais elles peuvent offrir des opportunit\u00e9s, pour des loueurs qui se rassemblent et s\u2019organisent pour pr\u00e9senter une offre attractive, dans un cadre rassurant&nbsp;:<\/p>\n<p><span style=\"color: #993366;\"><strong>Le groupement de propri\u00e9taires permet d\u2019offrir un service de meilleure qualit\u00e9 aux vacanciers:<\/strong><\/span><\/p>\n<p>&#8211;<strong> Plus de Disponibilit\u00e9<\/strong>, avec une \u00e9quipe compos\u00e9e d&rsquo;une interlocutrice Locale dont l&rsquo;activit\u00e9 principale est de r\u00e9pondre aux demandes des vacanciers, en fran\u00e7ais en anglais ou espagnol, et des propri\u00e9taires lib\u00e9r\u00e9s de contraintes de gestions, qui peuvent se consacrer \u00e0 l\u2019accueil de leurs h\u00f4tes<\/p>\n<p>&#8211; <strong>Plus de Professionnalisme<\/strong>&nbsp; pour des paiements s\u00e9curis\u00e9s, immatriculation RCS Manosque n\u00b0807&nbsp;627&nbsp; 427, carte professionnelle 477 T et G, d\u00e9livr\u00e9e par la Pr\u00e9fecture de Digne-les-Bains, assurance responsabilit\u00e9 civile professionnelle, organisme de caution Compagnie Europ\u00e9enne de Garanties et Cautions, 16 rue Hoche, Tour Kupka B, TSA 39999, 92919 La Defense Cedex, montant de la garantie 110&nbsp;000 \u20ac<\/p>\n<p>&#8211; <strong>Plus de S\u00e9curit\u00e9<\/strong>: Halte aux arnaques ! V\u00e9rification de la conformit\u00e9 de la location avec l&rsquo;annonce, je visite personnellement et s\u00e9lectionne chacun des biens propos\u00e9s au catalogue<\/p>\n<p>&#8211; <strong>Plus de Souplesse <\/strong>: Un h\u00e9bergement n&rsquo;offre pas les dates ou les prestations recherch\u00e9es ? Assur\u00e9ment, nous les trouverons pour vous parmi les autres locations de notre s\u00e9lection<\/p>\n<p>&#8211; <strong>Plus d&rsquo;Accompagnement :<\/strong> R\u00e9pondre \u00e0 toutes vos questions avant de partir, qu\u2019elles soient pratiques, ou touristiques, car un projet de vacances ne doit pas \u00eatre source de stress&nbsp;!<\/p>\n<p>Sans oublier : Plus de Soleil, 300 jours par an, et Plus de Sourire : tous les jours de l&rsquo;ann\u00e9e !<\/p>\n<p>&nbsp;<\/p>\n<p>&nbsp;<\/p>\n","protected":false},"excerpt":{"rendered":"<p>Plus qu&rsquo;une agence Mon exp\u00e9rience de propri\u00e9taire de locations de vacances, et de touriste, m\u2019a permis de r\u00e9aliser que ce n&rsquo;est pas parce que l&rsquo;offre locative est abondante qu&rsquo;elle est pour autant accessible et claire. De nouveaux sites internet se cr\u00e9ent tous les jours, et dispara\u00eetront tout aussi vite tant qu&rsquo;il n\u2019y aura personne derri\u00e8re [&hellip;]<\/p>\n","protected":false},"author":1,"featured_media":0,"parent":0,"menu_order":0,"comment_status":"closed","ping_status":"open","template":"","meta":{"ngg_post_thumbnail":0,"footnotes":""},"class_list":["post-3402","page","type-page","status-publish","hentry"],"_links":{"self":[{"href":"https:\/\/www.apdestination.com\/fr\/wp-json\/wp\/v2\/pages\/3402","targetHints":{"allow":["GET"]}}],"collection":[{"href":"https:\/\/www.apdestination.com\/fr\/wp-json\/wp\/v2\/pages"}],"about":[{"href":"https:\/\/www.apdestination.com\/fr\/wp-json\/wp\/v2\/types\/page"}],"author":[{"embeddable":true,"href":"https:\/\/www.apdestination.com\/fr\/wp-json\/wp\/v2\/users\/1"}],"replies":[{"embeddable":true,"href":"https:\/\/www.apdestination.com\/fr\/wp-json\/wp\/v2\/comments?post=3402"}],"version-history":[{"count":18,"href":"https:\/\/www.apdestination.com\/fr\/wp-json\/wp\/v2\/pages\/3402\/revisions"}],"predecessor-version":[{"id":9218,"href":"https:\/\/www.apdestination.com\/fr\/wp-json\/wp\/v2\/pages\/3402\/revisions\/9218"}],"wp:attachment":[{"href":"https:\/\/www.apdestination.com\/fr\/wp-json\/wp\/v2\/media?parent=3402"}],"curies":[{"name":"wp","href":"https:\/\/api.w.org\/{rel}","templated":true}]}}