{"id":9280,"date":"2024-10-11T13:20:35","date_gmt":"2024-10-11T12:20:35","guid":{"rendered":"http:\/\/www.apdestination.com\/?page_id=9280"},"modified":"2026-01-14T13:15:01","modified_gmt":"2026-01-14T12:15:01","slug":"apd30vla-maison-de-vacances-avec-piscine","status":"publish","type":"page","link":"http:\/\/www.apdestination.com\/fr\/apd30vla-maison-de-vacances-avec-piscine\/","title":{"rendered":"apd30vla-Maison de vacances avec piscine"},"content":{"rendered":"<p><\/p>\n\n\n<figure class=\"wp-block-image size-large\"><img loading=\"lazy\" decoding=\"async\" width=\"1024\" height=\"682\" src=\"http:\/\/www.apdestination.com\/wp-content\/uploads\/apd30vla-vacances-dans-le-gard-1024x682.jpg\" alt=\"\" class=\"wp-image-9281\" srcset=\"http:\/\/www.apdestination.com\/wp-content\/uploads\/apd30vla-vacances-dans-le-gard-1024x682.jpg 1024w, http:\/\/www.apdestination.com\/wp-content\/uploads\/apd30vla-vacances-dans-le-gard-300x200.jpg 300w, http:\/\/www.apdestination.com\/wp-content\/uploads\/apd30vla-vacances-dans-le-gard-768x512.jpg 768w, http:\/\/www.apdestination.com\/wp-content\/uploads\/apd30vla-vacances-dans-le-gard-1536x1024.jpg 1536w, http:\/\/www.apdestination.com\/wp-content\/uploads\/apd30vla-vacances-dans-le-gard-624x416.jpg 624w, http:\/\/www.apdestination.com\/wp-content\/uploads\/apd30vla-vacances-dans-le-gard.jpg 2000w\" sizes=\"auto, (max-width: 1024px) 100vw, 1024px\" \/><\/figure>\n\n\n<h2><img loading=\"lazy\" decoding=\"async\" class=\"alignnone wp-image-9304 size-full\" src=\"http:\/\/www.apdestination.com\/wp-content\/uploads\/apd30vla1-1.png\" alt=\"\" width=\"1200\" height=\"100\" srcset=\"http:\/\/www.apdestination.com\/wp-content\/uploads\/apd30vla1-1.png 1200w, http:\/\/www.apdestination.com\/wp-content\/uploads\/apd30vla1-1-300x25.png 300w, http:\/\/www.apdestination.com\/wp-content\/uploads\/apd30vla1-1-1024x85.png 1024w, http:\/\/www.apdestination.com\/wp-content\/uploads\/apd30vla1-1-768x64.png 768w, http:\/\/www.apdestination.com\/wp-content\/uploads\/apd30vla1-1-624x52.png 624w\" sizes=\"auto, (max-width: 1200px) 100vw, 1200px\" \/><\/h2>\n<h2>Maison avec jardin dans un quartier calme \u00e0 15 minutes du centre historique d&rsquo;Avignon.<\/h2>\n<div class=\"property-description\">\n<p>Bienvenue dans un havre de paix \u00e0 Villeneuve-l\u00e8s-Avignon, o\u00f9 le charme proven\u00e7al rencontre la tranquillit\u00e9 absolue. Cette magnifique maison enti\u00e8rement r\u00e9nov\u00e9e vous invite \u00e0 une escapade inoubliable, loin du tumulte quotidien, pour un s\u00e9jour sous le signe de la d\u00e9tente et du bien-\u00eatre. Nich\u00e9e au c\u0153ur d\u2019un grand jardin cl\u00f4tur\u00e9, cette oasis pour 6 personnes vous offre une parenth\u00e8se de calme o\u00f9 r\u00e8gne la douceur de vivre.<\/p>\n<p>D\u00e8s votre arriv\u00e9e, vous serez captiv\u00e9 par la luminosit\u00e9 et les couleurs chatoyantes de la Provence, qui se refl\u00e8tent \u00e0 travers les grandes fen\u00eatres ouvertes sur le jardin. Laissez-vous bercer par le chant des cigales en d\u00e9jeunant \u00e0 l&rsquo;ombre d&rsquo;un majestueux ch\u00eane, ou profitez du soleil au bord de la piscine priv\u00e9e, \u00e0 l\u2019abri des regards. Imaginez-vous, allong\u00e9 sur un transat, savourant la douceur des journ\u00e9es ensoleill\u00e9es, avec la fra\u00eecheur de la piscine de 6 m\u00e8tres sur 3,75 \u00e0 port\u00e9e de main.<\/p>\n<p>\u00c0 l\u2019int\u00e9rieur, le confort est au rendez-vous gr\u00e2ce au chauffage et \u00e0 la climatisation centralis\u00e9s, pour que vous vous sentiez parfaitement \u00e0 l&rsquo;aise en toute saison. Le s\u00e9jour lumineux et accueillant vous attend, avec un confortable canap\u00e9 et des fauteuils parfaits pour se d\u00e9tendre apr\u00e8s une journ\u00e9e d\u2019aventures. La cuisine ind\u00e9pendante, \u00e9quip\u00e9e avec soin comme \u00e0 la maison, donne sur une charmante terrasse couverte, id\u00e9ale pour des repas conviviaux en plein air, avec une plancha en inox pour sublimer vos grillades.<\/p>\n<p>Les trois chambres, \u00e9l\u00e9gantes et spacieuses, vous promettent des nuits reposantes. Deux grandes chambres avec lits queen-size et une troisi\u00e8me avec deux lits simples offrent un confort parfait pour des vacances en famille ou entre amis. Le linge de lit et de toilette est inclus pour vous permettre de voyager l\u00e9ger et de profiter pleinement de votre s\u00e9jour. Une salle d\u2019eau moderne avec une douche \u00e0 l&rsquo;italienne et un WC ind\u00e9pendant ajoutent une touche de raffinement suppl\u00e9mentaire \u00e0 cette belle maison.<\/p>\n<p>Et pour ceux qui souhaitent allier travail et \u00e9vasion, un espace bureau est \u00e0 votre disposition dans l&rsquo;une des chambres, parfait pour travailler dans le calme et la s\u00e9r\u00e9nit\u00e9.<\/p>\n<p>Afin de vous offrir une exp\u00e9rience de vacances sans contraintes, le m\u00e9nage de fin de s\u00e9jour est \u00e9galement inclus. Vous n&rsquo;aurez qu&rsquo;\u00e0 vous d\u00e9tendre et profiter du cadre exceptionnel qui vous entoure.<\/p>\n<p>Le cadre exceptionnel de la r\u00e9gion vous promet \u00e9galement de magnifiques d\u00e9couvertes. Situ\u00e9e \u00e0 proximit\u00e9 des plus belles villes romaines et m\u00e9di\u00e9vales du sud de la France \u2013 Avignon, N\u00eemes, Arles, Orange, ou encore Uz\u00e8s \u2013 cette maison est le point de d\u00e9part id\u00e9al pour explorer des tr\u00e9sors historiques et culturels uniques. D\u00e9gustez les saveurs de la gastronomie locale, visitez les c\u00e9l\u00e8bres vignobles et laissez-vous enchanter par des sites aussi embl\u00e9matiques que le pont du Gard. Chaque saison vous r\u00e9serve des moments inoubliables, entre traditions proven\u00e7ales et paysages \u00e0 couper le souffle.<\/p>\n<p>Que vous soyez en qu\u00eate de repos, de d\u00e9couvertes ou d&rsquo;aventures, cette maison de vacances vous offre une exp\u00e9rience hors du temps, o\u00f9 chaque instant est une invitation \u00e0 la r\u00eaverie.<\/p>\n<p class=\"prop-desc-txt\">&nbsp;<\/p>\n<h2><span style=\"color: #993366;\">&nbsp;Galerie photos<\/span><\/h2>\nngg_shortcode_0_placeholder\n<h2 class=\"title\"><span style=\"color: #993366;\">\u00c9quipements<br \/><\/span><\/h2>\n<div class=\"entry\">\n<div class=\"ob-section ob-section-text\">\n<div class=\"ob-text\">\n<p><strong>Gite de 98m\u00b2 \u2013 Capacit\u00e9 : 6 places. 3 Chambres. Acc\u00e8s ind\u00e9pendant, chauffage et climatisation centralis\u00e9e.<\/strong><\/p>\n<p>Animaux autoris\u00e9s avec information et consentement pr\u00e9alable du propri\u00e9taire.<\/p>\n<p><strong>G\u00e9n\u00e9ral : <\/strong>internet WIFI 600 Mo, TV, parking gratuit sur place<\/p>\n<p><strong>Salon:<\/strong> Canap\u00e9 3 places, deux fauteuils, table basse, T\u00e9l\u00e9vision connect\u00e9e 140cm, biblioth\u00e8que, Connexion internet, table et chaises pour 2 personnes, chemin\u00e9e d\u00e9corative<\/p>\n<p><strong>Cuisine \u00e9quip\u00e9e :<\/strong> Four \u00e9lectrique, Lave-vaisselle 12 couverts, plaque induction, Micro-onde, R\u00e9frig\u00e9rateur\/cong\u00e9lateur, Nespresso, Bouilloire, Grille pain, mixeur a soupe, r\u00e2pe \u00e0 l\u00e9gume, Vaisselle courante pour 6 personnes, table et chaises pour 6 personnes<\/p>\n<p><strong>Chambre 1 : <\/strong>Lit 160cm, Penderie, armoire, bureau, chaises, chevets, lampes de chevets<\/p>\n<p><strong>Chambre 2 : <\/strong>Lit 160cm, Penderie, armoire, fauteuil, chevets, lampes de chevets<\/p>\n<p><strong>Chambre 3 <\/strong><strong>: <\/strong>2 lits de 90cm, commode<\/p>\n<p><strong>Sanitaires : <\/strong>Douche italienne, miroir, radiateur, lavabo, s\u00e8che cheveux, s\u00e8che serviettes, rangement<\/p>\n<p><strong>WC ind\u00e9pendant <\/strong>:<\/p>\n<p><strong>Autres&nbsp;:<\/strong> Lave linge, \u00c9tendoir, Table et fer \u00e0 repasser, Aspirateur<\/p>\n<p><strong>Ext\u00e9rieur :&nbsp;<\/strong> Terrasse couverte avec evier et plancha electrique inox, Table et chaises de jardin, Voile d&rsquo;ombrage, Piscine hors sol de 6m x 3.75m x1.2m de profondeur, s\u00e9curis\u00e9e par \u00e9chelle escamotable, Transats, Balan\u00e7oire.<\/p>\n<p><strong>D\u00e9tail du linge fourni :<\/strong> 2 torchons de cuisine, tapis de douche, lits complets avec draps housses, housse de couette, taies d\u2019oreillers, linge de toilette<\/p>\n<p><strong>Mat\u00e9riel petite enfance :<\/strong> lit b\u00e9b\u00e9, chaise haute<\/p>\n<\/div>\n<\/div>\n<\/div>\n<h2><span style=\"color: #993366;\">Localisation<\/span><\/h2>\n<p><iframe loading=\"lazy\" style=\"border: 0;\" src=\"https:\/\/www.google.com\/maps\/embed?pb=!1m18!1m12!1m3!1d1246.0931405806289!2d4.785008717970143!3d43.9719542888907!2m3!1f0!2f0!3f0!3m2!1i1024!2i768!4f13.1!3m3!1m2!1s0x12b5eb138d3dd579%3A0x7a18911fe226f890!2s33%20Chem.%20du%20Mourion%2C%2030400%20Villeneuve-l%C3%A8s-Avignon!5e1!3m2!1sfr!2sfr!4v1728647166590!5m2!1sfr!2sfr\" width=\"600\" height=\"450\" allowfullscreen=\"allowfullscreen\"><\/iframe><\/p>\n<h2><span style=\"color: #993366;\">Tarifs<\/span><\/h2>\n<p>Par ce que ce n\u2019est pas la quantit\u00e9 des annonces qui fait la qualit\u00e9 d\u2019une offre, APdestination c\u2019est :<\/p>\n<ul>\n<li>1 seul interlocuteur qui connait tous les dossiers<\/li>\n<li>Paiement sans frais de service obligatoires, vous ne payez que le prix de la location<\/li>\n<li>Des locations de vacances contr\u00f4l\u00e9es tous les ans<\/li>\n<li>Des propri\u00e9taires s\u00e9lectionn\u00e9s et qui vous accueillent \u00e0 votre arriv\u00e9e.<\/li>\n<li>Des locations \u00e0 moins de 2 h de voiture de nos bureaux<\/li>\n<\/ul>\n<p>La s\u00e9curit\u00e9 d\u2019un professionnel local sp\u00e9cialiste des locations de vacances en France et plus sp\u00e9cialement Provence, Luberon, Gard.<\/p>\n\n<table id=\"wp-table-reloaded-id-67-no-1\" class=\"wp-table-reloaded wp-table-reloaded-id-67\">\n<thead>\n\t<tr class=\"row-1\">\n\t\t<th class=\"column-1\">P\u00e9riode tarifaires<\/th><th colspan=\"2\" class=\"column-2 colspan-2\">Tarif unique de 1 \u00e0 7 nuits<\/th>\n\t<\/tr>\n<\/thead>\n<tbody class=\"row-hover\">\n\t<tr class=\"row-2\">\n\t\t<td class=\"column-1\">Basse<\/td><td class=\"column-2\">Octobre \u00e0 mai<\/td><td class=\"column-3\">700\u20ac\/semaine<\/td>\n\t<\/tr>\n\t<tr class=\"row-3\">\n\t\t<td class=\"column-1\">Moyenne<\/td><td class=\"column-2\"> juin<\/td><td class=\"column-3\">750\u20ac\/semaine<\/td>\n\t<\/tr>\n\t<tr class=\"row-4\">\n\t\t<td class=\"column-1\">Tr\u00e8s haute<\/td><td class=\"column-2\">festival d'Avignon<\/td><td class=\"column-3\">1200\u20ac\/semaine<\/td>\n\t<\/tr>\n\t<tr class=\"row-5\">\n\t\t<td class=\"column-1\">Haute<\/td><td class=\"column-2\">juillet -aout<\/td><td class=\"column-3\">1100\u20ac\/semaine<\/td>\n\t<\/tr>\n\t<tr class=\"row-6\">\n\t\t<td class=\"column-1\">Moyenne<\/td><td class=\"column-2\">septembre<\/td><td class=\"column-3\">750\u20ac\/semaine<\/td>\n\t<\/tr>\n\t<tr class=\"row-7\">\n\t\t<td class=\"column-1\">Vacances de Noel et automne <\/td><td class=\"column-2\">1 \u00e0 7 nuits<\/td><td class=\"column-3\">750\u20ac\/semaine<\/td>\n\t<\/tr>\n\t<tr class=\"row-8\">\n\t\t<td colspan=\"3\" class=\"column-1 colspan-3\">Options<\/td>\n\t<\/tr>\n\t<tr class=\"row-9\">\n\t\t<td class=\"column-1\"><\/td><td class=\"column-2\">Final cleaning \/ M\u00e9nage final<\/td><td class=\"column-3\">Inclus<\/td>\n\t<\/tr>\n\t<tr class=\"row-10\">\n\t\t<td class=\"column-1\"><\/td><td class=\"column-2\">Bed linen per week and per person \/ Location de draps sur demande<\/td><td class=\"column-3\">Inclus<\/td>\n\t<\/tr>\n\t<tr class=\"row-11\">\n\t\t<td class=\"column-1\"><\/td><td class=\"column-2\">Linge de toilette\/towels<\/td><td class=\"column-3\">Inclus<\/td>\n\t<\/tr>\n\t<tr class=\"row-12\">\n\t\t<td class=\"column-1\"><\/td><td class=\"column-2\">Deposit \/ Caution non encaiss\u00e9e <\/td><td class=\"column-3\">600\u20ac<\/td>\n\t<\/tr>\n<\/tbody>\n<\/table>\n\n<h2>&nbsp;<span style=\"color: #993366;\">Disponibilit\u00e9<\/span><\/h2>\n<p><iframe loading=\"lazy\" style=\"border: solid 1px #777;\" src=\"https:\/\/calendar.google.com\/calendar\/embed?height=600&amp;wkst=7&amp;ctz=Europe%2FParis&amp;bgcolor=%23ffffff&amp;showTz=0&amp;showCalendars=0&amp;showTabs=0&amp;showPrint=0&amp;src=YTBhNWExZTQ5NWFjNDNmMWRiZDUwMThkZTA4NzU5MDAxMzgzZmQxY2NkMTExN2E1MTE1NmFkMjg4NWU4OThjNkBncm91cC5jYWxlbmRhci5nb29nbGUuY29t&amp;color=%23D81B60\" width=\"600\" height=\"400\" frameborder=\"0\" scrolling=\"no\"><\/iframe><\/p>\n<h2><span style=\"color: #993366;\">D\u00e9couvrir les environs<br \/><\/span><\/h2>\n<div class=\"csRow\">\n<div class=\"csColumnGap\" style=\"margin: 0px; padding: 0px; float: left; width: 1.56%;\"><img decoding=\"async\" src=\"http:\/\/www.apdestination.com\/wp-content\/plugins\/advanced-wp-columns\/assets\/js\/plugins\/views\/img\/1x1-pixel.png\" alt=\"\"><\/div>\n<div class=\"csColumn\" style=\"margin: 0px; padding: 0px; float: left; width: 31.3%;\" data-csstartpoint=\"15\" data-csendpoint=\"315\" data-cswidth=\"31.3%\" data-csid=\"2a8ab8b2-54a9-d302-8099-7ea2ed33a028\"><strong>Le palais des papes<\/strong><\/p>\n<p>&nbsp;<\/p>\n<p>&nbsp;<\/p>\n<p>Le coeur historique d&rsquo;Avignon est aujourd&rsquo;hui class\u00e9 au patrimoine mondial de l&rsquo;UNESCO. Prot\u00e9g\u00e9e par ses remparts, la vieille ville a conserv\u00e9 de merveilleux t\u00e9moignages de son pass\u00e9. \u00c9difi\u00e9 au XIV<sup>e<\/sup> si\u00e8cle, le palais des Papes est une \u00e9tape incontournable de la visite. Cette forteresse, r\u00e9sidence des papes au XIV<sup>e<\/sup> si\u00e8cle, est un superbe palais gothique compos\u00e9 de deux parties, le Palais Vieux et le Palais Neuf.<\/p>\n<p><a href=\"http:\/\/www.apdestination.com\/wp-content\/uploads\/Avignon_Palais_des_Papes_depuis_Tour_Philippe_le_Bel_by_JM_Rosier.jpg\"><img loading=\"lazy\" decoding=\"async\" class=\"alignnone size-full wp-image-4483\" src=\"http:\/\/www.apdestination.com\/wp-content\/uploads\/Avignon_Palais_des_Papes_depuis_Tour_Philippe_le_Bel_by_JM_Rosier.jpg\" alt=\"avignon_palais_des_papes_depuis_tour_philippe_le_bel_by_jm_rosier\" width=\"2000\" height=\"1197\" srcset=\"http:\/\/www.apdestination.com\/wp-content\/uploads\/Avignon_Palais_des_Papes_depuis_Tour_Philippe_le_Bel_by_JM_Rosier.jpg 2000w, http:\/\/www.apdestination.com\/wp-content\/uploads\/Avignon_Palais_des_Papes_depuis_Tour_Philippe_le_Bel_by_JM_Rosier-300x179.jpg 300w, http:\/\/www.apdestination.com\/wp-content\/uploads\/Avignon_Palais_des_Papes_depuis_Tour_Philippe_le_Bel_by_JM_Rosier-1024x612.jpg 1024w, http:\/\/www.apdestination.com\/wp-content\/uploads\/Avignon_Palais_des_Papes_depuis_Tour_Philippe_le_Bel_by_JM_Rosier-624x373.jpg 624w\" sizes=\"auto, (max-width: 2000px) 100vw, 2000px\" \/><\/a><\/p>\n<\/div>\n<div class=\"csColumnGap\" style=\"margin: 0px; padding: 0px; float: left; width: 1.56%;\"><img decoding=\"async\" src=\"http:\/\/www.apdestination.com\/wp-content\/plugins\/advanced-wp-columns\/assets\/js\/plugins\/views\/img\/1x1-pixel.png\" alt=\"\"><\/div>\n<div class=\"csColumn\" style=\"margin: 0px; padding: 0px; float: left; width: 31.3%;\" data-csstartpoint=\"330\" data-csendpoint=\"630\" data-cswidth=\"31.3%\" data-csid=\"be6f1bdc-b828-a542-875d-5855d70e9ac3\">\n<p>&nbsp;<span style=\"color: #333333;\"><strong>Le pont du Gard<br \/><\/strong><\/span><\/p>\n<p>Les trois \u00e9tages d&rsquo;arcades de cet impressionnant pont-aqueduc romain enjambent les eaux de la rivi\u00e8re Gardon. Chef-d\u2019\u0153uvre de l&rsquo;Antiquit\u00e9, aujourd&rsquo;hui class\u00e9 au patrimoine mondial de l&rsquo;UNESCO, le pont du gard, \u00e9difi\u00e9 au Ier si\u00e8cle dans le but de pouvoir acheminer l&rsquo;eau provenant des sources de l&rsquo;Eure jusqu\u2019\u00e0 N\u00eemes.<\/p>\n<p><a href=\"http:\/\/www.apdestination.com\/wp-content\/uploads\/pont-du-gard.jpg\"><img loading=\"lazy\" decoding=\"async\" class=\"alignnone size-full wp-image-4486\" src=\"http:\/\/www.apdestination.com\/wp-content\/uploads\/pont-du-gard.jpg\" alt=\"pont-du-gard\" width=\"2000\" height=\"1500\" srcset=\"http:\/\/www.apdestination.com\/wp-content\/uploads\/pont-du-gard.jpg 2000w, http:\/\/www.apdestination.com\/wp-content\/uploads\/pont-du-gard-300x225.jpg 300w, http:\/\/www.apdestination.com\/wp-content\/uploads\/pont-du-gard-1024x768.jpg 1024w, http:\/\/www.apdestination.com\/wp-content\/uploads\/pont-du-gard-624x468.jpg 624w\" sizes=\"auto, (max-width: 2000px) 100vw, 2000px\" \/><\/a><\/p>\n<\/div>\n<div class=\"csColumnGap\" style=\"margin: 0px; padding: 0px; float: left; width: 1.56%;\"><img decoding=\"async\" src=\"http:\/\/www.apdestination.com\/wp-content\/plugins\/advanced-wp-columns\/assets\/js\/plugins\/views\/img\/1x1-pixel.png\" alt=\"\"><\/div>\n<div class=\"csColumn\" style=\"margin: 0px; padding: 0px; float: left; width: 31.3%;\" data-csstartpoint=\"645\" data-csendpoint=\"945\" data-cswidth=\"31.3%\" data-csid=\"93e9441d-4a47-ec5e-8fd4-fcd76687b54f\">\n<p>&nbsp;<strong>Les cascades du Sautadet<\/strong><\/p>\n<p>Au pied d&rsquo;un des plus beaux village de France, la rivi\u00e8re C\u00e8ze a model\u00e9 un plateau de calcaire pour donner naissance aux Cascades du Sautadet. Il s&rsquo;agit de l&rsquo;un des sites naturels incontournables de la r\u00e9gion.<\/p>\n<p><a href=\"http:\/\/www.apdestination.com\/wp-content\/uploads\/22281954.jpg\"><img loading=\"lazy\" decoding=\"async\" class=\"alignnone size-full wp-image-4482\" src=\"http:\/\/www.apdestination.com\/wp-content\/uploads\/22281954.jpg\" alt=\"22281954\" width=\"2000\" height=\"1334\" srcset=\"http:\/\/www.apdestination.com\/wp-content\/uploads\/22281954.jpg 2000w, http:\/\/www.apdestination.com\/wp-content\/uploads\/22281954-300x200.jpg 300w, http:\/\/www.apdestination.com\/wp-content\/uploads\/22281954-1024x683.jpg 1024w, http:\/\/www.apdestination.com\/wp-content\/uploads\/22281954-624x416.jpg 624w\" sizes=\"auto, (max-width: 2000px) 100vw, 2000px\" \/><\/a><\/p>\n<\/div>\n<div class=\"csColumnGap\" style=\"margin: 0px; padding: 0px; float: left; width: 1.56%;\"><img decoding=\"async\" src=\"http:\/\/www.apdestination.com\/wp-content\/plugins\/advanced-wp-columns\/assets\/js\/plugins\/views\/img\/1x1-pixel.png\" alt=\"\"><\/div>\n<div style=\"clear: both; float: none; display: block; visibility: hidden; width: 0px; font-size: 0px; line-height: 0;\">&nbsp;<\/div>\n<\/div>\n<div class=\"csRow\">&nbsp;<\/div>\n<div class=\"csRow\">\n<div class=\"csColumnGap\" style=\"margin: 0px; padding: 0px; float: left; width: 1.56%;\"><img decoding=\"async\" src=\"http:\/\/www.apdestination.com\/wp-content\/plugins\/advanced-wp-columns\/assets\/js\/plugins\/views\/img\/1x1-pixel.png\" alt=\"\"><\/div>\n<div class=\"csColumn\" style=\"margin: 0px; padding: 0px; float: left; width: 31.3%;\" data-csstartpoint=\"645\" data-csendpoint=\"945\" data-cswidth=\"31.3%\" data-csid=\"4de58bf4-c27b-b9a2-ae34-33caf6e2fa4b\">&nbsp;<\/div>\n<div class=\"csColumnGap\" style=\"margin: 0px; padding: 0px; float: left; width: 1.56%;\"><img decoding=\"async\" src=\"http:\/\/www.apdestination.com\/wp-content\/plugins\/advanced-wp-columns\/assets\/js\/plugins\/views\/img\/1x1-pixel.png\" alt=\"\"><\/div>\n<\/div>\n<div class=\"csRow\">\n<div class=\"csColumnGap\" style=\"margin: 0px; padding: 0px; float: left; width: 1.56%;\"><img decoding=\"async\" src=\"http:\/\/www.apdestination.com\/wp-content\/plugins\/advanced-wp-columns\/assets\/js\/plugins\/views\/img\/1x1-pixel.png\" alt=\"\"><\/div>\n<div class=\"csColumn\" style=\"margin: 0px; padding: 0px; float: left; width: 31.3%; text-align: justify;\" data-csstartpoint=\"15\" data-csendpoint=\"315\" data-cswidth=\"31.3%\" data-csid=\"73c52862-1d0a-3124-90a8-a09925653ba6\">\n<p><strong>Monteux<\/strong><\/p>\n<p>Vivez des aventures inoubliables en famille ou entre amis dans un cadre paysager exceptionnel au pied du Ventoux, \u00e0 15 minutes d\u2019Avignon.<\/p>\n<p><a href=\"http:\/\/www.apdestination.com\/wp-content\/uploads\/AFFICHE-1-GENERIQUE.jpg\"><img loading=\"lazy\" decoding=\"async\" class=\"alignnone size-medium wp-image-4488\" src=\"http:\/\/www.apdestination.com\/wp-content\/uploads\/AFFICHE-1-GENERIQUE-207x300.jpg\" alt=\"Pr\u00e9sentation PowerPoint\" width=\"207\" height=\"300\" srcset=\"http:\/\/www.apdestination.com\/wp-content\/uploads\/AFFICHE-1-GENERIQUE-207x300.jpg 207w, http:\/\/www.apdestination.com\/wp-content\/uploads\/AFFICHE-1-GENERIQUE-708x1024.jpg 708w, http:\/\/www.apdestination.com\/wp-content\/uploads\/AFFICHE-1-GENERIQUE-624x901.jpg 624w\" sizes=\"auto, (max-width: 207px) 100vw, 207px\" \/><\/a><\/p>\n<\/div>\n<div class=\"csColumnGap\" style=\"margin: 0px; padding: 0px; float: left; width: 1.56%;\"><img decoding=\"async\" src=\"http:\/\/www.apdestination.com\/wp-content\/plugins\/advanced-wp-columns\/assets\/js\/plugins\/views\/img\/1x1-pixel.png\" alt=\"\"><\/div>\n<div class=\"csColumn\" style=\"margin: 0px; padding: 0px; float: left; width: 31.3%;\" data-csstartpoint=\"330\" data-csendpoint=\"630\" data-cswidth=\"31.3%\" data-csid=\"3321e960-9ab5-cc73-955d-dd639a5c4a06\">\n<p><strong>Monast\u00e8re historique class\u00e9, la Chartreuse de Valbonne se visite les week end hors saison et tous les jours en \u00e9t\u00e9.<\/strong><br \/>Au nord de la for\u00eat domaniale, la Chartreuse de Valbonne appara\u00eet comme un bel ensemble de longs b\u00e2timents aux toits pentus couvert de tuiles verniss\u00e9es, dans un \u00e9crin de vignoble. Le monast\u00e8re b\u00e2ti au d\u00e9but du 13\u00b0 si\u00e8cle est un des plus grand de l&rsquo;ordre, et a connu une belle destin\u00e9e jusqu&rsquo;\u00e0 la R\u00e9volution Fran\u00e7aise<\/p>\n<p><a href=\"http:\/\/www.apdestination.com\/wp-content\/uploads\/chartreuse-de-valbonne.jpg\"><img loading=\"lazy\" decoding=\"async\" class=\"alignnone wp-image-4484 size-medium\" src=\"http:\/\/www.apdestination.com\/wp-content\/uploads\/chartreuse-de-valbonne-300x240.jpg\" alt=\"chartreuse-de-valbonne\" width=\"300\" height=\"240\" srcset=\"http:\/\/www.apdestination.com\/wp-content\/uploads\/chartreuse-de-valbonne-300x240.jpg 300w, http:\/\/www.apdestination.com\/wp-content\/uploads\/chartreuse-de-valbonne-1024x819.jpg 1024w, http:\/\/www.apdestination.com\/wp-content\/uploads\/chartreuse-de-valbonne-624x499.jpg 624w, http:\/\/www.apdestination.com\/wp-content\/uploads\/chartreuse-de-valbonne.jpg 2000w\" sizes=\"auto, (max-width: 300px) 100vw, 300px\" \/><\/a><\/p>\n<p>&nbsp;<\/p>\n<\/div>\n<div class=\"csColumnGap\" style=\"margin: 0px; padding: 0px; float: left; width: 1.56%;\"><img decoding=\"async\" src=\"http:\/\/www.apdestination.com\/wp-content\/plugins\/advanced-wp-columns\/assets\/js\/plugins\/views\/img\/1x1-pixel.png\" alt=\"\"><\/div>\n<div class=\"csColumn\" style=\"margin: 0px; padding: 0px; float: left; width: 31.3%;\" data-csstartpoint=\"645\" data-csendpoint=\"945\" data-cswidth=\"31.3%\" data-csid=\"b125aee4-88df-46cd-ac8d-b66e6b87608d\">\n<p><strong>Goudargues<\/strong><\/p>\n<p>La \u00ab\u00a0Venise Gardoise\u00a0\u00bb : voil\u00e0 comment est surnomm\u00e9 le village de Goudargues. Les visiteurs prendront plaisir \u00e0 s&rsquo;installer \u00e0 l&rsquo;ombre des platanes centenaires, \u00e0 d\u00e9ambuler dans ses ruelles paisibles, et se rafra\u00eechiront \u00e0 la fontaine bord\u00e9e de parapets. Alentour , les nombreux sentiers de randonn\u00e9es p\u00e9destres et circuit de V.T.T. feront la joie des sportifs et des amoureux de la nature.<\/p>\n<p><a href=\"http:\/\/www.apdestination.com\/wp-content\/uploads\/Goudargues.jpg\"><img loading=\"lazy\" decoding=\"async\" class=\"alignnone wp-image-4485 size-medium\" src=\"http:\/\/www.apdestination.com\/wp-content\/uploads\/Goudargues-300x199.jpg\" alt=\"goudargues\" width=\"300\" height=\"199\" srcset=\"http:\/\/www.apdestination.com\/wp-content\/uploads\/Goudargues-300x199.jpg 300w, http:\/\/www.apdestination.com\/wp-content\/uploads\/Goudargues-1024x682.jpg 1024w, http:\/\/www.apdestination.com\/wp-content\/uploads\/Goudargues-624x415.jpg 624w, http:\/\/www.apdestination.com\/wp-content\/uploads\/Goudargues.jpg 2000w\" sizes=\"auto, (max-width: 300px) 100vw, 300px\" \/><\/a><\/p>\n<p>&nbsp;<\/p>\n<\/div>\n<\/div>\n<div class=\"csRow\">\n<div class=\"csColumnGap\" style=\"margin: 0px; padding: 0px; float: left; width: 1.56%;\"><img decoding=\"async\" src=\"http:\/\/www.apdestination.com\/wp-content\/plugins\/advanced-wp-columns\/assets\/js\/plugins\/views\/img\/1x1-pixel.png\" alt=\"\"><\/div>\n<div class=\"csColumnGap\" style=\"margin: 0px; padding: 0px; float: left; width: 1.56%;\"><img decoding=\"async\" src=\"http:\/\/www.apdestination.com\/wp-content\/plugins\/advanced-wp-columns\/assets\/js\/plugins\/views\/img\/1x1-pixel.png\" alt=\"\"><\/div>\n<div style=\"clear: both; float: none; display: block; visibility: hidden; width: 0px; font-size: 0px; line-height: 0;\">&nbsp;<\/div>\n<\/div>\n<\/div>\n\n\n<p><\/p>\n\n\n<p><\/p>","protected":false},"excerpt":{"rendered":"<p>Maison avec jardin dans un quartier calme \u00e0 15 minutes du centre historique d&rsquo;Avignon. Bienvenue dans un havre de paix \u00e0 Villeneuve-l\u00e8s-Avignon, o\u00f9 le charme proven\u00e7al rencontre la tranquillit\u00e9 absolue. Cette magnifique maison enti\u00e8rement r\u00e9nov\u00e9e vous invite \u00e0 une escapade inoubliable, loin du tumulte quotidien, pour un s\u00e9jour sous le signe de la d\u00e9tente et [&hellip;]<\/p>\n","protected":false},"author":1,"featured_media":0,"parent":0,"menu_order":0,"comment_status":"closed","ping_status":"closed","template":"","meta":{"ngg_post_thumbnail":0,"footnotes":""},"class_list":["post-9280","page","type-page","status-publish","hentry"],"_links":{"self":[{"href":"http:\/\/www.apdestination.com\/fr\/wp-json\/wp\/v2\/pages\/9280","targetHints":{"allow":["GET"]}}],"collection":[{"href":"http:\/\/www.apdestination.com\/fr\/wp-json\/wp\/v2\/pages"}],"about":[{"href":"http:\/\/www.apdestination.com\/fr\/wp-json\/wp\/v2\/types\/page"}],"author":[{"embeddable":true,"href":"http:\/\/www.apdestination.com\/fr\/wp-json\/wp\/v2\/users\/1"}],"replies":[{"embeddable":true,"href":"http:\/\/www.apdestination.com\/fr\/wp-json\/wp\/v2\/comments?post=9280"}],"version-history":[{"count":18,"href":"http:\/\/www.apdestination.com\/fr\/wp-json\/wp\/v2\/pages\/9280\/revisions"}],"predecessor-version":[{"id":9646,"href":"http:\/\/www.apdestination.com\/fr\/wp-json\/wp\/v2\/pages\/9280\/revisions\/9646"}],"wp:attachment":[{"href":"http:\/\/www.apdestination.com\/fr\/wp-json\/wp\/v2\/media?parent=9280"}],"curies":[{"name":"wp","href":"https:\/\/api.w.org\/{rel}","templated":true}]}}