{"id":7040,"date":"2019-02-04T06:56:48","date_gmt":"2019-02-04T05:56:48","guid":{"rendered":"http:\/\/www.apdestination.com\/?page_id=7040"},"modified":"2025-01-28T15:08:24","modified_gmt":"2025-01-28T14:08:24","slug":"apd30roc4-villa-18-places-avec-piscine-et-jacuzzi-dans-le-sud-de-la-france","status":"publish","type":"page","link":"http:\/\/www.apdestination.com\/fr\/apd30roc4-villa-18-places-avec-piscine-et-jacuzzi-dans-le-sud-de-la-france\/","title":{"rendered":"apd30roc4 &#8211; Villa 18 places avec piscine dans le Sud de la France"},"content":{"rendered":"<h2><img loading=\"lazy\" decoding=\"async\" class=\"alignnone wp-image-8685 size-full\" src=\"http:\/\/www.apdestination.com\/wp-content\/uploads\/apd30roc4-vacances-au-soleil-1.jpg\" alt=\"\" width=\"2000\" height=\"1333\" srcset=\"http:\/\/www.apdestination.com\/wp-content\/uploads\/apd30roc4-vacances-au-soleil-1.jpg 2000w, http:\/\/www.apdestination.com\/wp-content\/uploads\/apd30roc4-vacances-au-soleil-1-300x200.jpg 300w, http:\/\/www.apdestination.com\/wp-content\/uploads\/apd30roc4-vacances-au-soleil-1-1024x682.jpg 1024w, http:\/\/www.apdestination.com\/wp-content\/uploads\/apd30roc4-vacances-au-soleil-1-768x512.jpg 768w, http:\/\/www.apdestination.com\/wp-content\/uploads\/apd30roc4-vacances-au-soleil-1-1536x1024.jpg 1536w, http:\/\/www.apdestination.com\/wp-content\/uploads\/apd30roc4-vacances-au-soleil-1-624x416.jpg 624w\" sizes=\"auto, (max-width: 2000px) 100vw, 2000px\" \/><\/h2>\n<h2><img loading=\"lazy\" decoding=\"async\" class=\"alignnone wp-image-7685 size-full\" src=\"http:\/\/www.apdestination.com\/wp-content\/uploads\/apd30roc41.png\" alt=\"\" width=\"1200\" height=\"100\" srcset=\"http:\/\/www.apdestination.com\/wp-content\/uploads\/apd30roc41.png 1200w, http:\/\/www.apdestination.com\/wp-content\/uploads\/apd30roc41-300x25.png 300w, http:\/\/www.apdestination.com\/wp-content\/uploads\/apd30roc41-1024x85.png 1024w, http:\/\/www.apdestination.com\/wp-content\/uploads\/apd30roc41-624x52.png 624w\" sizes=\"auto, (max-width: 1200px) 100vw, 1200px\" \/><\/h2>\n<h2>Maison de famille avec 7 chambres, grande piscine<\/h2>\n<p>Situ\u00e9e en bordure du village de Rocheford-Du-Gard \u00e0 seulement 20 minutes d&rsquo;Avignon, la maison de 270 m2 avec 7 chambres peut accueillir confortablement les r\u00e9unions de famille, et les vacances en groupe. Le terrain de 1000m2 est cl\u00f4tur\u00e9 et ferm\u00e9 par un portail \u00e9lectrique assurant la s\u00e9curit\u00e9 des plus petits et la tranquillit\u00e9 des parents. Une aire de jeu pour les enfants avec balan\u00e7oires et toboggan, ainsi qu&rsquo;un grand terrain plat pour jouer au ballon s\u00e9par\u00e9 de l&rsquo;espace piscine. Dans le midi de la France, on aime vivre dehors ! Tout ici a \u00e9t\u00e9 pens\u00e9 pour que ce mode de vie soit le v\u00f4tre le temps de vos vacances. Dans le jardin privatif, une grande terrasse avec de nombreuses chaises longues, entoure la piscine de 10m x 5m s\u00e9curis\u00e9e par un volet roulant. Pour les repas une partie de la terrasse a \u00e9t\u00e9 couverte et un barbecue est \u00e0 votre disposition afin de faire de bonnes grillades parfum\u00e9es aux herbes de Provence.<\/p>\n<p>La maison sur deux niveaux, comprend une grand pi\u00e8ce de vie de 75m2 avec un billard, un espace TV avec canap\u00e9 d&rsquo;angle et une tr\u00e8s grande table pour manger tous ensemble.&nbsp; La climatisation et la chemin\u00e9e sont l\u00e0 pour r\u00e9pondre \u00e0 toutes vos envies. Au rez de chauss\u00e9e 3 grandes chambres avec lit king-size ouvrent sur la terrasse et la piscine.&nbsp; La salle de jeu avec coin Tv et canap\u00e9 convertible, o\u00f9 de nombreux jouets sont laiss\u00e9s \u00e0 la disposition des enfants, peut servir de quatri\u00e8me chambre. A l&rsquo;\u00e9tage 3 autres chambres pour accueillir 8 personnes de plus.<\/p>\n<div class=\"property-description\">\n<p>Situ\u00e9es \u00e0 moins de 30km des plus belles villes romaines du Sud de la France, Avignon, N\u00eemes, Arles et Orange. Vous venez pour le soleil, et les vignobles \u00e0 d\u00e9couvrir, et l&rsquo;Histoire vous attend sur le lieu de vos vacances.&nbsp; La r\u00e9gion est riche en lieux pittoresques, qu&rsquo;ils soient mondialement connus ou plus secrets. Vous aurez le loisir de les d\u00e9couvrir en toutes saisons !<\/p>\n<h2><span style=\"color: #993366;\">&nbsp;Galerie photos<\/span><\/h2>\nngg_shortcode_0_placeholder\n<h2 class=\"title\"><span style=\"color: #993366;\">\u00c9quipements<br \/>\n<\/span><\/h2>\n<p class=\"prop-desc-txt\"><strong>Maison ind\u00e9pendante sur deux niveaux de 270 m2 avec piscine priv\u00e9e \u2013 jardin clos de 1000m2 \u2013 Capacit\u00e9 : 18 places. 7 Chambres .<\/strong><br \/>\nAnimaux&nbsp; autoris\u00e9s avec information et consentement pr\u00e9alable du propri\u00e9taire.<\/p>\n<p class=\"prop-desc-txt\"><strong>G\u00e9n\u00e9ral : <\/strong>internet WIFI, TV, parking gratuit sur place, climatisation r\u00e9versible<\/p>\n<p class=\"prop-desc-txt\"><strong>Pi\u00e8ce principale 75 m2:<\/strong> Canap\u00e9 d\u2019angle 5 places , canap\u00e9, T\u00e9l\u00e9vision TNT, tables basses, Table et chaises pour 18 personnes, chemin\u00e9e, bar, 3 tabourets de bar, billard am\u00e9ricain<\/p>\n<p class=\"prop-desc-txt\"><strong>Cuisine \u00e9quip\u00e9e :<\/strong> Four \u00e9lectrique, Lave-vaisselle 12 couverts, Plaques \u00e9lectriques \u00e0 induction, Micro-onde, R\u00e9frig\u00e9rateur\/cong\u00e9lateur, autocuiseur, Cafeti\u00e8re filtre, machine \u00e0 expresso Senseo, Bouilloire, Grille pain, Robot culinaire, Vaisselle courante pour 18 personnes<\/p>\n<p><strong>Chambre 1&nbsp; 17m2: <\/strong>1 lit de 180cm + 1 lit de 90cm, chevet, lampe de chevet, armoire, Penderie, Commode, acc\u00e8s terrasse<\/p>\n<p><strong>Chambre 2&nbsp; 21m2: <\/strong>1lit de 180cm , chevet, lampe de chevet, armoire, Penderie, bureau, acc\u00e8s terrasse<\/p>\n<p><strong>Chambre 3&nbsp; 20m2 : <\/strong>1 lit de 180cm + 1 lit de 90cm, chevet, lampe de chevet, armoire, Penderie, coiffeuse, acc\u00e8s terrasse.<\/p>\n<p><strong>Chambre 4&nbsp; : <\/strong>1 lit de 180cm, chevet, lampe de chevet, armoire, Penderie, Commode, bureau, chambre mansard\u00e9e.<\/p>\n<p><strong>Chambre 5 : <\/strong>2 lits de 90cm, chevet, lampe de chevet, Commode, bureau, chambre mansard\u00e9e traversante.<\/p>\n<p><strong>Chambre 6 : <\/strong>1 Lit 140cm, 2 lits de 90cm superpos\u00e9s, chevet, lampe de chevet, Commode, chambre mansard\u00e9e.<\/p>\n<p><strong>Chambre 7 salle de jeux 19m2: <\/strong>canap\u00e9 convertible, TV, jouets, jeux<strong><br \/>\n<\/strong><\/p>\n<p class=\"prop-desc-txt\"><strong>Salles de bain 15m2:<\/strong> douche , baignoire,&nbsp; Vasques, Miroir, Placard,<\/p>\n<p class=\"prop-desc-txt\"><strong>1 WC ind\u00e9pendant<\/strong><\/p>\n<p class=\"prop-desc-txt\"><strong>Salle d&rsquo;eau \u00e0 l&rsquo;\u00e9tage:<\/strong> WC, douche, vasque, miroir.<\/p>\n<p class=\"prop-desc-txt\" style=\"text-align: justify;\"><strong>Autre :<\/strong> Lave linge,&nbsp; \u00c9tendoir, Table et Fer \u00e0 repasser, Aspirateur<\/p>\n<p class=\"prop-desc-txt\" style=\"text-align: justify;\"><strong>Ext\u00e9rieur :<\/strong> Piscine 10m x 5m profondeur de 50 \u00e0 2m avec volet roulant,Transats, Salon de jardin, Barbecue, Parasol, Balan\u00e7oire, toboggan,<\/p>\n<p class=\"prop-desc-txt\" style=\"text-align: justify;\"><strong>D\u00e9tail du linge fourni :<\/strong> Tout le linge de maison, torchons de cuisine, tapis de douche, linge de lit, draps de bain<\/p>\n<p class=\"prop-desc-txt\" style=\"text-align: justify;\"><strong>Mat\u00e9riel petite enfance :<\/strong> lit b\u00e9b\u00e9, chaise haute<\/p>\n<h2><span style=\"color: #993366;\">Localisation<\/span><\/h2>\n<p><iframe loading=\"lazy\" style=\"border: 0;\" src=\"https:\/\/www.google.com\/maps\/embed?pb=!1m18!1m12!1m3!1d37659.98604961003!2d4.71504632394411!3d43.96245705563221!2m3!1f0!2f0!3f0!3m2!1i1024!2i768!4f13.1!3m3!1m2!1s0x12b5c0fb8f944735%3A0xdb71d8071e211d66!2s668+Chemin+de+Vaujus%2C+30650+Rochefort-du-Gard%2C+France!5e0!3m2!1sfr!2sus!4v1549451496132\" width=\"600\" height=\"450\" frameborder=\"0\" allowfullscreen=\"allowfullscreen\"><\/iframe><\/p>\n<h2><span style=\"color: #993366;\">Tarifs<\/span><\/h2>\n<p>Par ce que ce n\u2019est pas la quantit\u00e9 des annonces qui fait la qualit\u00e9 d\u2019une offre, APdestination c\u2019est :<\/p>\n<ul>\n<li>1 seul interlocuteur qui connait tous les dossiers<\/li>\n<li>Paiement sans frais de service obligatoires, vous ne payez que le prix de la location<\/li>\n<li>Des locations de vacances contr\u00f4l\u00e9es tous les ans<\/li>\n<li>Des propri\u00e9taires s\u00e9lectionn\u00e9s et qui vous accueillent \u00e0 votre arriv\u00e9e.<\/li>\n<li>Des locations \u00e0 moins de 2 h de voiture de nos bureaux<\/li>\n<\/ul>\n<p>La s\u00e9curit\u00e9 d\u2019un professionnel local sp\u00e9cialiste des locations de vacances en France et plus sp\u00e9cialement Provence, Luberon, Gard.<br \/>\n\n<table id=\"wp-table-reloaded-id-52-no-1\" class=\"wp-table-reloaded wp-table-reloaded-id-52\">\n<thead>\n\t<tr class=\"row-1\">\n\t\t<th colspan=\"2\" class=\"column-1 colspan-2\">P\u00e9riode tarifaires<\/th><th class=\"column-3\">semaine\/week<\/th><th class=\"column-4\">nuit( 3 nuits minimum)\/night (3 night minimum)<\/th>\n\t<\/tr>\n<\/thead>\n<tbody class=\"row-hover\">\n\t<tr class=\"row-2\">\n\t\t<td class=\"column-1\">Basse<\/td><td class=\"column-2\">Avril et octobre<\/td><td class=\"column-3\">2000\u20ac\/semaine<\/td><td class=\"column-4\">500\u20ac<\/td>\n\t<\/tr>\n\t<tr class=\"row-3\">\n\t\t<td class=\"column-1\">Moyenne<\/td><td class=\"column-2\">Mai - Juin<\/td><td class=\"column-3\">3500\u20ac\/semaine<\/td><td class=\"column-4\">500\u20ac<\/td>\n\t<\/tr>\n\t<tr class=\"row-4\">\n\t\t<td class=\"column-1\">Haute<\/td><td class=\"column-2\">Juillet - Aout<\/td><td class=\"column-3\">3500\u20ac\/semaine<\/td><td class=\"column-4\">R\u00e9servation \u00e0 la semaine en priorit\u00e9 \/ prioritary weekly booking <br \/>\r\nSi derni\u00e8re minute \/ last minut : 660\u20ac<\/td>\n\t<\/tr>\n\t<tr class=\"row-5\">\n\t\t<td class=\"column-1\">Moyenne<\/td><td class=\"column-2\">Septembre<\/td><td class=\"column-3\">3500\u20ac\/semaine<\/td><td class=\"column-4\">500\u20ac<\/td>\n\t<\/tr>\n\t<tr class=\"row-6\">\n\t\t<td colspan=\"4\" class=\"column-1 colspan-4\">Options<\/td>\n\t<\/tr>\n\t<tr class=\"row-7\">\n\t\t<td class=\"column-1\"><\/td><td class=\"column-2\">Optionnal final cleaning \/ Option m\u00e9nage<\/td><td class=\"column-3\">Inclus<\/td><td class=\"column-4\">Inclus<\/td>\n\t<\/tr>\n\t<tr class=\"row-8\">\n\t\t<td class=\"column-1\"><\/td><td class=\"column-2\">Bed linen per week and per person \/ Location de draps sur demande<\/td><td class=\"column-3\">Inclus<\/td><td class=\"column-4\">Inclus<\/td>\n\t<\/tr>\n\t<tr class=\"row-9\">\n\t\t<td class=\"column-1\"><\/td><td class=\"column-2\">Towels\/Location de serviettes<\/td><td class=\"column-3\">Inclus<\/td><td class=\"column-4\">Inclus<\/td>\n\t<\/tr>\n\t<tr class=\"row-10\">\n\t\t<td class=\"column-1\"><\/td><td class=\"column-2\">Deposit \/ Caution non encaiss\u00e9e <\/td><td class=\"column-3\">1000\u20ac<\/td><td class=\"column-4\">1000\u20ac<\/td>\n\t<\/tr>\n\t<tr class=\"row-11\">\n\t\t<td colspan=\"4\" class=\"column-1 colspan-4\">Un acompte de 25% \u00e0 la r\u00e9servation \/ 25% at booking<br \/>\r\nLe solde 1 mois avant le s\u00e9jour \/ the balance 1 month before arrival<\/td>\n\t<\/tr>\n<\/tbody>\n<\/table>\n<\/p>\n<h2>&nbsp;<span style=\"color: #993366;\">Disponibilit\u00e9<\/span><\/h2>\n<p><iframe loading=\"lazy\" style=\"border-width: 0;\" src=\"https:\/\/calendar.google.com\/calendar\/embed?showPrint=0&amp;showTabs=0&amp;showCalendars=0&amp;showTz=0&amp;height=400&amp;wkst=7&amp;hl=fr&amp;bgcolor=%23FFFFFF&amp;src=dqleq1hpd8fgiqc7cps3pqo2hk%40group.calendar.google.com&amp;color=%23711616&amp;ctz=Europe%2FParis\" width=\"600\" height=\"400\" frameborder=\"0\" scrolling=\"no\"><\/iframe><\/p>\n<h2><span style=\"color: #993366;\">D\u00e9couvrir les environs<br \/>\n<\/span><\/h2>\n<div class=\"csRow\">\n<div class=\"csColumnGap\" style=\"margin: 0px; padding: 0px; float: left; width: 1.56%;\"><img decoding=\"async\" src=\"http:\/\/www.apdestination.com\/wp-content\/plugins\/advanced-wp-columns\/assets\/js\/plugins\/views\/img\/1x1-pixel.png\" alt=\"\"><\/div>\n<div class=\"csColumn\" style=\"margin: 0px; padding: 0px; float: left; width: 31.3%;\" data-csstartpoint=\"15\" data-csendpoint=\"315\" data-cswidth=\"31.3%\" data-csid=\"2a8ab8b2-54a9-d302-8099-7ea2ed33a028\">\n<p><strong>Le palais des papes<\/strong><\/p>\n<p>Le coeur historique d&rsquo;Avignon est aujourd&rsquo;hui class\u00e9 au patrimoine mondial de l&rsquo;UNESCO. Prot\u00e9g\u00e9e par ses remparts, la vieille ville a conserv\u00e9 de merveilleux t\u00e9moignages de son pass\u00e9. \u00c9difi\u00e9 au XIV<sup>e<\/sup> si\u00e8cle, le palais des Papes est une \u00e9tape incontournable de la visite. Cette forteresse, r\u00e9sidence des papes au XIV<sup>e<\/sup> si\u00e8cle, est un superbe palais gothique compos\u00e9 de deux parties, le Palais Vieux et le Palais Neuf.<\/p>\n<p><a href=\"http:\/\/www.apdestination.com\/wp-content\/uploads\/Avignon_Palais_des_Papes_depuis_Tour_Philippe_le_Bel_by_JM_Rosier.jpg\"><img loading=\"lazy\" decoding=\"async\" class=\"alignnone size-full wp-image-4483\" src=\"http:\/\/www.apdestination.com\/wp-content\/uploads\/Avignon_Palais_des_Papes_depuis_Tour_Philippe_le_Bel_by_JM_Rosier.jpg\" alt=\"avignon_palais_des_papes_depuis_tour_philippe_le_bel_by_jm_rosier\" width=\"2000\" height=\"1197\" srcset=\"http:\/\/www.apdestination.com\/wp-content\/uploads\/Avignon_Palais_des_Papes_depuis_Tour_Philippe_le_Bel_by_JM_Rosier.jpg 2000w, http:\/\/www.apdestination.com\/wp-content\/uploads\/Avignon_Palais_des_Papes_depuis_Tour_Philippe_le_Bel_by_JM_Rosier-300x179.jpg 300w, http:\/\/www.apdestination.com\/wp-content\/uploads\/Avignon_Palais_des_Papes_depuis_Tour_Philippe_le_Bel_by_JM_Rosier-1024x612.jpg 1024w, http:\/\/www.apdestination.com\/wp-content\/uploads\/Avignon_Palais_des_Papes_depuis_Tour_Philippe_le_Bel_by_JM_Rosier-624x373.jpg 624w\" sizes=\"auto, (max-width: 2000px) 100vw, 2000px\" \/><\/a><\/p>\n<\/div>\n<div class=\"csColumnGap\" style=\"margin: 0px; padding: 0px; float: left; width: 1.56%;\"><img decoding=\"async\" src=\"http:\/\/www.apdestination.com\/wp-content\/plugins\/advanced-wp-columns\/assets\/js\/plugins\/views\/img\/1x1-pixel.png\" alt=\"\"><\/div>\n<div class=\"csColumn\" style=\"margin: 0px; padding: 0px; float: left; width: 31.3%;\" data-csstartpoint=\"330\" data-csendpoint=\"630\" data-cswidth=\"31.3%\" data-csid=\"be6f1bdc-b828-a542-875d-5855d70e9ac3\">\n<p>&nbsp;<span style=\"color: #333333;\"><strong>Le pont du Gard<br \/>\n<\/strong><\/span><\/p>\n<p>Les trois \u00e9tages d&rsquo;arcades de cet impressionnant pont-aqueduc romain enjambent les eaux de la rivi\u00e8re Gardon. Chef-d\u2019\u0153uvre de l&rsquo;Antiquit\u00e9, aujourd&rsquo;hui class\u00e9 au patrimoine mondial de l&rsquo;UNESCO, le pont du gard, \u00e9difi\u00e9 au Ier si\u00e8cle dans le but de pouvoir acheminer l&rsquo;eau provenant des sources de l&rsquo;Eure jusqu\u2019\u00e0 N\u00eemes.<\/p>\n<p><a href=\"http:\/\/www.apdestination.com\/wp-content\/uploads\/pont-du-gard.jpg\"><img loading=\"lazy\" decoding=\"async\" class=\"alignnone size-full wp-image-4486\" src=\"http:\/\/www.apdestination.com\/wp-content\/uploads\/pont-du-gard.jpg\" alt=\"pont-du-gard\" width=\"2000\" height=\"1500\" srcset=\"http:\/\/www.apdestination.com\/wp-content\/uploads\/pont-du-gard.jpg 2000w, http:\/\/www.apdestination.com\/wp-content\/uploads\/pont-du-gard-300x225.jpg 300w, http:\/\/www.apdestination.com\/wp-content\/uploads\/pont-du-gard-1024x768.jpg 1024w, http:\/\/www.apdestination.com\/wp-content\/uploads\/pont-du-gard-624x468.jpg 624w\" sizes=\"auto, (max-width: 2000px) 100vw, 2000px\" \/><\/a><\/p>\n<\/div>\n<div class=\"csColumnGap\" style=\"margin: 0px; padding: 0px; float: left; width: 1.56%;\"><img decoding=\"async\" src=\"http:\/\/www.apdestination.com\/wp-content\/plugins\/advanced-wp-columns\/assets\/js\/plugins\/views\/img\/1x1-pixel.png\" alt=\"\"><\/div>\n<div class=\"csColumn\" style=\"margin: 0px; padding: 0px; float: left; width: 31.3%;\" data-csstartpoint=\"645\" data-csendpoint=\"945\" data-cswidth=\"31.3%\" data-csid=\"93e9441d-4a47-ec5e-8fd4-fcd76687b54f\">\n<p>&nbsp;<strong>Les cascades du Sautadet<\/strong><\/p>\n<p>Au pied d&rsquo;un des plus beaux village de France, la rivi\u00e8re C\u00e8ze a model\u00e9 un plateau de calcaire pour donner naissance aux Cascades du Sautadet. Il s&rsquo;agit de l&rsquo;un des sites naturels incontournables de la r\u00e9gion.<\/p>\n<p><a href=\"http:\/\/www.apdestination.com\/wp-content\/uploads\/22281954.jpg\"><img loading=\"lazy\" decoding=\"async\" class=\"alignnone size-full wp-image-4482\" src=\"http:\/\/www.apdestination.com\/wp-content\/uploads\/22281954.jpg\" alt=\"22281954\" width=\"2000\" height=\"1334\" srcset=\"http:\/\/www.apdestination.com\/wp-content\/uploads\/22281954.jpg 2000w, http:\/\/www.apdestination.com\/wp-content\/uploads\/22281954-300x200.jpg 300w, http:\/\/www.apdestination.com\/wp-content\/uploads\/22281954-1024x683.jpg 1024w, http:\/\/www.apdestination.com\/wp-content\/uploads\/22281954-624x416.jpg 624w\" sizes=\"auto, (max-width: 2000px) 100vw, 2000px\" \/><\/a><\/p>\n<\/div>\n<div class=\"csColumnGap\" style=\"margin: 0px; padding: 0px; float: left; width: 1.56%;\"><img decoding=\"async\" src=\"http:\/\/www.apdestination.com\/wp-content\/plugins\/advanced-wp-columns\/assets\/js\/plugins\/views\/img\/1x1-pixel.png\" alt=\"\"><\/div>\n<div style=\"clear: both; float: none; display: block; visibility: hidden; width: 0px; font-size: 0px; line-height: 0;\">&nbsp;<\/div>\n<\/div>\n<div class=\"csRow\">&nbsp;<\/div>\n<div class=\"csRow\">\n<div class=\"csColumnGap\" style=\"margin: 0px; padding: 0px; float: left; width: 1.56%;\"><img decoding=\"async\" src=\"http:\/\/www.apdestination.com\/wp-content\/plugins\/advanced-wp-columns\/assets\/js\/plugins\/views\/img\/1x1-pixel.png\" alt=\"\"><\/div>\n<div class=\"csColumn\" style=\"margin: 0px; padding: 0px; float: left; width: 31.3%;\" data-csstartpoint=\"645\" data-csendpoint=\"945\" data-cswidth=\"31.3%\" data-csid=\"4de58bf4-c27b-b9a2-ae34-33caf6e2fa4b\">&nbsp;<\/div>\n<div class=\"csColumnGap\" style=\"margin: 0px; padding: 0px; float: left; width: 1.56%;\"><img decoding=\"async\" src=\"http:\/\/www.apdestination.com\/wp-content\/plugins\/advanced-wp-columns\/assets\/js\/plugins\/views\/img\/1x1-pixel.png\" alt=\"\"><\/div>\n<\/div>\n<div class=\"csRow\">\n<div class=\"csColumnGap\" style=\"margin: 0px; padding: 0px; float: left; width: 1.56%;\"><img decoding=\"async\" src=\"http:\/\/www.apdestination.com\/wp-content\/plugins\/advanced-wp-columns\/assets\/js\/plugins\/views\/img\/1x1-pixel.png\" alt=\"\"><\/div>\n<div class=\"csColumn\" style=\"margin: 0px; padding: 0px; float: left; width: 31.3%; text-align: justify;\" data-csstartpoint=\"15\" data-csendpoint=\"315\" data-cswidth=\"31.3%\" data-csid=\"73c52862-1d0a-3124-90a8-a09925653ba6\">\n<p><strong>Monteux<\/strong><\/p>\n<p>Vivez des aventures inoubliables en famille ou entre amis dans un cadre paysager exceptionnel au pied du Ventoux, \u00e0 15 minutes d\u2019Avignon.<\/p>\n<p><a href=\"http:\/\/www.apdestination.com\/wp-content\/uploads\/AFFICHE-1-GENERIQUE.jpg\"><img loading=\"lazy\" decoding=\"async\" class=\"alignnone size-medium wp-image-4488\" src=\"http:\/\/www.apdestination.com\/wp-content\/uploads\/AFFICHE-1-GENERIQUE-207x300.jpg\" alt=\"Pr\u00e9sentation PowerPoint\" width=\"207\" height=\"300\" srcset=\"http:\/\/www.apdestination.com\/wp-content\/uploads\/AFFICHE-1-GENERIQUE-207x300.jpg 207w, http:\/\/www.apdestination.com\/wp-content\/uploads\/AFFICHE-1-GENERIQUE-708x1024.jpg 708w, http:\/\/www.apdestination.com\/wp-content\/uploads\/AFFICHE-1-GENERIQUE-624x901.jpg 624w\" sizes=\"auto, (max-width: 207px) 100vw, 207px\" \/><\/a><\/p>\n<\/div>\n<div class=\"csColumnGap\" style=\"margin: 0px; padding: 0px; float: left; width: 1.56%;\"><img decoding=\"async\" src=\"http:\/\/www.apdestination.com\/wp-content\/plugins\/advanced-wp-columns\/assets\/js\/plugins\/views\/img\/1x1-pixel.png\" alt=\"\"><\/div>\n<div class=\"csColumn\" style=\"margin: 0px; padding: 0px; float: left; width: 31.3%;\" data-csstartpoint=\"330\" data-csendpoint=\"630\" data-cswidth=\"31.3%\" data-csid=\"3321e960-9ab5-cc73-955d-dd639a5c4a06\">\n<p><strong>Monast\u00e8re historique class\u00e9, la Chartreuse de Valbonne se visite les week end hors saison et tous les jours en \u00e9t\u00e9.<\/strong><br \/>\nAu nord de la for\u00eat domaniale, la Chartreuse de Valbonne appara\u00eet comme un bel ensemble de longs b\u00e2timents aux toits pentus couvert de tuiles verniss\u00e9es, dans un \u00e9crin de vignoble. Le monast\u00e8re b\u00e2ti au d\u00e9but du 13\u00b0 si\u00e8cle est un des plus grand de l&rsquo;ordre, et a connu une belle destin\u00e9e jusqu&rsquo;\u00e0 la R\u00e9volution Fran\u00e7aise<\/p>\n<p><a href=\"http:\/\/www.apdestination.com\/wp-content\/uploads\/chartreuse-de-valbonne.jpg\"><img loading=\"lazy\" decoding=\"async\" class=\"alignnone wp-image-4484 size-medium\" src=\"http:\/\/www.apdestination.com\/wp-content\/uploads\/chartreuse-de-valbonne-300x240.jpg\" alt=\"chartreuse-de-valbonne\" width=\"300\" height=\"240\" srcset=\"http:\/\/www.apdestination.com\/wp-content\/uploads\/chartreuse-de-valbonne-300x240.jpg 300w, http:\/\/www.apdestination.com\/wp-content\/uploads\/chartreuse-de-valbonne-1024x819.jpg 1024w, http:\/\/www.apdestination.com\/wp-content\/uploads\/chartreuse-de-valbonne-624x499.jpg 624w, http:\/\/www.apdestination.com\/wp-content\/uploads\/chartreuse-de-valbonne.jpg 2000w\" sizes=\"auto, (max-width: 300px) 100vw, 300px\" \/><\/a><\/p>\n<p>&nbsp;<\/p>\n<\/div>\n<div class=\"csColumnGap\" style=\"margin: 0px; padding: 0px; float: left; width: 1.56%;\"><img decoding=\"async\" src=\"http:\/\/www.apdestination.com\/wp-content\/plugins\/advanced-wp-columns\/assets\/js\/plugins\/views\/img\/1x1-pixel.png\" alt=\"\"><\/div>\n<div class=\"csColumn\" style=\"margin: 0px; padding: 0px; float: left; width: 31.3%;\" data-csstartpoint=\"645\" data-csendpoint=\"945\" data-cswidth=\"31.3%\" data-csid=\"b125aee4-88df-46cd-ac8d-b66e6b87608d\">\n<p><strong>Goudargues<\/strong><\/p>\n<p>La \u00ab\u00a0Venise Gardoise\u00a0\u00bb : voil\u00e0 comment est surnomm\u00e9 le village de Goudargues. Les visiteurs prendront plaisir \u00e0 s&rsquo;installer \u00e0 l&rsquo;ombre des platanes centenaires, \u00e0 d\u00e9ambuler dans ses ruelles paisibles, et se rafra\u00eechiront \u00e0 la fontaine bord\u00e9e de parapets. Alentour , les nombreux sentiers de randonn\u00e9es p\u00e9destres et circuit de V.T.T. feront la joie des sportifs et des amoureux de la nature.<\/p>\n<p><a href=\"http:\/\/www.apdestination.com\/wp-content\/uploads\/Goudargues.jpg\"><img loading=\"lazy\" decoding=\"async\" class=\"alignnone wp-image-4485 size-medium\" src=\"http:\/\/www.apdestination.com\/wp-content\/uploads\/Goudargues-300x199.jpg\" alt=\"goudargues\" width=\"300\" height=\"199\" srcset=\"http:\/\/www.apdestination.com\/wp-content\/uploads\/Goudargues-300x199.jpg 300w, http:\/\/www.apdestination.com\/wp-content\/uploads\/Goudargues-1024x682.jpg 1024w, http:\/\/www.apdestination.com\/wp-content\/uploads\/Goudargues-624x415.jpg 624w, http:\/\/www.apdestination.com\/wp-content\/uploads\/Goudargues.jpg 2000w\" sizes=\"auto, (max-width: 300px) 100vw, 300px\" \/><\/a><\/p>\n<p>&nbsp;<\/p>\n<\/div>\n<div class=\"csColumnGap\" style=\"margin: 0px; padding: 0px; float: left; width: 1.56%;\"><img decoding=\"async\" src=\"http:\/\/www.apdestination.com\/wp-content\/plugins\/advanced-wp-columns\/assets\/js\/plugins\/views\/img\/1x1-pixel.png\" alt=\"\"><\/div>\n<div style=\"clear: both; float: none; display: block; visibility: hidden; width: 0px; font-size: 0px; line-height: 0;\">&nbsp;<\/div>\n<\/div>\n<\/div>\n","protected":false},"excerpt":{"rendered":"<p>Maison de famille avec 7 chambres, grande piscine Situ\u00e9e en bordure du village de Rocheford-Du-Gard \u00e0 seulement 20 minutes d&rsquo;Avignon, la maison de 270 m2 avec 7 chambres peut accueillir confortablement les r\u00e9unions de famille, et les vacances en groupe. Le terrain de 1000m2 est cl\u00f4tur\u00e9 et ferm\u00e9 par un portail \u00e9lectrique assurant la s\u00e9curit\u00e9 [&hellip;]<\/p>\n","protected":false},"author":1,"featured_media":0,"parent":0,"menu_order":0,"comment_status":"closed","ping_status":"open","template":"","meta":{"ngg_post_thumbnail":0,"footnotes":""},"class_list":["post-7040","page","type-page","status-publish","hentry"],"_links":{"self":[{"href":"http:\/\/www.apdestination.com\/fr\/wp-json\/wp\/v2\/pages\/7040","targetHints":{"allow":["GET"]}}],"collection":[{"href":"http:\/\/www.apdestination.com\/fr\/wp-json\/wp\/v2\/pages"}],"about":[{"href":"http:\/\/www.apdestination.com\/fr\/wp-json\/wp\/v2\/types\/page"}],"author":[{"embeddable":true,"href":"http:\/\/www.apdestination.com\/fr\/wp-json\/wp\/v2\/users\/1"}],"replies":[{"embeddable":true,"href":"http:\/\/www.apdestination.com\/fr\/wp-json\/wp\/v2\/comments?post=7040"}],"version-history":[{"count":43,"href":"http:\/\/www.apdestination.com\/fr\/wp-json\/wp\/v2\/pages\/7040\/revisions"}],"predecessor-version":[{"id":9521,"href":"http:\/\/www.apdestination.com\/fr\/wp-json\/wp\/v2\/pages\/7040\/revisions\/9521"}],"wp:attachment":[{"href":"http:\/\/www.apdestination.com\/fr\/wp-json\/wp\/v2\/media?parent=7040"}],"curies":[{"name":"wp","href":"https:\/\/api.w.org\/{rel}","templated":true}]}}