{"id":243,"date":"2014-11-14T15:04:25","date_gmt":"2014-11-14T14:04:25","guid":{"rendered":"http:\/\/www.apdestination.com\/?page_id=243"},"modified":"2025-02-16T21:46:15","modified_gmt":"2025-02-16T20:46:15","slug":"apd04lou","status":"publish","type":"page","link":"http:\/\/www.apdestination.com\/fr\/apd04lou\/","title":{"rendered":"apd04lou-Maison proven\u00e7ale calme et confortable avec piscine"},"content":{"rendered":"<h2><img loading=\"lazy\" decoding=\"async\" class=\"alignnone wp-image-8466 size-full\" src=\"http:\/\/www.apdestination.com\/wp-content\/uploads\/IMG_0986.jpg\" alt=\"\" width=\"2000\" height=\"1333\" srcset=\"http:\/\/www.apdestination.com\/wp-content\/uploads\/IMG_0986.jpg 2000w, http:\/\/www.apdestination.com\/wp-content\/uploads\/IMG_0986-300x200.jpg 300w, http:\/\/www.apdestination.com\/wp-content\/uploads\/IMG_0986-1024x682.jpg 1024w, http:\/\/www.apdestination.com\/wp-content\/uploads\/IMG_0986-768x512.jpg 768w, http:\/\/www.apdestination.com\/wp-content\/uploads\/IMG_0986-1536x1024.jpg 1536w, http:\/\/www.apdestination.com\/wp-content\/uploads\/IMG_0986-624x416.jpg 624w\" sizes=\"auto, (max-width: 2000px) 100vw, 2000px\" \/><\/h2>\n<h2><img loading=\"lazy\" decoding=\"async\" class=\"alignnone wp-image-8018 size-full\" src=\"http:\/\/www.apdestination.com\/wp-content\/uploads\/apd04lou.png\" alt=\"\" width=\"1200\" height=\"100\" srcset=\"http:\/\/www.apdestination.com\/wp-content\/uploads\/apd04lou.png 1200w, http:\/\/www.apdestination.com\/wp-content\/uploads\/apd04lou-300x25.png 300w, http:\/\/www.apdestination.com\/wp-content\/uploads\/apd04lou-1024x85.png 1024w, http:\/\/www.apdestination.com\/wp-content\/uploads\/apd04lou-768x64.png 768w, http:\/\/www.apdestination.com\/wp-content\/uploads\/apd04lou-624x52.png 624w\" sizes=\"auto, (max-width: 1200px) 100vw, 1200px\" \/>Maison calme et ensoleill\u00e9e, piscine et grand jardin ouvert sur la campagne.<\/h2>\n<div class=\"property-description\">\n<div class=\"prop-desc-txt\">\n<p>Au c\u0153ur des Alpes de Haute-Provence, un d\u00e9partement pr\u00e9serv\u00e9 du tourisme de masse o\u00f9 vous appr\u00e9cierez la puret\u00e9 de l&rsquo;air, la tranquillit\u00e9, sans oublier les saveurs de la cuisine proven\u00e7ale et les couleurs \u00e9clatantes de la nature.<\/p>\n<p>Dans un jardin de 4000 m\u00b2 arbor\u00e9 et ouvert sur la campagne, le gite de 50m2 occupe le cot\u00e9 EST de notre maison. Il peut accueillir 6 personnes dans ses deux chambres et le s\u00e9jour cuisine. Pour pr\u00e9server l&rsquo;intimit\u00e9 de tous, l&rsquo;acc\u00e8s au gite se fait par une entr\u00e9e ind\u00e9pendante avec un parking priv\u00e9, un espace jardin privatif de 1000m2, une terrasse couverte de 20m2, une balan\u00e7oire et un trampoline. Nouveaut\u00e9 2021, une grande piscine de 9mx4m a \u00e9t\u00e9 install\u00e9e dans la partie commune du jardin. Pour profiter plus longtemps de la baignade et s\u00e9curiser le bassin, un abri t\u00e9lescopique semi-haut(1.6m) recouvre la piscine.<\/p>\n<p>La maison offre un point de d\u00e9part id\u00e9al pour ceux qui aiment les balades. Les environs sont riches des champs de lavande, et de nombreuses perles touristiques, et culturelles : Gordes, Fontaine de Vaucluse, le Colorado Proven\u00e7al, Avignon, Aix -En-Provence et pourquoi pas la mer pour une journ\u00e9e dans les calanques de Carry ou Cassis.<\/p>\n<h2><span style=\"color: #993366;\">&nbsp;Galerie photos<\/span><\/h2>\nngg_shortcode_0_placeholder\n<h2 class=\"title\"><span style=\"color: #993366;\">\u00c9quipements<br \/>\n<\/span><\/h2>\n<div class=\"entry\">\n<div class=\"ob-section ob-section-text\">\n<div class=\"ob-text\">\n<p><strong>Gite mitoyen de plain pied de 50m\u00b2 \u2013 Capacit\u00e9 : 6 places. 2 Chambres. Acc\u00e8s ind\u00e9pendant, climatisation.<\/strong><\/p>\n<p>Animaux autoris\u00e9s avec information et consentement pr\u00e9alable du propri\u00e9taire.<\/p>\n<p><strong>G\u00e9n\u00e9ral : <\/strong>internet WIFI, TV, parking gratuit sur place, climatisation<\/p>\n<p><strong>Pi\u00e8ce principale:<\/strong> Canap\u00e9 4 places convertible, T\u00e9l\u00e9vision , Connexion internet, Climatisation, table et chaises pour 6 personnes<\/p>\n<p><strong>Cuisine \u00e9quip\u00e9e :<\/strong> Four \u00e9lectrique, Lave-vaisselle 12 couverts, 4 feux gaz, Micro-onde, R\u00e9frig\u00e9rateur\/cong\u00e9lateur, Autocuiseur, expresso (dosettes souple), Cafeti\u00e8re et Bouilloire, Grille pain, Mixeur a soupe, r\u00e2pe \u00e0 l\u00e9gume \u00e9lectrique,&nbsp; Vaisselle courante pour 15 personnes<\/p>\n<p><strong>Chambre 1 : <\/strong>Lit 140cm, Penderie, Commode, bureau<\/p>\n<p><strong>Chambre 2 : <\/strong>2 lits de 90cm, Armoire, penderie, chaise<\/p>\n<p><strong>Sanitaires : <\/strong>Douche, Radiateur S\u00e8che serviette, lavabo<\/p>\n<p><strong>WC ind\u00e9pendants&nbsp;<\/strong>:<\/p>\n<p><strong>Autres&nbsp;:<\/strong> Lave linge, \u00c9tendoir, Table et fer \u00e0 repasser, Aspirateur<\/p>\n<p><strong>Ext\u00e9rieur : <\/strong>Transats, Salon de jardin, Barbecue, Parasol, Balan\u00e7oire, Terrasse couverte<\/p>\n<p><strong>Espace piscine partag\u00e9&nbsp;:<\/strong> Piscine 9m x 4m x1.4m de profondeur s\u00e9curis\u00e9e par une alarme ou une couverture t\u00e9lescopique, Transats \u00e0 la piscine, Trampoline avec filets de s\u00e9curit\u00e9<\/p>\n<p><strong>D\u00e9tail du linge fourni :<\/strong> 2 torchons de cuisine, tapis de douche, + si lou\u00e9 lits complets avec draps housses, housse de couette, taies d\u2019oreillers<\/p>\n<p><strong>Mat\u00e9riel petite enfance :<\/strong> lit b\u00e9b\u00e9, chaise haute<\/p>\n<\/div>\n<\/div>\n<\/div>\n<h2><span style=\"color: #993366;\">Localisation<\/span><\/h2>\n<p><iframe loading=\"lazy\" style=\"border: 0;\" src=\"https:\/\/www.google.com\/maps\/embed?pb=!1m14!1m8!1m3!1d1058.2371138837127!2d5.644129249497779!3d43.99809109974288!3m2!1i1024!2i768!4f13.1!3m3!1m2!1s0x12ca497e6aabb445%3A0x5a2935402ff43543!2zNDPCsDU5JzU0LjQiTiA1wrAzOCc0MC4xIkU!5e1!3m2!1sfr!2sfr!4v1658908683715!5m2!1sfr!2sfr\" width=\"600\" height=\"450\" allowfullscreen=\"allowfullscreen\"><\/iframe><\/p>\n<h2><span style=\"color: #993366;\">Tarifs<\/span><\/h2>\n<p>Par ce que ce n\u2019est pas la quantit\u00e9 des annonces qui fait la qualit\u00e9 d\u2019une offre, APdestination c\u2019est :<\/p>\n<ul>\n<li>1 seul interlocuteur qui connait tous les dossiers<\/li>\n<li>Paiement sans frais de service obligatoires, vous ne payez que le prix de la location<\/li>\n<li>Des locations de vacances contr\u00f4l\u00e9es tous les ans<\/li>\n<li>Des propri\u00e9taires s\u00e9lectionn\u00e9s et qui vous accueillent \u00e0 votre arriv\u00e9e.<\/li>\n<li>Des locations \u00e0 moins de 2 h de voiture de nos bureaux<\/li>\n<\/ul>\n<p>La s\u00e9curit\u00e9 d\u2019un professionnel local sp\u00e9cialiste des locations de vacances en France et plus sp\u00e9cialement Provence, Luberon, Gard.<\/p>\n\n<table id=\"wp-table-reloaded-id-2-no-1\" class=\"wp-table-reloaded wp-table-reloaded-id-2\">\n<thead>\n\t<tr class=\"row-1\">\n\t\t<th colspan=\"3\" class=\"column-1 colspan-3\">P\u00e9riode tarifaires<\/th>\n\t<\/tr>\n<\/thead>\n<tbody class=\"row-hover\">\n\t<tr class=\"row-2\">\n\t\t<td class=\"column-1\"><\/td><td class=\"column-2\"> mai<\/td><td class=\"column-3\">500\u20ac\/semaine<\/td>\n\t<\/tr>\n\t<tr class=\"row-3\">\n\t\t<td class=\"column-1\">Moyenne<\/td><td class=\"column-2\">juin et septembre<\/td><td class=\"column-3\">550\u20ac\/semaine<\/td>\n\t<\/tr>\n\t<tr class=\"row-4\">\n\t\t<td class=\"column-1\">Haute<\/td><td class=\"column-2\">juillet - aout<\/td><td class=\"column-3\">850\u20ac\/semaine<\/td>\n\t<\/tr>\n\t<tr class=\"row-5\">\n\t\t<td class=\"column-1\">basse<\/td><td class=\"column-2\">octobre \u00e0 avril<\/td><td class=\"column-3\">450\u20ac\/semaine<\/td>\n\t<\/tr>\n\t<tr class=\"row-6\">\n\t\t<td colspan=\"3\" class=\"column-1 colspan-3\">Options<\/td>\n\t<\/tr>\n\t<tr class=\"row-7\">\n\t\t<td class=\"column-1\"><\/td><td class=\"column-2\">Optionnal final cleaning \/ Option m\u00e9nage<\/td><td class=\"column-3\">80\u20ac<\/td>\n\t<\/tr>\n\t<tr class=\"row-8\">\n\t\t<td class=\"column-1\"><\/td><td class=\"column-2\">Pack grand lit <\/td><td class=\"column-3\">12 \u20ac<\/td>\n\t<\/tr>\n\t<tr class=\"row-9\">\n\t\t<td class=\"column-1\"><\/td><td class=\"column-2\">Pack lit simple<\/td><td class=\"column-3\">6\u20ac<\/td>\n\t<\/tr>\n\t<tr class=\"row-10\">\n\t\t<td class=\"column-1\"><\/td><td class=\"column-2\">Deposit \/ Caution non encaiss\u00e9e <\/td><td class=\"column-3\">500\u20ac<\/td>\n\t<\/tr>\n\t<tr class=\"row-11\">\n\t\t<td colspan=\"3\" class=\"column-1 colspan-3\">Un acompte de 25% \u00e0 la r\u00e9servation \/ 25% at booking<br \/>\r\nLe solde 1 mois avant le s\u00e9jour \/ the balance 1 month before arrival<\/td>\n\t<\/tr>\n<\/tbody>\n<\/table>\n\n<h2>&nbsp;<span style=\"color: #993366;\">Disponibilit\u00e9<\/span><\/h2>\n<p><iframe loading=\"lazy\" style=\"border: solid 1px #777;\" src=\"https:\/\/calendar.google.com\/calendar\/embed?showPrint=0&amp;showTabs=0&amp;showCalendars=0&amp;showTz=0&amp;height=400&amp;wkst=7&amp;hl=fr&amp;bgcolor=%23ffffff&amp;src=e8bcf0si4p0vnb86j95po83ves%40group.calendar.google.com&amp;color=%230F4B38&amp;ctz=Europe%2FParis\" width=\"600\" height=\"400\" frameborder=\"0\" scrolling=\"no\"><\/iframe><\/p>\n<h2><span style=\"color: #993366;\">D\u00e9couvrir les environs<br \/>\n<\/span><\/h2>\n<div class=\"csRow\">\n<div class=\"csColumnGap\" style=\"margin: 0px; padding: 0px; float: left; width: 1.56%;\"><img decoding=\"async\" src=\"http:\/\/www.apdestination.com\/wp-content\/plugins\/advanced-wp-columns\/assets\/js\/plugins\/views\/img\/1x1-pixel.png\" alt=\"\"><\/div>\n<div class=\"csColumn\" style=\"margin: 0px; padding: 0px; float: left; width: 31.3%;\" data-csstartpoint=\"15\" data-csendpoint=\"315\" data-cswidth=\"31.3%\" data-csid=\"2a8ab8b2-54a9-d302-8099-7ea2ed33a028\">\n<p><strong>Le Colorado Proven\u00e7al<br \/>\n<\/strong><\/p>\n<p>Form\u00e9e par l&rsquo;\u00e9rosion et par la main de l&rsquo;homme cette ancienne carri\u00e8re d&rsquo;ocre a vu ses paysages se transformer au fil des si\u00e8cles.<\/p>\n<p>Le site est aujourd&rsquo;hui marqu\u00e9 par une succession de sculptures et de falaises d&rsquo;ocre aux couleurs extraordinaires allant du jaune p\u00e2le au rouge vif. En partie recouvertes par la f\u00f4ret ces sculptures min\u00e9rales se dressent vers le ciel bleu azur de Provence offrant un paysage extraordinaire .<br \/>\n<a href=\"http:\/\/www.apdestination.com\/wp-content\/uploads\/Colorado-Proven\u00e7al.jpg\"><img loading=\"lazy\" decoding=\"async\" class=\"alignnone size-full wp-image-4583\" src=\"http:\/\/www.apdestination.com\/wp-content\/uploads\/Colorado-Proven\u00e7al.jpg\" alt=\"colorado-provencal\" width=\"640\" height=\"1000\" srcset=\"http:\/\/www.apdestination.com\/wp-content\/uploads\/Colorado-Proven\u00e7al.jpg 640w, http:\/\/www.apdestination.com\/wp-content\/uploads\/Colorado-Proven\u00e7al-192x300.jpg 192w, http:\/\/www.apdestination.com\/wp-content\/uploads\/Colorado-Proven\u00e7al-624x975.jpg 624w\" sizes=\"auto, (max-width: 640px) 100vw, 640px\" \/><\/a><\/p>\n<\/div>\n<div class=\"csColumnGap\" style=\"margin: 0px; padding: 0px; float: left; width: 1.56%;\"><img decoding=\"async\" src=\"http:\/\/www.apdestination.com\/wp-content\/plugins\/advanced-wp-columns\/assets\/js\/plugins\/views\/img\/1x1-pixel.png\" alt=\"\"><\/div>\n<div class=\"csColumn\" style=\"margin: 0px; padding: 0px; float: left; width: 31.3%;\" data-csstartpoint=\"330\" data-csendpoint=\"630\" data-cswidth=\"31.3%\" data-csid=\"be6f1bdc-b828-a542-875d-5855d70e9ac3\">\n<p>&nbsp;l<span style=\"color: #333333;\"><strong>es villages perch\u00e9s de Haute-Provence et du Lub\u00e9ron<br \/>\n<\/strong><\/span><\/p>\n<p>Du plus modeste au plus majestueux les villages de ce cot\u00e9 du Lub\u00e9ron se perchent sur les hauteurs dominant la vall\u00e9e. Vous \u00eates toujours \u00e0 quelques minutes d\u2019une de ces p\u00e9pites: Banon, Simiane-La-Rotonde, Vach\u00e8re, Bonnieux, Oppede le vieux\u2026. Gordes le plus connu de tous avec son ch\u00e2teau et sa vieille ville admirablement conserv\u00e9s qui s\u2019illuminent le soir . Chaque habitant de la r\u00e9gion a son pr\u00e9f\u00e9r\u00e9 et aura plaisir \u00e0 vous le faire d\u00e9couvrir<\/p>\n<p><a href=\"http:\/\/www.apdestination.com\/wp-content\/uploads\/village-de-vachere1.jpg\"><img loading=\"lazy\" decoding=\"async\" class=\"alignnone size-full wp-image-4590\" src=\"http:\/\/www.apdestination.com\/wp-content\/uploads\/village-de-vachere1.jpg\" alt=\"village-de-vachere\" width=\"1200\" height=\"640\" srcset=\"http:\/\/www.apdestination.com\/wp-content\/uploads\/village-de-vachere1.jpg 1200w, http:\/\/www.apdestination.com\/wp-content\/uploads\/village-de-vachere1-300x160.jpg 300w, http:\/\/www.apdestination.com\/wp-content\/uploads\/village-de-vachere1-1024x546.jpg 1024w, http:\/\/www.apdestination.com\/wp-content\/uploads\/village-de-vachere1-624x332.jpg 624w\" sizes=\"auto, (max-width: 1200px) 100vw, 1200px\" \/><\/a><\/p>\n<\/div>\n<div class=\"csColumnGap\" style=\"margin: 0px; padding: 0px; float: left; width: 1.56%;\"><img decoding=\"async\" src=\"http:\/\/www.apdestination.com\/wp-content\/plugins\/advanced-wp-columns\/assets\/js\/plugins\/views\/img\/1x1-pixel.png\" alt=\"\"><\/div>\n<div class=\"csColumn\" style=\"margin: 0px; padding: 0px; float: left; width: 31.3%;\" data-csstartpoint=\"645\" data-csendpoint=\"945\" data-cswidth=\"31.3%\" data-csid=\"93e9441d-4a47-ec5e-8fd4-fcd76687b54f\">\n<p>&nbsp;<strong>Avignon<\/strong><\/p>\n<p>Le c\u0153ur historique d&rsquo;Avignon est aujourd&rsquo;hui class\u00e9 au patrimoine mondial de l&rsquo;UNESCO. Prot\u00e9g\u00e9e par ses remparts, la vieille ville a conserv\u00e9 de merveilleux t\u00e9moignages de son pass\u00e9. \u00c9difi\u00e9 au XIV<sup>e<\/sup> si\u00e8cle, le palais des Papes est une \u00e9tape incontournable de la visite. Cette forteresse, r\u00e9sidence des papes au XIV<sup>e<\/sup> si\u00e8cle, est un superbe palais gothique compos\u00e9 de deux parties, le Palais Vieux et le Palais Neuf.<\/p>\n<p><a href=\"http:\/\/www.apdestination.com\/wp-content\/uploads\/Avignon_Palais_des_Papes_depuis_Tour_Philippe_le_Bel_by_JM_Rosier.jpg\"><img loading=\"lazy\" decoding=\"async\" class=\"alignnone size-full wp-image-4483\" src=\"http:\/\/www.apdestination.com\/wp-content\/uploads\/Avignon_Palais_des_Papes_depuis_Tour_Philippe_le_Bel_by_JM_Rosier.jpg\" alt=\"avignon_palais_des_papes_depuis_tour_philippe_le_bel_by_jm_rosier\" width=\"2000\" height=\"1197\" srcset=\"http:\/\/www.apdestination.com\/wp-content\/uploads\/Avignon_Palais_des_Papes_depuis_Tour_Philippe_le_Bel_by_JM_Rosier.jpg 2000w, http:\/\/www.apdestination.com\/wp-content\/uploads\/Avignon_Palais_des_Papes_depuis_Tour_Philippe_le_Bel_by_JM_Rosier-300x179.jpg 300w, http:\/\/www.apdestination.com\/wp-content\/uploads\/Avignon_Palais_des_Papes_depuis_Tour_Philippe_le_Bel_by_JM_Rosier-1024x612.jpg 1024w, http:\/\/www.apdestination.com\/wp-content\/uploads\/Avignon_Palais_des_Papes_depuis_Tour_Philippe_le_Bel_by_JM_Rosier-624x373.jpg 624w\" sizes=\"auto, (max-width: 2000px) 100vw, 2000px\" \/><\/a><\/p>\n<\/div>\n<div class=\"csColumnGap\" style=\"margin: 0px; padding: 0px; float: left; width: 1.56%;\"><img decoding=\"async\" src=\"http:\/\/www.apdestination.com\/wp-content\/plugins\/advanced-wp-columns\/assets\/js\/plugins\/views\/img\/1x1-pixel.png\" alt=\"\"><\/div>\n<div style=\"clear: both; float: none; display: block; visibility: hidden; width: 0px; font-size: 0px; line-height: 0;\">&nbsp;<\/div>\n<\/div>\n<div class=\"csRow\">&nbsp;<\/div>\n<div class=\"csRow\">\n<div class=\"csColumnGap\" style=\"margin: 0px; padding: 0px; float: left; width: 1.56%;\"><img decoding=\"async\" src=\"http:\/\/www.apdestination.com\/wp-content\/plugins\/advanced-wp-columns\/assets\/js\/plugins\/views\/img\/1x1-pixel.png\" alt=\"\"><\/div>\n<div class=\"csColumn\" style=\"margin: 0px; padding: 0px; float: left; width: 31.3%;\" data-csstartpoint=\"645\" data-csendpoint=\"945\" data-cswidth=\"31.3%\" data-csid=\"4de58bf4-c27b-b9a2-ae34-33caf6e2fa4b\">&nbsp;<\/div>\n<div class=\"csColumnGap\" style=\"margin: 0px; padding: 0px; float: left; width: 1.56%;\"><img decoding=\"async\" src=\"http:\/\/www.apdestination.com\/wp-content\/plugins\/advanced-wp-columns\/assets\/js\/plugins\/views\/img\/1x1-pixel.png\" alt=\"\"><\/div>\n<\/div>\n<div class=\"csRow\">\n<div class=\"csColumnGap\" style=\"margin: 0px; padding: 0px; float: left; width: 1.56%;\"><img decoding=\"async\" src=\"http:\/\/www.apdestination.com\/wp-content\/plugins\/advanced-wp-columns\/assets\/js\/plugins\/views\/img\/1x1-pixel.png\" alt=\"\"><\/div>\n<div class=\"csColumn\" style=\"margin: 0px; padding: 0px; float: left; width: 31.3%; text-align: justify;\" data-csstartpoint=\"15\" data-csendpoint=\"315\" data-cswidth=\"31.3%\" data-csid=\"73c52862-1d0a-3124-90a8-a09925653ba6\">\n<p><strong>L&rsquo;abbaye de Valsainte<br \/>\n<\/strong><\/p>\n<p>La visite du jardin de l\u2019abbaye de Valsaintes est une invitation \u00e0 l\u2019\u00e9merveillement, la fl\u00e2nerie, la d\u00e9tente et la s\u00e9r\u00e9nit\u00e9 alli\u00e9e au plaisir de la d\u00e9couverte d\u2019un espace naturel, historique et spirituel exceptionnel.<\/p>\n<p>Au rythme des restanques, vous pourrez d\u00e9ambuler parmi des espaces floraux riches de 550 vari\u00e9t\u00e9s de roses associ\u00e9es \u00e0 une flore spontan\u00e9e ou introduite.<\/p>\n<p><a href=\"http:\/\/www.apdestination.com\/wp-content\/uploads\/apdestination-abbaye-de-valsainte.jpg\"><img loading=\"lazy\" decoding=\"async\" class=\"alignnone size-full wp-image-4584\" src=\"http:\/\/www.apdestination.com\/wp-content\/uploads\/apdestination-abbaye-de-valsainte.jpg\" alt=\"apdestination-abbaye-de-valsainte\" width=\"2048\" height=\"1536\" srcset=\"http:\/\/www.apdestination.com\/wp-content\/uploads\/apdestination-abbaye-de-valsainte.jpg 2048w, http:\/\/www.apdestination.com\/wp-content\/uploads\/apdestination-abbaye-de-valsainte-300x225.jpg 300w, http:\/\/www.apdestination.com\/wp-content\/uploads\/apdestination-abbaye-de-valsainte-1024x768.jpg 1024w, http:\/\/www.apdestination.com\/wp-content\/uploads\/apdestination-abbaye-de-valsainte-624x468.jpg 624w\" sizes=\"auto, (max-width: 2048px) 100vw, 2048px\" \/><\/a><\/p>\n<\/div>\n<div class=\"csColumnGap\" style=\"margin: 0px; padding: 0px; float: left; width: 1.56%;\"><img decoding=\"async\" src=\"http:\/\/www.apdestination.com\/wp-content\/plugins\/advanced-wp-columns\/assets\/js\/plugins\/views\/img\/1x1-pixel.png\" alt=\"\"><\/div>\n<div class=\"csColumn\" style=\"margin: 0px; padding: 0px; float: left; width: 31.3%;\" data-csstartpoint=\"330\" data-csendpoint=\"630\" data-cswidth=\"31.3%\" data-csid=\"3321e960-9ab5-cc73-955d-dd639a5c4a06\">\n<p><strong>Les gorges du verdon<\/strong><br \/>\nEn cano\u00e9, b\u00e2teau \u00e9lectrique ou de croisi\u00e8re, les gorges du Verdon se visitent le temps d\u2019une journ\u00e9e.<br \/>\nIl y a le haut Verdon avec le lac de Sainte Croix aux eaux turquoises et les gorges sublimes encadr\u00e9es de falaises vertigineuses. Et les basses gorges plus sauvages qui partent du lac d\u2019Esparon. Un chemin am\u00e9nag\u00e9 parcourt \u00e9galement la totalit\u00e9 des gorges passant au plus pr\u00e8s de l\u2019eau, empruntant des passerelles et quelques tunnels<\/p>\n<p><a href=\"http:\/\/www.apdestination.com\/wp-content\/uploads\/apdestination-gorges-du-verdon.jpg\"><img loading=\"lazy\" decoding=\"async\" class=\"alignnone size-full wp-image-4585\" src=\"http:\/\/www.apdestination.com\/wp-content\/uploads\/apdestination-gorges-du-verdon.jpg\" alt=\"apdestination-gorges-du-verdon\" width=\"2000\" height=\"1333\" srcset=\"http:\/\/www.apdestination.com\/wp-content\/uploads\/apdestination-gorges-du-verdon.jpg 2000w, http:\/\/www.apdestination.com\/wp-content\/uploads\/apdestination-gorges-du-verdon-300x199.jpg 300w, http:\/\/www.apdestination.com\/wp-content\/uploads\/apdestination-gorges-du-verdon-1024x682.jpg 1024w, http:\/\/www.apdestination.com\/wp-content\/uploads\/apdestination-gorges-du-verdon-624x415.jpg 624w\" sizes=\"auto, (max-width: 2000px) 100vw, 2000px\" \/><\/a><\/p>\n<p>&nbsp;<\/p>\n<\/div>\n<div class=\"csColumnGap\" style=\"margin: 0px; padding: 0px; float: left; width: 1.56%;\"><img decoding=\"async\" src=\"http:\/\/www.apdestination.com\/wp-content\/plugins\/advanced-wp-columns\/assets\/js\/plugins\/views\/img\/1x1-pixel.png\" alt=\"\"><\/div>\n<div class=\"csColumn\" style=\"margin: 0px; padding: 0px; float: left; width: 31.3%;\" data-csstartpoint=\"645\" data-csendpoint=\"945\" data-cswidth=\"31.3%\" data-csid=\"b125aee4-88df-46cd-ac8d-b66e6b87608d\">\n<p><strong>Les Calanques de Cassis<br \/>\n<\/strong><\/p>\n<p>On ne peut passer des vacances en Provence sans aller passer une journ\u00e9e au bord de la mer. D\u00e9couvrir Cassis et ses falaises class\u00e9es, une des plus hautes d\u2019Europe avec 399m. Le village tr\u00e8s touristique est le point de d\u00e9part de nombreuses promenades en mer pour d\u00e9couvrir les calanques qui s\u2019\u00e9tendent jusqu\u2019\u00e0 Marseille. Elles se visitent \u00e9galement \u00e0 pied pour les plus courageux.<\/p>\n<p><a href=\"http:\/\/www.apdestination.com\/wp-content\/uploads\/Calanques-de-Cassis.jpg\"><img loading=\"lazy\" decoding=\"async\" class=\"alignnone size-full wp-image-4586\" src=\"http:\/\/www.apdestination.com\/wp-content\/uploads\/Calanques-de-Cassis.jpg\" alt=\"calanques-de-cassis\" width=\"1200\" height=\"640\" srcset=\"http:\/\/www.apdestination.com\/wp-content\/uploads\/Calanques-de-Cassis.jpg 1200w, http:\/\/www.apdestination.com\/wp-content\/uploads\/Calanques-de-Cassis-300x160.jpg 300w, http:\/\/www.apdestination.com\/wp-content\/uploads\/Calanques-de-Cassis-1024x546.jpg 1024w, http:\/\/www.apdestination.com\/wp-content\/uploads\/Calanques-de-Cassis-624x332.jpg 624w\" sizes=\"auto, (max-width: 1200px) 100vw, 1200px\" \/><\/a><\/p>\n<p>&nbsp;<\/p>\n<\/div>\n<div class=\"csColumnGap\" style=\"margin: 0px; padding: 0px; float: left; width: 1.56%;\"><img decoding=\"async\" src=\"http:\/\/www.apdestination.com\/wp-content\/plugins\/advanced-wp-columns\/assets\/js\/plugins\/views\/img\/1x1-pixel.png\" alt=\"\"><\/div>\n<div style=\"clear: both; float: none; display: block; visibility: hidden; width: 0px; font-size: 0px; line-height: 0;\">&nbsp;<\/div>\n<\/div>\n<p>&nbsp;<\/p>\n<\/div>\n<\/div>\n","protected":false},"excerpt":{"rendered":"<p>Maison calme et ensoleill\u00e9e, piscine et grand jardin ouvert sur la campagne. Au c\u0153ur des Alpes de Haute-Provence, un d\u00e9partement pr\u00e9serv\u00e9 du tourisme de masse o\u00f9 vous appr\u00e9cierez la puret\u00e9 de l&rsquo;air, la tranquillit\u00e9, sans oublier les saveurs de la cuisine proven\u00e7ale et les couleurs \u00e9clatantes de la nature. Dans un jardin de 4000 m\u00b2 [&hellip;]<\/p>\n","protected":false},"author":1,"featured_media":0,"parent":0,"menu_order":0,"comment_status":"closed","ping_status":"open","template":"","meta":{"ngg_post_thumbnail":0,"footnotes":""},"class_list":["post-243","page","type-page","status-publish","hentry"],"_links":{"self":[{"href":"http:\/\/www.apdestination.com\/fr\/wp-json\/wp\/v2\/pages\/243","targetHints":{"allow":["GET"]}}],"collection":[{"href":"http:\/\/www.apdestination.com\/fr\/wp-json\/wp\/v2\/pages"}],"about":[{"href":"http:\/\/www.apdestination.com\/fr\/wp-json\/wp\/v2\/types\/page"}],"author":[{"embeddable":true,"href":"http:\/\/www.apdestination.com\/fr\/wp-json\/wp\/v2\/users\/1"}],"replies":[{"embeddable":true,"href":"http:\/\/www.apdestination.com\/fr\/wp-json\/wp\/v2\/comments?post=243"}],"version-history":[{"count":63,"href":"http:\/\/www.apdestination.com\/fr\/wp-json\/wp\/v2\/pages\/243\/revisions"}],"predecessor-version":[{"id":9537,"href":"http:\/\/www.apdestination.com\/fr\/wp-json\/wp\/v2\/pages\/243\/revisions\/9537"}],"wp:attachment":[{"href":"http:\/\/www.apdestination.com\/fr\/wp-json\/wp\/v2\/media?parent=243"}],"curies":[{"name":"wp","href":"https:\/\/api.w.org\/{rel}","templated":true}]}}