{"id":2394,"date":"2015-08-15T11:00:00","date_gmt":"2015-08-15T10:00:00","guid":{"rendered":"http:\/\/www.apdestination.com\/?page_id=2394"},"modified":"2022-08-02T16:21:19","modified_gmt":"2022-08-02T15:21:19","slug":"modele","status":"publish","type":"page","link":"http:\/\/www.apdestination.com\/fr\/modele\/","title":{"rendered":"Modele"},"content":{"rendered":"<p><\/p>\n\n\n<figure class=\"wp-block-image size-large\"><img loading=\"lazy\" decoding=\"async\" width=\"1024\" height=\"640\" src=\"http:\/\/www.apdestination.com\/wp-content\/uploads\/20220616_115850-1024x640.jpg\" alt=\"\" class=\"wp-image-8451\" srcset=\"http:\/\/www.apdestination.com\/wp-content\/uploads\/20220616_115850-1024x640.jpg 1024w, http:\/\/www.apdestination.com\/wp-content\/uploads\/20220616_115850-300x188.jpg 300w, http:\/\/www.apdestination.com\/wp-content\/uploads\/20220616_115850-768x480.jpg 768w, http:\/\/www.apdestination.com\/wp-content\/uploads\/20220616_115850-1536x960.jpg 1536w, http:\/\/www.apdestination.com\/wp-content\/uploads\/20220616_115850-624x390.jpg 624w, http:\/\/www.apdestination.com\/wp-content\/uploads\/20220616_115850.jpg 2000w\" sizes=\"auto, (max-width: 1024px) 100vw, 1024px\" \/><\/figure>\n\n\n\n<figure class=\"wp-block-image size-large\"><img loading=\"lazy\" decoding=\"async\" width=\"1024\" height=\"85\" src=\"http:\/\/www.apdestination.com\/wp-content\/uploads\/apd04sim1-1024x85.png\" alt=\"\" class=\"wp-image-8412\" srcset=\"http:\/\/www.apdestination.com\/wp-content\/uploads\/apd04sim1-1024x85.png 1024w, http:\/\/www.apdestination.com\/wp-content\/uploads\/apd04sim1-300x25.png 300w, http:\/\/www.apdestination.com\/wp-content\/uploads\/apd04sim1-768x64.png 768w, http:\/\/www.apdestination.com\/wp-content\/uploads\/apd04sim1-624x52.png 624w, http:\/\/www.apdestination.com\/wp-content\/uploads\/apd04sim1.png 1200w\" sizes=\"auto, (max-width: 1024px) 100vw, 1024px\" \/><\/figure>\n\n\n\n<h2 class=\"wp-block-heading\">Luxueuse villa dans le Sud de la France<\/h2>\n\n\n\n<p>Pour un s\u00e9jour en France, on ne pouvait r\u00eaver mieux que cette belle propri\u00e9t\u00e9 situ\u00e9e dans un hameau en plein c\u0153ur du Lub\u00e9ron. L\u00e9g\u00e8rement \u00e0 l&rsquo;\u00e9cart des autres maisons pour profiter du calme, la villa est entour\u00e9e de champs de lavande. On arrive par l&rsquo;arri\u00e8re de la maison, un garage et plusieurs places de stationnement sont \u00e0 votre disposition. Quand on entre dans la maison on est d\u2019abord accueilli dans la volumineuse pi\u00e8ce de vie qui se partage en trois espaces : le salon TV devant la baie vitr\u00e9e, puis au centre une grande table pour 8 personnes, et enfin au fond de la pi\u00e8ce une grande cuisine \u00e9quip\u00e9e donnant sur la terrasse ombrag\u00e9e.   En avan\u00e7ant vers la cuisine on d\u00e9couvre la vue sur la piscine et la campagne environnante. <\/p>\n\n\n\n<p>La maison poss\u00e8de 4 chambres, deux en rez-de-chauss\u00e9e et deux \u00e0 l&rsquo;\u00e9tage. Les deux salles de bain et les 2 WC ind\u00e9pendants sont install\u00e9es pr\u00e8s des chambres. Toutes les chambres poss\u00e8dent des rangements avec penderie, et ont vue sur la piscine et les lavandes.<\/p>\n\n\n\n<p>La piscine chauff\u00e9e de 10mx4m, est le centre de la propri\u00e9t\u00e9, elle est ceintur\u00e9e d&rsquo;un c\u00f4t\u00e9 par un muret en pierre s\u00e8che typique de la r\u00e9gion et de l&rsquo;autre par les terrasses de la maison. Autour de la piscine, une douche solaire, plusieurs transats et des tables en fer forg\u00e9 afin que tous trouvent un espace pour profiter des lieux.<\/p>\n\n\n\n<p>La r\u00e9gion riche de gastronomie, de sites culturels, historiques, et artisanaux permettra de passer de belle vacances et de revenir la t\u00eate pleine de souvenirs inoubliables.<\/p>\n\n\n\n<p>En plus des march\u00e9s \u00e0 Banon les mardis et samedis, ne manquez pas le march\u00e9 proven\u00e7al \u00e0 Forcalquier le lundi, le plus grand de la r\u00e9gion, pour vous ravitailler en produits frais et r\u00e9gionaux. On ne compte plus les producteurs locaux, fiers de vous faire d\u00e9couvrir leurs produits, bio pour beaucoup. <\/p>\n\n\n\n<p>Une r\u00e9gion loin du tourisme de masse qui a su garder son identit\u00e9.<\/p>\n\n\n\n<p><\/p>\n\n\n\n<h2 class=\"wp-block-heading\">&nbsp;Galerie photos<\/h2>\n\n\n\nngg_shortcode_0_placeholder\n\n\n\n<p><\/p>\n\n\n\n<h2 class=\"wp-block-heading\">\u00c9quipements<\/h2>\n\n\n\n<p><strong>Maison  de   m2 &#8211; Capacit\u00e9 :     places.      chambres, Plain pied\/    \u00e9tage.<\/strong> <strong>Jardin clos de      m2<\/strong><\/p>\n\n\n\n<p><strong>  <\/strong><\/p>\n\n\n\n<p>\u00a0Acc\u00e8s par escalier ext\u00e9rieur 5 marches. Animaux autoris\u00e9s avec information et consentement pr\u00e9alable du propri\u00e9taire. Animaux non autoris\u00e9s<\/p>\n\n\n\n<p><strong>G\u00e9n\u00e9ral : <\/strong>internet WIFI\/ FIBRE, TV, parking gratuit sur place, chauffage central \u00e9lectrique, climatisation<\/p>\n\n\n\n<p><strong>Pi\u00e8ce principale :<\/strong>\u00a0 Canap\u00e9 d\u2019angle 5 places convertible , 2 fauteuils, T\u00e9l\u00e9vision TNT, Lecteur dvd, tables basses, Chemin\u00e9e avec insert, po\u00eale a bois, Biblioth\u00e8que, bureau, Table et chaises pour ____ personnes, Comptoir bar et _____ tabourets de bar<\/p>\n\n\n\n<p><strong>Cuisine :<\/strong>  Four \u00e9lectrique gaz, Lave-vaisselle 12 couverts, 4 feux gaz, Plaques \u00e9lectriques, Micro-onde, R\u00e9frig\u00e9rateur\/cong\u00e9lateur, Autocuiseur, Cafeti\u00e8re filtre, cafeti\u00e8re \u00e0 expresso, Bouilloire, Grille pain, Mixeur \u00e0 soupe, Mandoline, Robot culinaire, Vaisselle courante pour 6 personnes<\/p>\n\n\n\n<p><strong>Chambre 1\u00a0 : <\/strong>Lit 140cm, 2 lits de 90cm, chevet, lampe de chevet, armoire, Penderie, Commode, bureau, canap\u00e9 convertible 2 places, salle d&rsquo;eau avec douche, bain, WC<\/p>\n\n\n\n<p><strong>Chambre 2\u00a0 : <\/strong>Lit 140cm, 2 lits de 90cm, chevet, lampe de chevet, armoire, Penderie, Commode, bureau, canap\u00e9 convertible 2 places, salle d&rsquo;eau avec douche, bain, WC<\/p>\n\n\n\n<p><strong>Chambre 3  : <\/strong>Lit 140cm, 2 lits de 90cm, chevet, lampe de chevet, armoire, Penderie, Commode, bureau, canap\u00e9 convertible 2 places, salle d&rsquo;eau avec douche, bain, WC<\/p>\n\n\n\n<p><strong>Chambre 4  : <\/strong>Lit 140cm, 2 lits de 90cm, chevet, lampe de chevet, armoire, Penderie, Commode, bureau, canap\u00e9 convertible 2 places, salle d&rsquo;eau avec douche, bain, WC<\/p>\n\n\n\n<p><strong>Salles de bain 1 :<\/strong> WC, Douche, bain, double vasque, Vasque, Miroir, Placard, Radiateur S\u00e8che serviette, S\u00e8che-cheveux<\/p>\n\n\n\n<p><strong>Salles de bain 2 :<\/strong> WC, Douche, bain, double vasque, Vasque, Miroir, Placard, Radiateur S\u00e8che serviette, S\u00e8che-cheveux<\/p>\n\n\n\n<p><strong>Autre :<\/strong>  Lave linge, s\u00e8che linge, \u00c9tendoir, Fer \u00e0 repasser,aspirateur, jeux de soci\u00e9t\u00e9.<\/p>\n\n\n\n<p><strong>Ext\u00e9rieur :<\/strong> Piscine chauff\u00e9e \u00e0 25\u00b0C de mai \u00e0 septembre 10 m x 5m profondeur 1.30m, Jacuzzi 5 places ext\u00e9rieur utilisable toute l\u2019ann\u00e9e, Transats, Salon de jardin, Canap\u00e9 5 places au bord de la piscine, Barbecue \u00e0 charbon, Four \u00e0 pizza \u00e0 bois, abris v\u00e9lo moto, garage ferm\u00e9 pour 1 voiture, boules et terrain de p\u00e9tanque.<\/p>\n\n\n\n<p><strong><strong>D\u00e9tail du linge fourni :<\/strong> <\/strong>2 torchons de cuisine, + Si lou\u00e9 : linge de toilette \u00e0 raison de 1 drap de bain + 1 serviette +1 gant de toilette par personne, lits complets avec draps housses, draps plats ou housses de couette, taies d\u2019oreillers et de traversins).<\/p>\n\n\n\n<p><strong>Mat\u00e9riel petite enfance :<\/strong> lit b\u00e9b\u00e9, chaise haute, barri\u00e8re.<\/p>\n\n\n\n<h2 class=\"wp-block-heading\">Localisation<\/h2>\n\n\n\n<p><iframe src=\"https:\/\/www.google.com\/maps\/embed?pb=!1m18!1m12!1m3!1d137585.8705432796!2d5.502654008119465!3d44.00875649067924!2m3!1f0!2f0!3f0!3m2!1i1024!2i768!4f13.1!3m3!1m2!1s0x0%3A0xfb8263c0d0a93a77!2zNDTCsDAwJzU2LjAiTiA1wrAzMic1NS41IkU!5e0!3m2!1sfr!2sfr!4v1655475471322!5m2!1sfr!2sfr\" style=\"border:0;\" allowfullscreen=\"\" loading=\"lazy\" referrerpolicy=\"no-referrer-when-downgrade\" width=\"600\" height=\"450\"><\/iframe><\/p>\n\n\n\n<h2 class=\"wp-block-heading\">Tarifs<\/h2>\n\n\n\n<p>Parce que ce n\u2019est pas la quantit\u00e9 des annonces qui fait la qualit\u00e9 d\u2019une offre, APdestination c\u2019est :<\/p>\n\n\n\n<ul class=\"wp-block-list\"><li>1 seul interlocuteur qui connait tous les dossiers<\/li><li>Paiement sans frais de service obligatoires, vous ne payez que le prix de la location<\/li><li>ch\u00e8ques vacances ANCV accept\u00e9s<\/li><li>Des locations de vacances contr\u00f4l\u00e9es tous les ans<\/li><li>Des propri\u00e9taires s\u00e9lectionn\u00e9s et qui vous accueillent \u00e0 votre arriv\u00e9e.<\/li><li>Des locations \u00e0 moins de 2 h de voiture de nos bureaux<\/li><\/ul>\n\n\n\n<p>La s\u00e9curit\u00e9 d\u2019un professionnel local sp\u00e9cialiste des locations de vacances en France et plus sp\u00e9cialement Provence, Luberon, Gard.<\/p>\n\n\n[table \"61\" not found \/]<br \/>\n\n\n\n\n<h2 class=\"wp-block-heading\">Disponibilit\u00e9<\/h2>\n\n\n\n<p><iframe loading=\"lazy\" src=\"https:\/\/calendar.google.com\/calendar\/embed?height=600&amp;wkst=7&amp;bgcolor=%23ffffff&amp;ctz=Europe%2FParis&amp;showTitle=1&amp;showNav=1&amp;showDate=1&amp;showPrint=0&amp;showTabs=0&amp;showCalendars=0&amp;showTz=0&amp;src=ZXU4bGh0aWlxcXVtNHBibTcwZm9kbWllMzRAZ3JvdXAuY2FsZW5kYXIuZ29vZ2xlLmNvbQ&amp;color=%234285F4\" style=\"border:solid 1px #777\" scrolling=\"no\" width=\"600\" height=\"450\" frameborder=\"0\"><\/iframe><\/p>\n\n\n\n<h2 class=\"wp-block-heading\">D\u00e9couvrir les environs<\/h2>\n\n\n\n<figure class=\"wp-block-image size-large\"><img loading=\"lazy\" decoding=\"async\" width=\"640\" height=\"1000\" src=\"http:\/\/www.apdestination.com\/wp-content\/uploads\/Colorado-Proven\u00e7al.jpg\" alt=\"\" class=\"wp-image-4583\" srcset=\"http:\/\/www.apdestination.com\/wp-content\/uploads\/Colorado-Proven\u00e7al.jpg 640w, http:\/\/www.apdestination.com\/wp-content\/uploads\/Colorado-Proven\u00e7al-192x300.jpg 192w, http:\/\/www.apdestination.com\/wp-content\/uploads\/Colorado-Proven\u00e7al-624x975.jpg 624w\" sizes=\"auto, (max-width: 640px) 100vw, 640px\" \/><\/figure>\n\n\n\n<p><strong>Le Colorado Proven\u00e7al<\/strong> Form\u00e9s par l&rsquo;\u00e9rosion et par la main de l&rsquo;homme cette ancienne carri\u00e8re d&rsquo;ocre a vu ses paysages se transformer au fil des si\u00e8cles. Le site est aujourd&rsquo;hui marqu\u00e9 par une succession de sculptures et de falaises d&rsquo;ocres aux couleurs extraordinaires allant du jaune p\u00e2le au rouge vif. En partie recouvert par la for\u00eat ces sculptures min\u00e9rales se dressent vers le ciel bleu azur de Provence offrant un paysage extraordinaire .<\/p>\n\n\n\n<figure class=\"wp-block-image size-large\"><img loading=\"lazy\" decoding=\"async\" width=\"1024\" height=\"546\" src=\"http:\/\/www.apdestination.com\/wp-content\/uploads\/village-de-vachere1-1024x546.jpg\" alt=\"\" class=\"wp-image-4590\" srcset=\"http:\/\/www.apdestination.com\/wp-content\/uploads\/village-de-vachere1-1024x546.jpg 1024w, http:\/\/www.apdestination.com\/wp-content\/uploads\/village-de-vachere1-300x160.jpg 300w, http:\/\/www.apdestination.com\/wp-content\/uploads\/village-de-vachere1-624x332.jpg 624w, http:\/\/www.apdestination.com\/wp-content\/uploads\/village-de-vachere1.jpg 1200w\" sizes=\"auto, (max-width: 1024px) 100vw, 1024px\" \/><\/figure>\n\n\n\n<p>&nbsp;l<strong>es villages perch\u00e9s de Haute-Provence et du Lub\u00e9ron<\/strong> Du plus modeste au plus majestueux les villages de ce cot\u00e9 du Lub\u00e9ron se perchent sur les hauteurs dominant la vall\u00e9e. Vous \u00eates toujours \u00e0 quelques minutes d&rsquo;une de ces p\u00e9pites: Banon, Simiane-La-Rotonde, Vach\u00e8re, Bonnieux, Oppede le vieux&#8230;. Gordes le plus connu de tous avec son ch\u00e2teau et sa vieille ville admirablement conserv\u00e9s qui s&rsquo;illuminent le soir . Chaque habitant de la r\u00e9gion a son pr\u00e9f\u00e9r\u00e9 et aura plaisir \u00e0 vous le faire d\u00e9couvrir  <\/p>\n\n\n\n<figure class=\"wp-block-image size-large\"><img loading=\"lazy\" decoding=\"async\" width=\"1024\" height=\"612\" src=\"http:\/\/www.apdestination.com\/wp-content\/uploads\/Avignon_Palais_des_Papes_depuis_Tour_Philippe_le_Bel_by_JM_Rosier-1024x612.jpg\" alt=\"\" class=\"wp-image-4483\" srcset=\"http:\/\/www.apdestination.com\/wp-content\/uploads\/Avignon_Palais_des_Papes_depuis_Tour_Philippe_le_Bel_by_JM_Rosier-1024x612.jpg 1024w, http:\/\/www.apdestination.com\/wp-content\/uploads\/Avignon_Palais_des_Papes_depuis_Tour_Philippe_le_Bel_by_JM_Rosier-300x179.jpg 300w, http:\/\/www.apdestination.com\/wp-content\/uploads\/Avignon_Palais_des_Papes_depuis_Tour_Philippe_le_Bel_by_JM_Rosier-624x373.jpg 624w, http:\/\/www.apdestination.com\/wp-content\/uploads\/Avignon_Palais_des_Papes_depuis_Tour_Philippe_le_Bel_by_JM_Rosier.jpg 2000w\" sizes=\"auto, (max-width: 1024px) 100vw, 1024px\" \/><\/figure>\n\n\n\n<p><strong>Avignon<\/strong> Le c\u0153ur historique d&rsquo;Avignon est aujourd&rsquo;hui class\u00e9 au patrimoine mondial de l&rsquo;UNESCO. Prot\u00e9g\u00e9e par ses remparts, la vieille ville a conserv\u00e9 de merveilleux t\u00e9moignages de son pass\u00e9. \u00c9difi\u00e9 au XIV<sup>e<\/sup> si\u00e8cle, le palais des Papes est une \u00e9tape incontournable de la visite. Cette forteresse, r\u00e9sidence des papes au XIV<sup>e<\/sup> si\u00e8cle, est un superbe palais gothique compos\u00e9 de deux parties, le Palais Vieux et le Palais Neuf.  <\/p>\n\n\n\n<figure class=\"wp-block-image size-large\"><img loading=\"lazy\" decoding=\"async\" width=\"1024\" height=\"768\" src=\"http:\/\/www.apdestination.com\/wp-content\/uploads\/apdestination-abbaye-de-valsainte-1024x768.jpg\" alt=\"\" class=\"wp-image-4584\" srcset=\"http:\/\/www.apdestination.com\/wp-content\/uploads\/apdestination-abbaye-de-valsainte-1024x768.jpg 1024w, http:\/\/www.apdestination.com\/wp-content\/uploads\/apdestination-abbaye-de-valsainte-300x225.jpg 300w, http:\/\/www.apdestination.com\/wp-content\/uploads\/apdestination-abbaye-de-valsainte-624x468.jpg 624w, http:\/\/www.apdestination.com\/wp-content\/uploads\/apdestination-abbaye-de-valsainte.jpg 2048w\" sizes=\"auto, (max-width: 1024px) 100vw, 1024px\" \/><\/figure>\n\n\n\n<p><strong>L&rsquo;abbaye de Valsaintes<\/strong> La visite du jardin de l&rsquo;abbaye de Valsaintes est une invitation \u00e0 l&rsquo;\u00e9merveillement, la fl\u00e2nerie, la d\u00e9tente et la s\u00e9r\u00e9nit\u00e9 alli\u00e9e au plaisir de la d\u00e9couverte d&rsquo;un espace naturel, historique et spirituel exceptionnel. Au rythme des restanques, vous pourrez d\u00e9ambuler parmi des espaces floraux riches de 550 vari\u00e9t\u00e9s de roses associ\u00e9es \u00e0 une flore spontan\u00e9e ou introduite.  <\/p>\n\n\n\n<figure class=\"wp-block-image size-large\"><img loading=\"lazy\" decoding=\"async\" width=\"1024\" height=\"682\" src=\"http:\/\/www.apdestination.com\/wp-content\/uploads\/apdestination-gorges-du-verdon-1024x682.jpg\" alt=\"\" class=\"wp-image-4585\" srcset=\"http:\/\/www.apdestination.com\/wp-content\/uploads\/apdestination-gorges-du-verdon-1024x682.jpg 1024w, http:\/\/www.apdestination.com\/wp-content\/uploads\/apdestination-gorges-du-verdon-300x199.jpg 300w, http:\/\/www.apdestination.com\/wp-content\/uploads\/apdestination-gorges-du-verdon-624x415.jpg 624w, http:\/\/www.apdestination.com\/wp-content\/uploads\/apdestination-gorges-du-verdon.jpg 2000w\" sizes=\"auto, (max-width: 1024px) 100vw, 1024px\" \/><\/figure>\n\n\n\n<p><strong>Les gorges du Verdon<\/strong> En cano\u00e9, b\u00e2teau \u00e9lectrique ou de croisi\u00e8re, les gorges du Verdon se visitent le temps d&rsquo;une journ\u00e9e. Il y a le haut Verdon avec le lac de Sainte Croix aux eaux turquoises et les gorges sublimes encadr\u00e9es de falaises vertigineuses. Et les basses gorges plus sauvages qui partent du lac d&rsquo;Esparon. Un chemin am\u00e9nag\u00e9 parcourt \u00e9galement la totalit\u00e9 des gorges passant au plus pr\u00e8s de l&rsquo;eau, empruntant des passerelles et quelques tunnels <\/p>\n\n\n\n<figure class=\"wp-block-image size-large\"><img loading=\"lazy\" decoding=\"async\" width=\"1024\" height=\"546\" src=\"http:\/\/www.apdestination.com\/wp-content\/uploads\/Calanques-de-Cassis-1024x546.jpg\" alt=\"\" class=\"wp-image-4586\" srcset=\"http:\/\/www.apdestination.com\/wp-content\/uploads\/Calanques-de-Cassis-1024x546.jpg 1024w, http:\/\/www.apdestination.com\/wp-content\/uploads\/Calanques-de-Cassis-300x160.jpg 300w, http:\/\/www.apdestination.com\/wp-content\/uploads\/Calanques-de-Cassis-624x332.jpg 624w, http:\/\/www.apdestination.com\/wp-content\/uploads\/Calanques-de-Cassis.jpg 1200w\" sizes=\"auto, (max-width: 1024px) 100vw, 1024px\" \/><\/figure>\n\n\n\n<p><strong>Les Calanques de Cassis<\/strong> On ne peut passer des vacances en Provence sans aller passer une journ\u00e9e au bord de la mer. D\u00e9couvrir Cassis et ses falaises class\u00e9es, une des plus hautes d&rsquo;Europe avec 399m. Le village tr\u00e8s touristique est le point de d\u00e9part de nombreuses promenades en mer pour d\u00e9couvrir les calanques qui s&rsquo;\u00e9tendent jusqu\u2019\u00e0 Marseille. Elle se visitent \u00e9galement \u00e0 pied pour les plus courageux. <\/p>\n\n\n\n<p><\/p>\n\n\n<p><\/p>\n<p><\/p>","protected":false},"excerpt":{"rendered":"<p>Luxueuse villa dans le Sud de la France Pour un s\u00e9jour en France, on ne pouvait r\u00eaver mieux que cette belle propri\u00e9t\u00e9 situ\u00e9e dans un hameau en plein c\u0153ur du Lub\u00e9ron. L\u00e9g\u00e8rement \u00e0 l&rsquo;\u00e9cart des autres maisons pour profiter du calme, la villa est entour\u00e9e de champs de lavande. On arrive par l&rsquo;arri\u00e8re de la [&hellip;]<\/p>\n","protected":false},"author":1,"featured_media":0,"parent":0,"menu_order":0,"comment_status":"closed","ping_status":"closed","template":"","meta":{"ngg_post_thumbnail":0,"footnotes":""},"class_list":["post-2394","page","type-page","status-publish","hentry"],"_links":{"self":[{"href":"http:\/\/www.apdestination.com\/fr\/wp-json\/wp\/v2\/pages\/2394","targetHints":{"allow":["GET"]}}],"collection":[{"href":"http:\/\/www.apdestination.com\/fr\/wp-json\/wp\/v2\/pages"}],"about":[{"href":"http:\/\/www.apdestination.com\/fr\/wp-json\/wp\/v2\/types\/page"}],"author":[{"embeddable":true,"href":"http:\/\/www.apdestination.com\/fr\/wp-json\/wp\/v2\/users\/1"}],"replies":[{"embeddable":true,"href":"http:\/\/www.apdestination.com\/fr\/wp-json\/wp\/v2\/comments?post=2394"}],"version-history":[{"count":32,"href":"http:\/\/www.apdestination.com\/fr\/wp-json\/wp\/v2\/pages\/2394\/revisions"}],"predecessor-version":[{"id":8499,"href":"http:\/\/www.apdestination.com\/fr\/wp-json\/wp\/v2\/pages\/2394\/revisions\/8499"}],"wp:attachment":[{"href":"http:\/\/www.apdestination.com\/fr\/wp-json\/wp\/v2\/media?parent=2394"}],"curies":[{"name":"wp","href":"https:\/\/api.w.org\/{rel}","templated":true}]}}