{"id":187,"date":"2014-11-12T22:02:02","date_gmt":"2014-11-12T21:02:02","guid":{"rendered":"http:\/\/www.apdestination.com\/?page_id=187"},"modified":"2020-10-06T16:31:46","modified_gmt":"2020-10-06T15:31:46","slug":"contact","status":"publish","type":"page","link":"http:\/\/www.apdestination.com\/fr\/contact\/","title":{"rendered":"Contact"},"content":{"rendered":"<p><img loading=\"lazy\" decoding=\"async\" class=\"alignnone size-full wp-image-3391\" src=\"http:\/\/www.apdestination.com\/wp-content\/uploads\/titre-alpes-provence-destinationgp2.jpg\" alt=\"titre alpes provence destinationgp\" width=\"1200\" height=\"170\" srcset=\"http:\/\/www.apdestination.com\/wp-content\/uploads\/titre-alpes-provence-destinationgp2.jpg 1200w, http:\/\/www.apdestination.com\/wp-content\/uploads\/titre-alpes-provence-destinationgp2-300x42.jpg 300w, http:\/\/www.apdestination.com\/wp-content\/uploads\/titre-alpes-provence-destinationgp2-1024x145.jpg 1024w, http:\/\/www.apdestination.com\/wp-content\/uploads\/titre-alpes-provence-destinationgp2-624x88.jpg 624w\" sizes=\"auto, (max-width: 1200px) 100vw, 1200px\" \/><\/p>\n<h2>Vous souhaitez un renseignement, vous avez un projet ?<\/h2>\n<p><img loading=\"lazy\" decoding=\"async\" class=\"size-full wp-image-700 alignleft\" src=\"http:\/\/www.apdestination.com\/wp-content\/uploads\/16907637_l_20ACHETE_20d_C3_A9coup_C3_A9.png\" alt=\"16907637_l_20ACHETE_20d_C3_A9coup_C3_A9\" width=\"398\" height=\"349\" srcset=\"http:\/\/www.apdestination.com\/wp-content\/uploads\/16907637_l_20ACHETE_20d_C3_A9coup_C3_A9.png 398w, http:\/\/www.apdestination.com\/wp-content\/uploads\/16907637_l_20ACHETE_20d_C3_A9coup_C3_A9-300x263.png 300w\" sizes=\"auto, (max-width: 398px) 100vw, 398px\" \/>Voici nos coordonn\u00e9es, ou si vous pr\u00e9f\u00e9rez, un formulaire de contact. Je vous recontacterai d\u00e8s que j&rsquo;aurai pris connaissance de votre demande&#8230;<\/p>\n<p>&nbsp;<\/p>\n<p>&nbsp;<\/p>\n<p>&nbsp;<\/p>\n<p style=\"text-align: left;\">Karine<\/p>\n<p style=\"text-align: left;\">&nbsp;<\/p>\n<p style=\"text-align: left;\">T\u00e9l\u00e9phone:<strong> 04 92 73 03 52<\/strong><\/p>\n<p style=\"text-align: left;\">Mail: <a href=\"mailto:karine.apdestination@gmail.com\"><strong>karine.apdestination@gmail.com<\/strong><\/a><\/p>\n<p>&nbsp;<\/p>\n","protected":false},"excerpt":{"rendered":"<p>Vous souhaitez un renseignement, vous avez un projet ? Voici nos coordonn\u00e9es, ou si vous pr\u00e9f\u00e9rez, un formulaire de contact. Je vous recontacterai d\u00e8s que j&rsquo;aurai pris connaissance de votre demande&#8230; &nbsp; &nbsp; &nbsp; Karine &nbsp; T\u00e9l\u00e9phone: 04 92 73 03 52 Mail: karine.apdestination@gmail.com &nbsp;<\/p>\n","protected":false},"author":1,"featured_media":0,"parent":0,"menu_order":0,"comment_status":"closed","ping_status":"open","template":"","meta":{"ngg_post_thumbnail":0,"footnotes":""},"class_list":["post-187","page","type-page","status-publish","hentry"],"_links":{"self":[{"href":"http:\/\/www.apdestination.com\/fr\/wp-json\/wp\/v2\/pages\/187","targetHints":{"allow":["GET"]}}],"collection":[{"href":"http:\/\/www.apdestination.com\/fr\/wp-json\/wp\/v2\/pages"}],"about":[{"href":"http:\/\/www.apdestination.com\/fr\/wp-json\/wp\/v2\/types\/page"}],"author":[{"embeddable":true,"href":"http:\/\/www.apdestination.com\/fr\/wp-json\/wp\/v2\/users\/1"}],"replies":[{"embeddable":true,"href":"http:\/\/www.apdestination.com\/fr\/wp-json\/wp\/v2\/comments?post=187"}],"version-history":[{"count":62,"href":"http:\/\/www.apdestination.com\/fr\/wp-json\/wp\/v2\/pages\/187\/revisions"}],"predecessor-version":[{"id":575,"href":"http:\/\/www.apdestination.com\/fr\/wp-json\/wp\/v2\/pages\/187\/revisions\/575"}],"wp:attachment":[{"href":"http:\/\/www.apdestination.com\/fr\/wp-json\/wp\/v2\/media?parent=187"}],"curies":[{"name":"wp","href":"https:\/\/api.w.org\/{rel}","templated":true}]}}